{"id":17374,"date":"2023-11-09T16:19:53","date_gmt":"2023-11-09T16:19:53","guid":{"rendered":"https:\/\/bodybalance.pe\/?page_id=17374"},"modified":"2024-03-09T16:00:17","modified_gmt":"2024-03-09T16:00:17","slug":"masajes","status":"publish","type":"page","link":"https:\/\/bodybalance.pe\/en\/masajes\/","title":{"rendered":"Massages"},"content":{"rendered":"<div data-elementor-type=\"wp-page\" data-elementor-id=\"17374\" class=\"elementor elementor-17374\" data-elementor-post-type=\"page\">\n\t\t\t\t<div class=\"elementor-element elementor-element-4714a86 e-flex e-con-boxed e-con e-parent\" data-id=\"4714a86\" data-element_type=\"container\" data-e-type=\"container\">\n\t\t\t\t\t<div class=\"e-con-inner\">\n\t\t\t\t<div class=\"elementor-element elementor-element-f600c8d elementor-widget elementor-widget-heading\" data-id=\"f600c8d\" data-element_type=\"widget\" data-e-type=\"widget\" data-widget_type=\"heading.default\">\n\t\t\t\t<div class=\"elementor-widget-container\">\n\t\t\t\t\t<h3 class=\"elementor-heading-title elementor-size-default\">Massages<\/h3>\t\t\t\t<\/div>\n\t\t\t\t<\/div>\n\t\t\t\t<div class=\"elementor-element elementor-element-d4af23e elementor-widget-divider--view-line elementor-widget elementor-widget-divider\" data-id=\"d4af23e\" data-element_type=\"widget\" data-e-type=\"widget\" data-widget_type=\"divider.default\">\n\t\t\t\t<div class=\"elementor-widget-container\">\n\t\t\t\t\t\t\t<div class=\"elementor-divider\">\n\t\t\t<span class=\"elementor-divider-separator\">\n\t\t\t\t\t\t<\/span>\n\t\t<\/div>\n\t\t\t\t\t\t<\/div>\n\t\t\t\t<\/div>\n\t\t\t\t<div class=\"elementor-element elementor-element-42712c1 elementor-widget elementor-widget-text-editor\" data-id=\"42712c1\" data-element_type=\"widget\" data-e-type=\"widget\" data-widget_type=\"text-editor.default\">\n\t\t\t\t<div class=\"elementor-widget-container\">\n\t\t\t\t\t\t\t\t\t<p>Experiences just for you<\/p>\t\t\t\t\t\t\t\t<\/div>\n\t\t\t\t<\/div>\n\t\t\t\t\t<\/div>\n\t\t\t\t<\/div>\n\t\t<div class=\"elementor-element elementor-element-14a4076 e-flex e-con-boxed e-con e-parent\" data-id=\"14a4076\" data-element_type=\"container\" data-e-type=\"container\">\n\t\t\t\t\t<div class=\"e-con-inner\">\n\t\t<div class=\"elementor-element elementor-element-03fc408 e-con-full e-flex e-con e-child\" data-id=\"03fc408\" data-element_type=\"container\" data-e-type=\"container\">\n\t\t\t\t<div class=\"elementor-element elementor-element-20c85f4 elementor-widget elementor-widget-image\" data-id=\"20c85f4\" data-element_type=\"widget\" data-e-type=\"widget\" data-widget_type=\"image.default\">\n\t\t\t\t<div class=\"elementor-widget-container\">\n\t\t\t\t\t\t\t\t\t\t\t\t\t\t\t<img fetchpriority=\"high\" decoding=\"async\" width=\"845\" height=\"1024\" src=\"https:\/\/bodybalance.pe\/wp-content\/uploads\/2024\/03\/Descontracturante-845x1024.jpg\" class=\"attachment-large size-large wp-image-18571\" alt=\"\" srcset=\"https:\/\/bodybalance.pe\/wp-content\/uploads\/2024\/03\/Descontracturante-845x1024.jpg 845w, https:\/\/bodybalance.pe\/wp-content\/uploads\/2024\/03\/Descontracturante-248x300.jpg 248w, https:\/\/bodybalance.pe\/wp-content\/uploads\/2024\/03\/Descontracturante-768x931.jpg 768w, https:\/\/bodybalance.pe\/wp-content\/uploads\/2024\/03\/Descontracturante-600x727.jpg 600w, https:\/\/bodybalance.pe\/wp-content\/uploads\/2024\/03\/Descontracturante.jpg 1006w\" sizes=\"(max-width: 845px) 100vw, 845px\" \/>\t\t\t\t\t\t\t\t\t\t\t\t\t\t\t<\/div>\n\t\t\t\t<\/div>\n\t\t\t\t<div class=\"elementor-element elementor-element-e7e9581 text1 elementor-widget elementor-widget-text-editor\" data-id=\"e7e9581\" data-element_type=\"widget\" data-e-type=\"widget\" data-widget_type=\"text-editor.default\">\n\t\t\t\t<div class=\"elementor-widget-container\">\n\t\t\t\t\t\t\t\t\t<h3>Relaxing<\/h3><p style=\"text-align: left;\">It relieves muscle tension and dissolves contractures. It improves blood circulation and activates the recovery of elasticity and muscle mobility.<br \/><b>Add-ons<\/b>: Electrotherapy \u2013 Hot Compresses \u2013<br \/>Aromatherapy.<\/p><p style=\"text-align: left;\" class=\"translation-block\"><b>Duration<\/b>: 70 Minutes<\/p><p class=\"translation-block\"><b>Price<\/b>: S\/104<\/p><p><span style=\"color: #232020;\"><a style=\"color: #232020;\" href=\"https:\/\/bodybalance.pe\/en\/masaje-descontracturante\/\"><strong style=\"font-size: 18px;\">See more<\/strong><\/a><\/span> <i class=\"fa-solid fa-arrow-right-long\"><\/i><\/p>\t\t\t\t\t\t\t\t<\/div>\n\t\t\t\t<\/div>\n\t\t\t\t<\/div>\n\t\t<div class=\"elementor-element elementor-element-5b2f1a9 e-con-full e-flex e-con e-child\" data-id=\"5b2f1a9\" data-element_type=\"container\" data-e-type=\"container\">\n\t\t\t\t<div class=\"elementor-element elementor-element-6819706 elementor-widget elementor-widget-image\" data-id=\"6819706\" data-element_type=\"widget\" data-e-type=\"widget\" data-widget_type=\"image.default\">\n\t\t\t\t<div class=\"elementor-widget-container\">\n\t\t\t\t\t\t\t\t\t\t\t\t\t\t\t<img decoding=\"async\" width=\"845\" height=\"1024\" src=\"https:\/\/bodybalance.pe\/wp-content\/uploads\/2024\/03\/Relajantes-845x1024.jpg\" class=\"attachment-large size-large wp-image-18575\" alt=\"\" srcset=\"https:\/\/bodybalance.pe\/wp-content\/uploads\/2024\/03\/Relajantes-845x1024.jpg 845w, https:\/\/bodybalance.pe\/wp-content\/uploads\/2024\/03\/Relajantes-248x300.jpg 248w, https:\/\/bodybalance.pe\/wp-content\/uploads\/2024\/03\/Relajantes-768x931.jpg 768w, https:\/\/bodybalance.pe\/wp-content\/uploads\/2024\/03\/Relajantes-600x727.jpg 600w, https:\/\/bodybalance.pe\/wp-content\/uploads\/2024\/03\/Relajantes.jpg 1006w\" sizes=\"(max-width: 845px) 100vw, 845px\" \/>\t\t\t\t\t\t\t\t\t\t\t\t\t\t\t<\/div>\n\t\t\t\t<\/div>\n\t\t\t\t<div class=\"elementor-element elementor-element-ee2e99d text1 elementor-widget elementor-widget-text-editor\" data-id=\"ee2e99d\" data-element_type=\"widget\" data-e-type=\"widget\" data-widget_type=\"text-editor.default\">\n\t\t\t\t<div class=\"elementor-widget-container\">\n\t\t\t\t\t\t\t\t\t<h3>Relaxing<\/h3><p class=\"translation-block\">Ideal for those who suffer from stress and depression. Gentle movements are performed to help release tension, produce endorphins and improve well-being.<br><b>Add-ons<\/b>: Hot Compresses + Aromatherapy<br><strong>Duration<\/strong>: 70 Minutes<\/p><p><strong>Price:<\/strong> S\/.104<\/p><p><span style=\"color: #000000;\"><a style=\"color: #000000;\" href=\"https:\/\/bodybalance.pe\/en\/relajantes\/\"><strong style=\"font-size: 18px;\">See more<\/strong><\/a><\/span> <i class=\"fa-solid fa-arrow-right-long\"><\/i><\/p>\t\t\t\t\t\t\t\t<\/div>\n\t\t\t\t<\/div>\n\t\t\t\t<\/div>\n\t\t\t\t\t<\/div>\n\t\t\t\t<\/div>\n\t\t<div class=\"elementor-element elementor-element-5c85921 e-flex e-con-boxed e-con e-parent\" data-id=\"5c85921\" data-element_type=\"container\" data-e-type=\"container\">\n\t\t\t\t\t<div class=\"e-con-inner\">\n\t\t<div class=\"elementor-element elementor-element-58ccc26 e-con-full e-flex e-con e-child\" data-id=\"58ccc26\" data-element_type=\"container\" data-e-type=\"container\">\n\t\t\t\t<div class=\"elementor-element elementor-element-f703b62 elementor-widget elementor-widget-image\" data-id=\"f703b62\" data-element_type=\"widget\" data-e-type=\"widget\" data-widget_type=\"image.default\">\n\t\t\t\t<div class=\"elementor-widget-container\">\n\t\t\t\t\t\t\t\t\t\t\t\t\t\t\t<img decoding=\"async\" width=\"845\" height=\"1024\" src=\"https:\/\/bodybalance.pe\/wp-content\/uploads\/2024\/03\/fot1-845x1024.jpg\" class=\"attachment-large size-large wp-image-18732\" alt=\"\" srcset=\"https:\/\/bodybalance.pe\/wp-content\/uploads\/2024\/03\/fot1-845x1024.jpg 845w, https:\/\/bodybalance.pe\/wp-content\/uploads\/2024\/03\/fot1-248x300.jpg 248w, https:\/\/bodybalance.pe\/wp-content\/uploads\/2024\/03\/fot1-768x931.jpg 768w, https:\/\/bodybalance.pe\/wp-content\/uploads\/2024\/03\/fot1-600x727.jpg 600w, https:\/\/bodybalance.pe\/wp-content\/uploads\/2024\/03\/fot1.jpg 1006w\" sizes=\"(max-width: 845px) 100vw, 845px\" \/>\t\t\t\t\t\t\t\t\t\t\t\t\t\t\t<\/div>\n\t\t\t\t<\/div>\n\t\t\t\t<div class=\"elementor-element elementor-element-345c272 text1 elementor-widget elementor-widget-text-editor\" data-id=\"345c272\" data-element_type=\"widget\" data-e-type=\"widget\" data-widget_type=\"text-editor.default\">\n\t\t\t\t<div class=\"elementor-widget-container\">\n\t\t\t\t\t\t\t\t\t<h3>Body Balance<\/h3><p>Complete well-being! A combination of relaxing massages, reflexology and electrotherapy will take you to a state of deep relaxation.<br \/><b> Add-ons<\/b>: Electrotherapy or Cupping + Hot Stones + Hot Compresses + Aromatherapy<\/p><p><b style=\"color: var( --e-global-color-text ); font-family: var( --e-global-typography-text-font-family ), Sans-serif; text-align: var(--text-align);\">Price:<\/b><span style=\"color: var( --e-global-color-text ); font-family: var( --e-global-typography-text-font-family ), Sans-serif; font-weight: var( --e-global-typography-text-font-weight ); text-align: var(--text-align);\">: S\/.140 <\/span><\/p><p><a href=\"https:\/\/bodybalance.pe\/en\/body-balance-4\/\"><span style=\"color: #000000;\"><strong style=\"font-size: 18px;\">See more <\/strong><\/span><\/a><i class=\"fa-solid fa-arrow-right-long\">\u00a0<\/i><\/p>\t\t\t\t\t\t\t\t<\/div>\n\t\t\t\t<\/div>\n\t\t\t\t<\/div>\n\t\t<div class=\"elementor-element elementor-element-5669225 e-con-full e-flex e-con e-child\" data-id=\"5669225\" data-element_type=\"container\" data-e-type=\"container\">\n\t\t\t\t<div class=\"elementor-element elementor-element-ca35119 elementor-widget elementor-widget-image\" data-id=\"ca35119\" data-element_type=\"widget\" data-e-type=\"widget\" data-widget_type=\"image.default\">\n\t\t\t\t<div class=\"elementor-widget-container\">\n\t\t\t\t\t\t\t\t\t\t\t\t\t\t\t<img loading=\"lazy\" decoding=\"async\" width=\"845\" height=\"1024\" src=\"https:\/\/bodybalance.pe\/wp-content\/uploads\/2024\/03\/Reductores-845x1024.jpg\" class=\"attachment-large size-large wp-image-18577\" alt=\"\" srcset=\"https:\/\/bodybalance.pe\/wp-content\/uploads\/2024\/03\/Reductores-845x1024.jpg 845w, https:\/\/bodybalance.pe\/wp-content\/uploads\/2024\/03\/Reductores-248x300.jpg 248w, https:\/\/bodybalance.pe\/wp-content\/uploads\/2024\/03\/Reductores-768x931.jpg 768w, https:\/\/bodybalance.pe\/wp-content\/uploads\/2024\/03\/Reductores-600x727.jpg 600w, https:\/\/bodybalance.pe\/wp-content\/uploads\/2024\/03\/Reductores.jpg 1006w\" sizes=\"(max-width: 845px) 100vw, 845px\" \/>\t\t\t\t\t\t\t\t\t\t\t\t\t\t\t<\/div>\n\t\t\t\t<\/div>\n\t\t\t\t<div class=\"elementor-element elementor-element-b350324 text1 elementor-widget elementor-widget-text-editor\" data-id=\"b350324\" data-element_type=\"widget\" data-e-type=\"widget\" data-widget_type=\"text-editor.default\">\n\t\t\t\t<div class=\"elementor-widget-container\">\n\t\t\t\t\t\t\t\t\t<h3>Reducers<\/h3><p><span id=\"page8R_mcid8\" class=\"markedContent\"><span dir=\"ltr\" role=\"presentation\">Helps reduce fat accumulation, releasing\u00a0<\/span><\/span><span id=\"page8R_mcid9\" class=\"markedContent\"><span dir=\"ltr\" role=\"presentation\">las toxinas acumuladas en la zona tratada, mejorando\u00a0<\/span><\/span><span id=\"page8R_mcid10\" class=\"markedContent\"><span dir=\"ltr\" role=\"presentation\">el tono muscular, ayudando a que la piel se reafirme y\u00a0<\/span><\/span><span id=\"page8R_mcid11\" class=\"markedContent\"><span dir=\"ltr\" role=\"presentation\">se adhiera nuevamente al cuerpo\u00a0<\/span><\/span><span id=\"page8R_mcid13\" class=\"markedContent\"><span dir=\"ltr\" role=\"presentation\">Terapia manual, acompa\u00f1ado de cremas personalizada + reafirmante.<\/span><\/span><b><br \/>Add-ons<\/b>: Wooden Rollers + Russian Flow + Swedish Cups\u00a0<\/p><p><b>Price:<\/b>:3 session package S\/.420<br \/>Paquete de 5 Sesiones S\/.650<br \/>Package of 10 Sessions S\/.1200<\/p><p><span style=\"color: #000000;\"><a style=\"color: #000000;\" href=\"https:\/\/bodybalance.pe\/en\/reductores\/\"><strong style=\"font-family: var( --e-global-typography-text-font-family ), Sans-serif; text-align: var(--text-align); font-size: 18px;\">See more <\/strong><\/a><\/span><i class=\"fa-solid fa-arrow-right-long\"> \u00a0<\/i><\/p>\t\t\t\t\t\t\t\t<\/div>\n\t\t\t\t<\/div>\n\t\t\t\t<\/div>\n\t\t\t\t\t<\/div>\n\t\t\t\t<\/div>\n\t\t<div class=\"elementor-element elementor-element-2fba122 e-flex e-con-boxed e-con e-parent\" data-id=\"2fba122\" data-element_type=\"container\" data-e-type=\"container\">\n\t\t\t\t\t<div class=\"e-con-inner\">\n\t\t<div class=\"elementor-element elementor-element-10ab580 e-con-full e-flex e-con e-child\" data-id=\"10ab580\" data-element_type=\"container\" data-e-type=\"container\">\n\t\t\t\t<div class=\"elementor-element elementor-element-c8ae1de elementor-widget elementor-widget-image\" data-id=\"c8ae1de\" data-element_type=\"widget\" data-e-type=\"widget\" data-widget_type=\"image.default\">\n\t\t\t\t<div class=\"elementor-widget-container\">\n\t\t\t\t\t\t\t\t\t\t\t\t\t\t\t<img loading=\"lazy\" decoding=\"async\" width=\"845\" height=\"1024\" src=\"https:\/\/bodybalance.pe\/wp-content\/uploads\/2024\/03\/Bambooex-845x1024.jpg\" class=\"attachment-large size-large wp-image-18578\" alt=\"\" srcset=\"https:\/\/bodybalance.pe\/wp-content\/uploads\/2024\/03\/Bambooex-845x1024.jpg 845w, https:\/\/bodybalance.pe\/wp-content\/uploads\/2024\/03\/Bambooex-248x300.jpg 248w, https:\/\/bodybalance.pe\/wp-content\/uploads\/2024\/03\/Bambooex-768x931.jpg 768w, https:\/\/bodybalance.pe\/wp-content\/uploads\/2024\/03\/Bambooex-600x727.jpg 600w, https:\/\/bodybalance.pe\/wp-content\/uploads\/2024\/03\/Bambooex.jpg 1006w\" sizes=\"(max-width: 845px) 100vw, 845px\" \/>\t\t\t\t\t\t\t\t\t\t\t\t\t\t\t<\/div>\n\t\t\t\t<\/div>\n\t\t\t\t<div class=\"elementor-element elementor-element-026b8db text1 elementor-widget elementor-widget-text-editor\" data-id=\"026b8db\" data-element_type=\"widget\" data-e-type=\"widget\" data-widget_type=\"text-editor.default\">\n\t\t\t\t<div class=\"elementor-widget-container\">\n\t\t\t\t\t\t\t\t\t<h3>Bamboo Experience<\/h3>\n<p>Total relaxation, acts directly on the nerve endings causing a sedative effect, helps to decongest the muscles causing a unique disconnection Combination of massages with Bamboo rollers and Decontracting Massages<br><b>Add-ons<\/b>: Bamboo Rollers + Hot Compresses and Essential Aromas<\/p>\n<p class=\"translation-block\"><b>Price<\/b>: S\/130<\/p>\n<p><span style=\"color: #000000;\"><a style=\"color: #000000;\" href=\"https:\/\/bodybalance.pe\/en\/bamboo-experience\/\"><strong style=\"font-size: 18px;\">See more <\/strong><\/a><\/span><i class=\"fa-solid fa-arrow-right-long\"><\/i><\/p>\t\t\t\t\t\t\t\t<\/div>\n\t\t\t\t<\/div>\n\t\t\t\t<\/div>\n\t\t<div class=\"elementor-element elementor-element-d4dd15d e-con-full e-flex e-con e-child\" data-id=\"d4dd15d\" data-element_type=\"container\" data-e-type=\"container\">\n\t\t\t\t<div class=\"elementor-element elementor-element-f4f1323 elementor-widget elementor-widget-image\" data-id=\"f4f1323\" data-element_type=\"widget\" data-e-type=\"widget\" data-widget_type=\"image.default\">\n\t\t\t\t<div class=\"elementor-widget-container\">\n\t\t\t\t\t\t\t\t\t\t\t\t\t\t\t<img loading=\"lazy\" decoding=\"async\" width=\"845\" height=\"1024\" src=\"https:\/\/bodybalance.pe\/wp-content\/uploads\/2024\/03\/fot2-845x1024.jpg\" class=\"attachment-large size-large wp-image-18733\" alt=\"\" srcset=\"https:\/\/bodybalance.pe\/wp-content\/uploads\/2024\/03\/fot2-845x1024.jpg 845w, https:\/\/bodybalance.pe\/wp-content\/uploads\/2024\/03\/fot2-248x300.jpg 248w, https:\/\/bodybalance.pe\/wp-content\/uploads\/2024\/03\/fot2-768x931.jpg 768w, https:\/\/bodybalance.pe\/wp-content\/uploads\/2024\/03\/fot2-600x727.jpg 600w, https:\/\/bodybalance.pe\/wp-content\/uploads\/2024\/03\/fot2.jpg 1006w\" sizes=\"(max-width: 845px) 100vw, 845px\" \/>\t\t\t\t\t\t\t\t\t\t\t\t\t\t\t<\/div>\n\t\t\t\t<\/div>\n\t\t\t\t<div class=\"elementor-element elementor-element-17e8ee6 text1 elementor-widget elementor-widget-text-editor\" data-id=\"17e8ee6\" data-element_type=\"widget\" data-e-type=\"widget\" data-widget_type=\"text-editor.default\">\n\t\t\t\t<div class=\"elementor-widget-container\">\n\t\t\t\t\t\t\t\t\t<h3>Sports Massage<\/h3><p>Special for people who perform continuous physical activity. Muscle releases help with post-workout or post-competition recovery.<br \/>Choose an area. Reflexotherapy, focused decontracting manual therapy.<br \/><b> Add-ons<\/b>: Electrotherapy + Hot and Cold Compresses<\/p><p><b>Price:<\/b>: S\/.120<\/p><p><a href=\"https:\/\/bodybalance.pe\/en\/deportivo\/\"><span style=\"color: #000000;\"><strong style=\"font-size: 18px;\">See more <\/strong><\/span><\/a><i class=\"fa-solid fa-arrow-right-long\"><\/i><\/p>\t\t\t\t\t\t\t\t<\/div>\n\t\t\t\t<\/div>\n\t\t\t\t<\/div>\n\t\t\t\t\t<\/div>\n\t\t\t\t<\/div>\n\t\t<div class=\"elementor-element elementor-element-af298ba e-flex e-con-boxed e-con e-parent\" data-id=\"af298ba\" data-element_type=\"container\" data-e-type=\"container\">\n\t\t\t\t\t<div class=\"e-con-inner\">\n\t\t<div class=\"elementor-element elementor-element-ad0a6fe e-con-full e-flex e-con e-child\" data-id=\"ad0a6fe\" data-element_type=\"container\" data-e-type=\"container\">\n\t\t\t\t<div class=\"elementor-element elementor-element-6204e0c elementor-widget elementor-widget-image\" data-id=\"6204e0c\" data-element_type=\"widget\" data-e-type=\"widget\" data-widget_type=\"image.default\">\n\t\t\t\t<div class=\"elementor-widget-container\">\n\t\t\t\t\t\t\t\t\t\t\t\t\t\t\t<img loading=\"lazy\" decoding=\"async\" width=\"845\" height=\"1024\" src=\"https:\/\/bodybalance.pe\/wp-content\/uploads\/2024\/03\/Reflexoterapia-845x1024.jpg\" class=\"attachment-large size-large wp-image-18579\" alt=\"\" srcset=\"https:\/\/bodybalance.pe\/wp-content\/uploads\/2024\/03\/Reflexoterapia-845x1024.jpg 845w, https:\/\/bodybalance.pe\/wp-content\/uploads\/2024\/03\/Reflexoterapia-248x300.jpg 248w, https:\/\/bodybalance.pe\/wp-content\/uploads\/2024\/03\/Reflexoterapia-768x931.jpg 768w, https:\/\/bodybalance.pe\/wp-content\/uploads\/2024\/03\/Reflexoterapia-600x727.jpg 600w, https:\/\/bodybalance.pe\/wp-content\/uploads\/2024\/03\/Reflexoterapia.jpg 1006w\" sizes=\"(max-width: 845px) 100vw, 845px\" \/>\t\t\t\t\t\t\t\t\t\t\t\t\t\t\t<\/div>\n\t\t\t\t<\/div>\n\t\t\t\t<div class=\"elementor-element elementor-element-ed3d944 text1 elementor-widget elementor-widget-text-editor\" data-id=\"ed3d944\" data-element_type=\"widget\" data-e-type=\"widget\" data-widget_type=\"text-editor.default\">\n\t\t\t\t<div class=\"elementor-widget-container\">\n\t\t\t\t\t\t\t\t\t<h3>Reflexotherapy<\/h3><p><span id=\"page10R_mcid0\" class=\"markedContent\"><span dir=\"ltr\" role=\"presentation\">Points on the foot called zones are stimulated. <\/span><\/span><span id=\"page10R_mcid1\" class=\"markedContent\"><span dir=\"ltr\" role=\"presentation\">body reflex. Heat is used to activate the <\/span><\/span><span id=\"page10R_mcid2\" class=\"markedContent\"><span dir=\"ltr\" role=\"presentation\">sensibilidad ideal para pies cansados.<\/span><\/span><span id=\"page10R_mcid3\" class=\"markedContent\"><br role=\"presentation\" \/><span dir=\"ltr\" role=\"presentation\">Massages focused on the sole, instep and toes<\/span><\/span><span id=\"page10R_mcid4\" class=\"markedContent\"><br role=\"presentation\" \/><span dir=\"ltr\" role=\"presentation\"><b>Add-ons<\/b>: Exfoliating Cream and Moisturizing Cream<\/span><\/span><\/p><p><b style=\"color: var( --e-global-color-text ); font-family: var( --e-global-typography-text-font-family ), Sans-serif; text-align: var(--text-align);\">Price:<\/b><span style=\"color: var( --e-global-color-text ); font-family: var( --e-global-typography-text-font-family ), Sans-serif; font-weight: var( --e-global-typography-text-font-weight ); text-align: var(--text-align);\">: S\/.104<\/span><\/p><p><a href=\"https:\/\/bodybalance.pe\/en\/reflexoterapia\/\"><span style=\"color: #000000;\"><strong style=\"font-size: 18px;\">See more <\/strong><\/span><\/a><i class=\"fa-solid fa-arrow-right-long\">\u00a0<\/i><\/p>\t\t\t\t\t\t\t\t<\/div>\n\t\t\t\t<\/div>\n\t\t\t\t<\/div>\n\t\t<div class=\"elementor-element elementor-element-8641f01 e-con-full e-flex e-con e-child\" data-id=\"8641f01\" data-element_type=\"container\" data-e-type=\"container\">\n\t\t\t\t<div class=\"elementor-element elementor-element-4e2ee24 elementor-widget elementor-widget-image\" data-id=\"4e2ee24\" data-element_type=\"widget\" data-e-type=\"widget\" data-widget_type=\"image.default\">\n\t\t\t\t<div class=\"elementor-widget-container\">\n\t\t\t\t\t\t\t\t\t\t\t\t\t\t\t<img loading=\"lazy\" decoding=\"async\" width=\"845\" height=\"1024\" src=\"https:\/\/bodybalance.pe\/wp-content\/uploads\/2024\/03\/Terapeutico-845x1024.jpg\" class=\"attachment-large size-large wp-image-18583\" alt=\"\" srcset=\"https:\/\/bodybalance.pe\/wp-content\/uploads\/2024\/03\/Terapeutico-845x1024.jpg 845w, https:\/\/bodybalance.pe\/wp-content\/uploads\/2024\/03\/Terapeutico-248x300.jpg 248w, https:\/\/bodybalance.pe\/wp-content\/uploads\/2024\/03\/Terapeutico-768x931.jpg 768w, https:\/\/bodybalance.pe\/wp-content\/uploads\/2024\/03\/Terapeutico-600x727.jpg 600w, https:\/\/bodybalance.pe\/wp-content\/uploads\/2024\/03\/Terapeutico.jpg 1006w\" sizes=\"(max-width: 845px) 100vw, 845px\" \/>\t\t\t\t\t\t\t\t\t\t\t\t\t\t\t<\/div>\n\t\t\t\t<\/div>\n\t\t\t\t<div class=\"elementor-element elementor-element-0739459 text1 elementor-widget elementor-widget-text-editor\" data-id=\"0739459\" data-element_type=\"widget\" data-e-type=\"widget\" data-widget_type=\"text-editor.default\">\n\t\t\t\t<div class=\"elementor-widget-container\">\n\t\t\t\t\t\t\t\t\t<h3><span id=\"page10R_mcid45\" class=\"markedContent\"><span dir=\"ltr\" role=\"presentation\">Therapeutic<\/span><\/span><\/h3>\n<h4 style=\"color:#000; font-size:25px; margin-top:-15px;\"><span id=\"page10R_mcid45\" class=\"markedContent\"><span dir=\"ltr\" role=\"presentation\"> (Dry Puncture)<\/span><\/span><\/h4>\n<p class=\"translation-block\"><span id=\"page10R_mcid37\" class=\"markedContent\"><span dir=\"ltr\" role=\"presentation\">Alivia el dolor desde la primera sesi\u00f3n, esta t\u00e9cnica <\/span><\/span><span id=\"page10R_mcid38\" class=\"markedContent\"><span dir=\"ltr\" role=\"presentation\">permite llegar a zonas m\u00e1s profundas, lo que la <\/span><\/span><span id=\"page10R_mcid39\" class=\"markedContent\"><span dir=\"ltr\" role=\"presentation\">convierte en una terapia muy efectiva, especialmente <\/span><\/span><span id=\"page10R_mcid40\" class=\"markedContent\"><span dir=\"ltr\" role=\"presentation\">en contracturas cr\u00f3nicas.<\/span><\/span><span id=\"page10R_mcid41\" class=\"markedContent\"><br role=\"presentation\"><span dir=\"ltr\" role=\"presentation\"><b>Complementos:<\/b> Agujas de Punci\u00f3n Seca + Compresas Calientes y&nbsp;<\/span><\/span><span id=\"page10R_mcid42\" class=\"markedContent\"><span dir=\"ltr\" role=\"presentation\">Aromas Esenciales<\/span><\/span><span id=\"page10R_mcid43\" class=\"markedContent\"><br role=\"presentation\"><span dir=\"ltr\" role=\"presentation\"><strong>Precio<\/strong>: S\/.470<\/span><\/span><\/p><p><span style=\"text-align: var(--text-align); color: rgb(0, 0, 0);\"><a style=\"color: #000000;\" href=\"https:\/\/bodybalance.pe\/en\/terapeutico-puncion-seca\/\"><strong style=\"font-family: var( --e-global-typography-text-font-family ), Sans-serif; text-align: var(--text-align); font-size: 18px;\">See more <\/strong><\/a><\/span><i class=\"fa-solid fa-arrow-right-long\" style=\"color: var( --e-global-color-text ); text-align: var(--text-align);\">&nbsp;&nbsp;<\/i><\/p>\t\t\t\t\t\t\t\t<\/div>\n\t\t\t\t<\/div>\n\t\t\t\t<\/div>\n\t\t\t\t\t<\/div>\n\t\t\t\t<\/div>\n\t\t\t\t<\/div>","protected":false},"excerpt":{"rendered":"<p>Masajes Experiencias solo para ti Descontracturantes Alivia las tensiones de los m\u00fasculos y disuelve las contracturas. Mejora la circulaci\u00f3n sanguinea; activa la recuperaci\u00f3n de elasticidad y movilidad muscular.Complementos: Electroterapia &#8211; Compresas Calientes &#8211;Aromaterapia. Duraci\u00f3n: 70 Minutos Precio: S\/104 Ver m\u00e1s Relajantes Ideal para quienes sufren de estr\u00e9s, depresi\u00f3n. Se realizan movimientos suaves que ayudan a [&hellip;]<\/p>\n","protected":false},"author":1,"featured_media":0,"parent":0,"menu_order":0,"comment_status":"closed","ping_status":"closed","template":"","meta":{"_uf_show_specific_survey":0,"_uf_disable_surveys":false,"_joinchat":[],"footnotes":""},"class_list":["post-17374","page","type-page","status-publish","hentry"],"aioseo_notices":[],"_links":{"self":[{"href":"https:\/\/bodybalance.pe\/en\/wp-json\/wp\/v2\/pages\/17374","targetHints":{"allow":["GET"]}}],"collection":[{"href":"https:\/\/bodybalance.pe\/en\/wp-json\/wp\/v2\/pages"}],"about":[{"href":"https:\/\/bodybalance.pe\/en\/wp-json\/wp\/v2\/types\/page"}],"author":[{"embeddable":true,"href":"https:\/\/bodybalance.pe\/en\/wp-json\/wp\/v2\/users\/1"}],"replies":[{"embeddable":true,"href":"https:\/\/bodybalance.pe\/en\/wp-json\/wp\/v2\/comments?post=17374"}],"version-history":[{"count":232,"href":"https:\/\/bodybalance.pe\/en\/wp-json\/wp\/v2\/pages\/17374\/revisions"}],"predecessor-version":[{"id":18893,"href":"https:\/\/bodybalance.pe\/en\/wp-json\/wp\/v2\/pages\/17374\/revisions\/18893"}],"wp:attachment":[{"href":"https:\/\/bodybalance.pe\/en\/wp-json\/wp\/v2\/media?parent=17374"}],"curies":[{"name":"wp","href":"https:\/\/api.w.org\/{rel}","templated":true}]}}