{"id":17563,"date":"2023-11-10T15:17:44","date_gmt":"2023-11-10T15:17:44","guid":{"rendered":"https:\/\/bodybalance.pe\/?page_id=17563"},"modified":"2023-11-10T15:19:42","modified_gmt":"2023-11-10T15:19:42","slug":"body-balance-3","status":"publish","type":"page","link":"https:\/\/bodybalance.pe\/en\/body-balance-3\/","title":{"rendered":"Body Balance"},"content":{"rendered":"<div data-elementor-type=\"wp-page\" data-elementor-id=\"17563\" class=\"elementor elementor-17563\" data-elementor-post-type=\"page\">\n\t\t\t\t<div class=\"elementor-element elementor-element-215d9700 e-flex e-con-boxed e-con e-parent\" data-id=\"215d9700\" data-element_type=\"container\" data-e-type=\"container\">\n\t\t\t\t\t<div class=\"e-con-inner\">\n\t\t<div class=\"elementor-element elementor-element-3bee6f e-con-full e-flex e-con e-child\" data-id=\"3bee6f\" data-element_type=\"container\" data-e-type=\"container\">\n\t\t\t\t<div class=\"elementor-element elementor-element-2a0f4400 elementor-widget elementor-widget-heading\" data-id=\"2a0f4400\" data-element_type=\"widget\" data-e-type=\"widget\" data-widget_type=\"heading.default\">\n\t\t\t\t<div class=\"elementor-widget-container\">\n\t\t\t\t\t<h3 class=\"elementor-heading-title elementor-size-default\">Body Balance<\/h3>\t\t\t\t<\/div>\n\t\t\t\t<\/div>\n\t\t\t\t<div class=\"elementor-element elementor-element-4e41b0b1 elementor-widget elementor-widget-button\" data-id=\"4e41b0b1\" data-element_type=\"widget\" data-e-type=\"widget\" data-widget_type=\"button.default\">\n\t\t\t\t<div class=\"elementor-widget-container\">\n\t\t\t\t\t\t\t\t\t<div class=\"elementor-button-wrapper\">\n\t\t\t\t\t<a class=\"elementor-button elementor-button-link elementor-size-sm\" href=\"#contacto\">\n\t\t\t\t\t\t<span class=\"elementor-button-content-wrapper\">\n\t\t\t\t\t\t\t\t\t<span class=\"elementor-button-text\">Reserva Ahora<\/span>\n\t\t\t\t\t<\/span>\n\t\t\t\t\t<\/a>\n\t\t\t\t<\/div>\n\t\t\t\t\t\t\t\t<\/div>\n\t\t\t\t<\/div>\n\t\t\t\t<\/div>\n\t\t<div class=\"elementor-element elementor-element-7838af77 e-con-full e-flex e-con e-child\" data-id=\"7838af77\" data-element_type=\"container\" data-e-type=\"container\">\n\t\t\t\t<div class=\"elementor-element elementor-element-64c057f6 elementor-widget-divider--view-line elementor-widget elementor-widget-divider\" data-id=\"64c057f6\" data-element_type=\"widget\" data-e-type=\"widget\" data-widget_type=\"divider.default\">\n\t\t\t\t<div class=\"elementor-widget-container\">\n\t\t\t\t\t\t\t<div class=\"elementor-divider\">\n\t\t\t<span class=\"elementor-divider-separator\">\n\t\t\t\t\t\t<\/span>\n\t\t<\/div>\n\t\t\t\t\t\t<\/div>\n\t\t\t\t<\/div>\n\t\t\t\t<div class=\"elementor-element elementor-element-627a9e09 elementor-widget elementor-widget-text-editor\" data-id=\"627a9e09\" data-element_type=\"widget\" data-e-type=\"widget\" data-widget_type=\"text-editor.default\">\n\t\t\t\t<div class=\"elementor-widget-container\">\n\t\t\t\t\t\t\t\t\t<p>Duraci\u00f3n: 100 minutos<\/p>\t\t\t\t\t\t\t\t<\/div>\n\t\t\t\t<\/div>\n\t\t\t\t<div class=\"elementor-element elementor-element-464101e7 elementor-widget-divider--view-line elementor-widget elementor-widget-divider\" data-id=\"464101e7\" data-element_type=\"widget\" data-e-type=\"widget\" data-widget_type=\"divider.default\">\n\t\t\t\t<div class=\"elementor-widget-container\">\n\t\t\t\t\t\t\t<div class=\"elementor-divider\">\n\t\t\t<span class=\"elementor-divider-separator\">\n\t\t\t\t\t\t<\/span>\n\t\t<\/div>\n\t\t\t\t\t\t<\/div>\n\t\t\t\t<\/div>\n\t\t\t\t<div class=\"elementor-element elementor-element-6288cc50 elementor-widget elementor-widget-text-editor\" data-id=\"6288cc50\" data-element_type=\"widget\" data-e-type=\"widget\" data-widget_type=\"text-editor.default\">\n\t\t\t\t<div class=\"elementor-widget-container\">\n\t\t\t\t\t\t\t\t\t<p>Precio : S\/.140<\/p>\t\t\t\t\t\t\t\t<\/div>\n\t\t\t\t<\/div>\n\t\t\t\t<div class=\"elementor-element elementor-element-655d6033 elementor-widget-divider--view-line elementor-widget elementor-widget-divider\" data-id=\"655d6033\" data-element_type=\"widget\" data-e-type=\"widget\" data-widget_type=\"divider.default\">\n\t\t\t\t<div class=\"elementor-widget-container\">\n\t\t\t\t\t\t\t<div class=\"elementor-divider\">\n\t\t\t<span class=\"elementor-divider-separator\">\n\t\t\t\t\t\t<\/span>\n\t\t<\/div>\n\t\t\t\t\t\t<\/div>\n\t\t\t\t<\/div>\n\t\t\t\t<div class=\"elementor-element elementor-element-329cfa0b elementor-widget elementor-widget-text-editor\" data-id=\"329cfa0b\" data-element_type=\"widget\" data-e-type=\"widget\" data-widget_type=\"text-editor.default\">\n\t\t\t\t<div class=\"elementor-widget-container\">\n\t\t\t\t\t\t\t\t\t<p><span id=\"page7R_mcid31\" class=\"markedContent\"><span dir=\"ltr\" role=\"presentation\">\u00a1Full bienestar! Combinaci\u00f3n de masajes<\/span><\/span><span id=\"page7R_mcid32\" class=\"markedContent\"><br role=\"presentation\" \/><span dir=\"ltr\" role=\"presentation\">descontracturantes, relajante, reflexoterapia y<\/span><\/span><span id=\"page7R_mcid33\" class=\"markedContent\"><br role=\"presentation\" \/><span dir=\"ltr\" role=\"presentation\">electroterapia, te llevar\u00e1n a un estado de relajaci\u00f3n<\/span><\/span><span id=\"page7R_mcid34\" class=\"markedContent\"><br role=\"presentation\" \/><span dir=\"ltr\" role=\"presentation\">profunda.<\/span><\/span><span id=\"page7R_mcid35\" class=\"markedContent\"><br role=\"presentation\" \/><span dir=\"ltr\" role=\"presentation\"><strong>Add-ons<\/strong>: Electroterapia o Ventosas +<\/span><\/span><span id=\"page7R_mcid36\" class=\"markedContent\"> <span dir=\"ltr\" role=\"presentation\">Piedras Calientes<\/span><\/span><span id=\"page7R_mcid37\" class=\"markedContent\"> <span dir=\"ltr\" role=\"presentation\">o<\/span><\/span><span id=\"page7R_mcid38\" class=\"markedContent\"><br role=\"presentation\" \/><span dir=\"ltr\" role=\"presentation\">Esferas Chinas<\/span><\/span><span id=\"page7R_mcid39\" class=\"markedContent\"> <span dir=\"ltr\" role=\"presentation\">o<\/span><\/span><span id=\"page7R_mcid40\" class=\"markedContent\"> <span dir=\"ltr\" role=\"presentation\">Bambuterapia<\/span><\/span><span id=\"page7R_mcid41\" class=\"markedContent\"> <span dir=\"ltr\" role=\"presentation\">+ Compresas Calientes +<\/span><\/span><span id=\"page7R_mcid42\" class=\"markedContent\"><br role=\"presentation\" \/><span dir=\"ltr\" role=\"presentation\">Aromaterapia<\/span><\/span><\/p>\t\t\t\t\t\t\t\t<\/div>\n\t\t\t\t<\/div>\n\t\t\t\t<\/div>\n\t\t\t\t\t<\/div>\n\t\t\t\t<\/div>\n\t\t<div class=\"elementor-element elementor-element-3aef563d e-flex e-con-boxed e-con e-parent\" data-id=\"3aef563d\" data-element_type=\"container\" data-e-type=\"container\">\n\t\t\t\t\t<div class=\"e-con-inner\">\n\t\t<div class=\"elementor-element elementor-element-55c3ecee e-con-full e-flex e-con e-child\" data-id=\"55c3ecee\" data-element_type=\"container\" data-e-type=\"container\">\n\t\t\t\t<div class=\"elementor-element elementor-element-51d7926e elementor-widget elementor-widget-image\" data-id=\"51d7926e\" data-element_type=\"widget\" data-e-type=\"widget\" data-widget_type=\"image.default\">\n\t\t\t\t<div class=\"elementor-widget-container\">\n\t\t\t\t\t\t\t\t\t\t\t\t\t\t\t<img decoding=\"async\" src=\"https:\/\/bodybalance.pe\/wp-content\/plugins\/elementor\/assets\/images\/placeholder.png\" title=\"\" alt=\"\" loading=\"lazy\" \/>\t\t\t\t\t\t\t\t\t\t\t\t\t\t\t<\/div>\n\t\t\t\t<\/div>\n\t\t\t\t<div class=\"elementor-element elementor-element-4555add5 elementor-widget elementor-widget-image\" data-id=\"4555add5\" data-element_type=\"widget\" data-e-type=\"widget\" data-widget_type=\"image.default\">\n\t\t\t\t<div class=\"elementor-widget-container\">\n\t\t\t\t\t\t\t\t\t\t\t\t\t\t\t<img decoding=\"async\" src=\"https:\/\/bodybalance.pe\/wp-content\/plugins\/elementor\/assets\/images\/placeholder.png\" title=\"\" alt=\"\" loading=\"lazy\" \/>\t\t\t\t\t\t\t\t\t\t\t\t\t\t\t<\/div>\n\t\t\t\t<\/div>\n\t\t\t\t<\/div>\n\t\t<div class=\"elementor-element elementor-element-1511b11d e-con-full e-flex e-con e-child\" data-id=\"1511b11d\" data-element_type=\"container\" data-e-type=\"container\">\n\t\t\t\t<div class=\"elementor-element elementor-element-2a761810 elementor-widget elementor-widget-image\" data-id=\"2a761810\" data-element_type=\"widget\" data-e-type=\"widget\" data-widget_type=\"image.default\">\n\t\t\t\t<div class=\"elementor-widget-container\">\n\t\t\t\t\t\t\t\t\t\t\t\t\t\t\t<img decoding=\"async\" src=\"https:\/\/bodybalance.pe\/wp-content\/plugins\/elementor\/assets\/images\/placeholder.png\" title=\"\" alt=\"\" loading=\"lazy\" \/>\t\t\t\t\t\t\t\t\t\t\t\t\t\t\t<\/div>\n\t\t\t\t<\/div>\n\t\t\t\t<div class=\"elementor-element elementor-element-5e8ea4db elementor-widget elementor-widget-image\" data-id=\"5e8ea4db\" data-element_type=\"widget\" data-e-type=\"widget\" data-widget_type=\"image.default\">\n\t\t\t\t<div class=\"elementor-widget-container\">\n\t\t\t\t\t\t\t\t\t\t\t\t\t\t\t<img decoding=\"async\" src=\"https:\/\/bodybalance.pe\/wp-content\/plugins\/elementor\/assets\/images\/placeholder.png\" title=\"\" alt=\"\" loading=\"lazy\" \/>\t\t\t\t\t\t\t\t\t\t\t\t\t\t\t<\/div>\n\t\t\t\t<\/div>\n\t\t\t\t<\/div>\n\t\t\t\t\t<\/div>\n\t\t\t\t<\/div>\n\t\t<div class=\"elementor-element elementor-element-7db8aa04 e-flex e-con-boxed e-con e-parent\" data-id=\"7db8aa04\" data-element_type=\"container\" data-e-type=\"container\" id=\"contacto\">\n\t\t\t\t\t<div class=\"e-con-inner\">\n\t\t<div class=\"elementor-element elementor-element-763a29b9 e-con-full e-flex e-con e-child\" data-id=\"763a29b9\" data-element_type=\"container\" data-e-type=\"container\">\n\t\t\t\t<div class=\"elementor-element elementor-element-5c41c81c elementor-widget elementor-widget-heading\" data-id=\"5c41c81c\" data-element_type=\"widget\" data-e-type=\"widget\" data-widget_type=\"heading.default\">\n\t\t\t\t<div class=\"elementor-widget-container\">\n\t\t\t\t\t<h3 class=\"elementor-heading-title elementor-size-default\">Reserva tu pr\u00f3xima cita<\/h3>\t\t\t\t<\/div>\n\t\t\t\t<\/div>\n\t\t\t\t<div class=\"elementor-element elementor-element-4cb00051 elementor-widget elementor-widget-text-editor\" data-id=\"4cb00051\" data-element_type=\"widget\" data-e-type=\"widget\" data-widget_type=\"text-editor.default\">\n\t\t\t\t<div class=\"elementor-widget-container\">\n\t\t\t\t\t\t\t\t\t<p>Deja tus datos y un colaborador Almahal se pondr\u00e1 en contacto contigo para poder reservar tu cita<\/p>\t\t\t\t\t\t\t\t<\/div>\n\t\t\t\t<\/div>\n\t\t\t\t<\/div>\n\t\t<div class=\"elementor-element elementor-element-3ac735b3 e-con-full e-flex e-con e-child\" data-id=\"3ac735b3\" data-element_type=\"container\" data-e-type=\"container\">\n\t\t\t\t<div class=\"elementor-element elementor-element-ab32fe9 elementor-widget elementor-widget-qi_addons_for_elementor_contact_form_7\" data-id=\"ab32fe9\" data-element_type=\"widget\" data-e-type=\"widget\" data-widget_type=\"qi_addons_for_elementor_contact_form_7.default\">\n\t\t\t\t<div class=\"elementor-widget-container\">\n\t\t\t\t\t<div class=\"qodef-shortcode qodef-m form12 qodef-qi-contact-form-7\">\n\t\n<div class=\"wpcf7 no-js\" id=\"wpcf7-f10-o1\" lang=\"es-ES\" dir=\"ltr\" data-wpcf7-id=\"10\">\n<div class=\"screen-reader-response\"><p role=\"status\" aria-live=\"polite\" aria-atomic=\"true\"><\/p> <ul><\/ul><\/div>\n<form action=\"\/en\/wp-json\/wp\/v2\/pages\/17563#wpcf7-f10-o1\" method=\"post\" class=\"wpcf7-form init\" aria-label=\"Formulario de contacto\" novalidate=\"novalidate\" data-status=\"init\" data-trp-original-action=\"\/en\/wp-json\/wp\/v2\/pages\/17563#wpcf7-f10-o1\">\n<fieldset class=\"hidden-fields-container\"><input type=\"hidden\" name=\"_wpcf7\" value=\"10\" \/><input type=\"hidden\" name=\"_wpcf7_version\" value=\"6.1.5\" \/><input type=\"hidden\" name=\"_wpcf7_locale\" value=\"es_ES\" \/><input type=\"hidden\" name=\"_wpcf7_unit_tag\" value=\"wpcf7-f10-o1\" \/><input type=\"hidden\" name=\"_wpcf7_container_post\" value=\"0\" \/><input type=\"hidden\" name=\"_wpcf7_posted_data_hash\" value=\"\" \/>\n<\/fieldset>\n<label> Tu nombre\n    <span class=\"wpcf7-form-control-wrap\" data-name=\"your-name\"><input size=\"40\" maxlength=\"400\" class=\"wpcf7-form-control wpcf7-text wpcf7-validates-as-required\" autocomplete=\"name\" aria-required=\"true\" aria-invalid=\"false\" value=\"\" type=\"text\" name=\"your-name\" \/><\/span> <\/label>\n\n<label> Tu correo electr\u00f3nico\n    <span class=\"wpcf7-form-control-wrap\" data-name=\"your-email\"><input size=\"40\" maxlength=\"400\" class=\"wpcf7-form-control wpcf7-email wpcf7-validates-as-required wpcf7-text wpcf7-validates-as-email\" autocomplete=\"email\" aria-required=\"true\" aria-invalid=\"false\" value=\"\" type=\"email\" name=\"your-email\" \/><\/span> <\/label>\n\n<label> Asunto\n    <span class=\"wpcf7-form-control-wrap\" data-name=\"your-subject\"><input size=\"40\" maxlength=\"400\" class=\"wpcf7-form-control wpcf7-text wpcf7-validates-as-required\" aria-required=\"true\" aria-invalid=\"false\" value=\"\" type=\"text\" name=\"your-subject\" \/><\/span> <\/label>\n\n<label> Tu mensaje (opcional)\n    <span class=\"wpcf7-form-control-wrap\" data-name=\"your-message\"><textarea cols=\"40\" rows=\"10\" maxlength=\"2000\" class=\"wpcf7-form-control wpcf7-textarea\" aria-invalid=\"false\" name=\"your-message\"><\/textarea><\/span> <\/label>\n\n<button class=\"wpcf7-form-control wpcf7-submit qodef-button qodef-size--normal qodef-type--filled qodef-m\" type=\"submit\"><span class=\"qodef-m-text\">Send<\/span><span class=\"qodef-m-background\"><\/span><\/button><div class=\"wpcf7-response-output\" aria-hidden=\"true\"><\/div>\n<input type=\"hidden\" name=\"trp-form-language\" value=\"en\"\/><\/form>\n<\/div>\n<\/div>\n\t\t\t\t<\/div>\n\t\t\t\t<\/div>\n\t\t\t\t<\/div>\n\t\t\t\t\t<\/div>\n\t\t\t\t<\/div>\n\t\t\t\t<\/div>","protected":false},"excerpt":{"rendered":"<p>Body Balance Reserva Ahora Duraci\u00f3n: 100 minutos Precio : S\/.140 \u00a1Full bienestar! Combinaci\u00f3n de masajesdescontracturantes, relajante, reflexoterapia yelectroterapia, te llevar\u00e1n a un estado de relajaci\u00f3nprofunda.Complementos: Electroterapia o Ventosas + Piedras Calientes oEsferas Chinas o Bambuterapia + Compresas Calientes +Aromaterapia Reserva tu pr\u00f3xima cita Deja tus datos y un colaborador Almahal se pondr\u00e1 en contacto contigo [&hellip;]<\/p>\n","protected":false},"author":1,"featured_media":0,"parent":0,"menu_order":0,"comment_status":"closed","ping_status":"closed","template":"","meta":{"_uf_show_specific_survey":0,"_uf_disable_surveys":false,"_joinchat":[],"footnotes":""},"class_list":["post-17563","page","type-page","status-publish","hentry"],"aioseo_notices":[],"_links":{"self":[{"href":"https:\/\/bodybalance.pe\/en\/wp-json\/wp\/v2\/pages\/17563","targetHints":{"allow":["GET"]}}],"collection":[{"href":"https:\/\/bodybalance.pe\/en\/wp-json\/wp\/v2\/pages"}],"about":[{"href":"https:\/\/bodybalance.pe\/en\/wp-json\/wp\/v2\/types\/page"}],"author":[{"embeddable":true,"href":"https:\/\/bodybalance.pe\/en\/wp-json\/wp\/v2\/users\/1"}],"replies":[{"embeddable":true,"href":"https:\/\/bodybalance.pe\/en\/wp-json\/wp\/v2\/comments?post=17563"}],"version-history":[{"count":4,"href":"https:\/\/bodybalance.pe\/en\/wp-json\/wp\/v2\/pages\/17563\/revisions"}],"predecessor-version":[{"id":17568,"href":"https:\/\/bodybalance.pe\/en\/wp-json\/wp\/v2\/pages\/17563\/revisions\/17568"}],"wp:attachment":[{"href":"https:\/\/bodybalance.pe\/en\/wp-json\/wp\/v2\/media?parent=17563"}],"curies":[{"name":"wp","href":"https:\/\/api.w.org\/{rel}","templated":true}]}}