{"id":17674,"date":"2023-11-10T21:48:50","date_gmt":"2023-11-10T21:48:50","guid":{"rendered":"https:\/\/bodybalance.pe\/?page_id=17674"},"modified":"2024-03-08T17:05:19","modified_gmt":"2024-03-08T17:05:19","slug":"bamboo-experience","status":"publish","type":"page","link":"https:\/\/bodybalance.pe\/en\/bamboo-experience\/","title":{"rendered":"Bamboo Experience"},"content":{"rendered":"<div data-elementor-type=\"wp-page\" data-elementor-id=\"17674\" class=\"elementor elementor-17674\" data-elementor-post-type=\"page\">\n\t\t\t\t<div class=\"elementor-element elementor-element-5bdedbcd e-flex e-con-boxed e-con e-parent\" data-id=\"5bdedbcd\" data-element_type=\"container\" data-e-type=\"container\">\n\t\t\t\t\t<div class=\"e-con-inner\">\n\t\t<div class=\"elementor-element elementor-element-6b7f9455 e-con-full e-flex e-con e-child\" data-id=\"6b7f9455\" data-element_type=\"container\" data-e-type=\"container\">\n\t\t\t\t<div class=\"elementor-element elementor-element-83b95ec elementor-widget elementor-widget-heading\" data-id=\"83b95ec\" data-element_type=\"widget\" data-e-type=\"widget\" data-widget_type=\"heading.default\">\n\t\t\t\t<div class=\"elementor-widget-container\">\n\t\t\t\t\t<h3 class=\"elementor-heading-title elementor-size-default\">Bamboo Experience<\/h3>\t\t\t\t<\/div>\n\t\t\t\t<\/div>\n\t\t\t\t<div class=\"elementor-element elementor-element-ebb6404 elementor-widget elementor-widget-image\" data-id=\"ebb6404\" data-element_type=\"widget\" data-e-type=\"widget\" data-widget_type=\"image.default\">\n\t\t\t\t<div class=\"elementor-widget-container\">\n\t\t\t\t\t\t\t\t\t\t\t\t\t\t\t<img fetchpriority=\"high\" decoding=\"async\" width=\"845\" height=\"1024\" src=\"https:\/\/bodybalance.pe\/wp-content\/uploads\/2024\/03\/Bambooex-845x1024.jpg\" class=\"attachment-large size-large wp-image-18578\" alt=\"\" srcset=\"https:\/\/bodybalance.pe\/wp-content\/uploads\/2024\/03\/Bambooex-845x1024.jpg 845w, https:\/\/bodybalance.pe\/wp-content\/uploads\/2024\/03\/Bambooex-248x300.jpg 248w, https:\/\/bodybalance.pe\/wp-content\/uploads\/2024\/03\/Bambooex-768x931.jpg 768w, https:\/\/bodybalance.pe\/wp-content\/uploads\/2024\/03\/Bambooex-600x727.jpg 600w, https:\/\/bodybalance.pe\/wp-content\/uploads\/2024\/03\/Bambooex.jpg 1006w\" sizes=\"(max-width: 845px) 100vw, 845px\" \/>\t\t\t\t\t\t\t\t\t\t\t\t\t\t\t<\/div>\n\t\t\t\t<\/div>\n\t\t\t\t<\/div>\n\t\t<div class=\"elementor-element elementor-element-49ffb127 e-con-full e-flex e-con e-child\" data-id=\"49ffb127\" data-element_type=\"container\" data-e-type=\"container\">\n\t\t\t\t<div class=\"elementor-element elementor-element-10b3e955 elementor-widget-divider--view-line elementor-widget elementor-widget-divider\" data-id=\"10b3e955\" data-element_type=\"widget\" data-e-type=\"widget\" data-widget_type=\"divider.default\">\n\t\t\t\t<div class=\"elementor-widget-container\">\n\t\t\t\t\t\t\t<div class=\"elementor-divider\">\n\t\t\t<span class=\"elementor-divider-separator\">\n\t\t\t\t\t\t<\/span>\n\t\t<\/div>\n\t\t\t\t\t\t<\/div>\n\t\t\t\t<\/div>\n\t\t\t\t<div class=\"elementor-element elementor-element-2b95604b elementor-widget elementor-widget-text-editor\" data-id=\"2b95604b\" data-element_type=\"widget\" data-e-type=\"widget\" data-widget_type=\"text-editor.default\">\n\t\t\t\t<div class=\"elementor-widget-container\">\n\t\t\t\t\t\t\t\t\t<p>Duraci\u00f3n: 70 minutos<\/p>\t\t\t\t\t\t\t\t<\/div>\n\t\t\t\t<\/div>\n\t\t\t\t<div class=\"elementor-element elementor-element-16b5c0ec elementor-widget-divider--view-line elementor-widget elementor-widget-divider\" data-id=\"16b5c0ec\" data-element_type=\"widget\" data-e-type=\"widget\" data-widget_type=\"divider.default\">\n\t\t\t\t<div class=\"elementor-widget-container\">\n\t\t\t\t\t\t\t<div class=\"elementor-divider\">\n\t\t\t<span class=\"elementor-divider-separator\">\n\t\t\t\t\t\t<\/span>\n\t\t<\/div>\n\t\t\t\t\t\t<\/div>\n\t\t\t\t<\/div>\n\t\t\t\t<div class=\"elementor-element elementor-element-7aeb807e elementor-widget elementor-widget-text-editor\" data-id=\"7aeb807e\" data-element_type=\"widget\" data-e-type=\"widget\" data-widget_type=\"text-editor.default\">\n\t\t\t\t<div class=\"elementor-widget-container\">\n\t\t\t\t\t\t\t\t\t<p>Precio : S\/.130<\/p>\t\t\t\t\t\t\t\t<\/div>\n\t\t\t\t<\/div>\n\t\t\t\t<div class=\"elementor-element elementor-element-2ec75c81 elementor-widget-divider--view-line elementor-widget elementor-widget-divider\" data-id=\"2ec75c81\" data-element_type=\"widget\" data-e-type=\"widget\" data-widget_type=\"divider.default\">\n\t\t\t\t<div class=\"elementor-widget-container\">\n\t\t\t\t\t\t\t<div class=\"elementor-divider\">\n\t\t\t<span class=\"elementor-divider-separator\">\n\t\t\t\t\t\t<\/span>\n\t\t<\/div>\n\t\t\t\t\t\t<\/div>\n\t\t\t\t<\/div>\n\t\t\t\t<div class=\"elementor-element elementor-element-5c7f6309 elementor-widget elementor-widget-text-editor\" data-id=\"5c7f6309\" data-element_type=\"widget\" data-e-type=\"widget\" data-widget_type=\"text-editor.default\">\n\t\t\t\t<div class=\"elementor-widget-container\">\n\t\t\t\t\t\t\t\t\t<p><span id=\"page9R_mcid40\" class=\"markedContent\"><span dir=\"ltr\" role=\"presentation\">Relax total, act\u00faa directamente sobre las terminaciones <\/span><\/span><span id=\"page9R_mcid41\" class=\"markedContent\"><span dir=\"ltr\" role=\"presentation\">nerviosas provocando un efecto sedante, ayuda a <\/span><\/span><span id=\"page9R_mcid42\" class=\"markedContent\"><span dir=\"ltr\" role=\"presentation\">descongestionar los m\u00fasculos provocando una <\/span><\/span><span id=\"page9R_mcid43\" class=\"markedContent\"><span dir=\"ltr\" role=\"presentation\">desconexi\u00f3n \u00fanica <\/span><\/span><span id=\"page9R_mcid45\" class=\"markedContent\"><span dir=\"ltr\" role=\"presentation\">Combinaci\u00f3n de masajes con rodillos de Bamboo y Masajes <\/span><\/span><span id=\"page9R_mcid46\" class=\"markedContent\"><span dir=\"ltr\" role=\"presentation\">Relaxing<\/span><\/span><\/p><p><span id=\"page9R_mcid46\" class=\"markedContent\"> <\/span><span id=\"page9R_mcid48\" class=\"markedContent\"><span dir=\"ltr\" role=\"presentation\"><strong>Add-ons<\/strong> Rodillos de Bamboo + Compresas Calientes y Aromas <\/span><\/span><span id=\"page9R_mcid49\" class=\"markedContent\"><span dir=\"ltr\" role=\"presentation\">Esenciales<\/span><\/span><\/p>\t\t\t\t\t\t\t\t<\/div>\n\t\t\t\t<\/div>\n\t\t\t\t<\/div>\n\t\t\t\t\t<\/div>\n\t\t\t\t<\/div>\n\t\t<div class=\"elementor-element elementor-element-25798762 e-flex e-con-boxed e-con e-parent\" data-id=\"25798762\" data-element_type=\"container\" data-e-type=\"container\" id=\"contacto\">\n\t\t\t\t\t<div class=\"e-con-inner\">\n\t\t<div class=\"elementor-element elementor-element-5dc99fbf e-con-full e-flex e-con e-child\" data-id=\"5dc99fbf\" data-element_type=\"container\" data-e-type=\"container\">\n\t\t\t\t<div class=\"elementor-element elementor-element-235c7ede elementor-widget elementor-widget-heading\" data-id=\"235c7ede\" data-element_type=\"widget\" data-e-type=\"widget\" data-widget_type=\"heading.default\">\n\t\t\t\t<div class=\"elementor-widget-container\">\n\t\t\t\t\t<h3 class=\"elementor-heading-title elementor-size-default\">Reserva tu pr\u00f3xima cita<\/h3>\t\t\t\t<\/div>\n\t\t\t\t<\/div>\n\t\t\t\t<div class=\"elementor-element elementor-element-4da1b167 elementor-widget elementor-widget-text-editor\" data-id=\"4da1b167\" data-element_type=\"widget\" data-e-type=\"widget\" data-widget_type=\"text-editor.default\">\n\t\t\t\t<div class=\"elementor-widget-container\">\n\t\t\t\t\t\t\t\t\t<p>D\u00e9janos tus datos y nos pondremos en contacto contigo para reservar tu cita<\/p>\t\t\t\t\t\t\t\t<\/div>\n\t\t\t\t<\/div>\n\t\t\t\t<\/div>\n\t\t<div class=\"elementor-element elementor-element-cdbfeb e-con-full e-flex e-con e-child\" data-id=\"cdbfeb\" data-element_type=\"container\" data-e-type=\"container\">\n\t\t\t\t<div class=\"elementor-element elementor-element-233b5963 elementor-widget elementor-widget-text-editor\" data-id=\"233b5963\" data-element_type=\"widget\" data-e-type=\"widget\" data-widget_type=\"text-editor.default\">\n\t\t\t\t<div class=\"elementor-widget-container\">\n\t\t\t\t\t\t\t\t\t<p><a href=\"https:\/\/wa.link\/n3a1o0\"><img decoding=\"async\" class=\"size-medium wp-image-17571 aligncenter\" src=\"https:\/\/bodybalance.pe\/wp-content\/uploads\/2023\/11\/reserva-300x54.png\" alt=\"\" width=\"300\" height=\"54\" srcset=\"https:\/\/bodybalance.pe\/wp-content\/uploads\/2023\/11\/reserva-300x54.png 300w, https:\/\/bodybalance.pe\/wp-content\/uploads\/2023\/11\/reserva-1024x185.png 1024w, https:\/\/bodybalance.pe\/wp-content\/uploads\/2023\/11\/reserva-768x139.png 768w, https:\/\/bodybalance.pe\/wp-content\/uploads\/2023\/11\/reserva-600x108.png 600w, https:\/\/bodybalance.pe\/wp-content\/uploads\/2023\/11\/reserva.png 1518w\" sizes=\"(max-width: 300px) 100vw, 300px\" \/><\/a>.<\/p>\t\t\t\t\t\t\t\t<\/div>\n\t\t\t\t<\/div>\n\t\t\t\t<\/div>\n\t\t\t\t\t<\/div>\n\t\t\t\t<\/div>\n\t\t\t\t<\/div>","protected":false},"excerpt":{"rendered":"<p>Bamboo Experience Duraci\u00f3n: 70 minutos Precio : S\/.130 Relax total, act\u00faa directamente sobre las terminaciones nerviosas provocando un efecto sedante, ayuda a descongestionar los m\u00fasculos provocando una desconexi\u00f3n \u00fanica Combinaci\u00f3n de masajes con rodillos de Bamboo y Masajes Descontracturantes Complementos: Rodillos de Bamboo + Compresas Calientes y Aromas Esenciales Reserva tu pr\u00f3xima cita D\u00e9janos tus [&hellip;]<\/p>\n","protected":false},"author":1,"featured_media":0,"parent":0,"menu_order":0,"comment_status":"closed","ping_status":"closed","template":"","meta":{"_uf_show_specific_survey":0,"_uf_disable_surveys":false,"_joinchat":[],"footnotes":""},"class_list":["post-17674","page","type-page","status-publish","hentry"],"aioseo_notices":[],"_links":{"self":[{"href":"https:\/\/bodybalance.pe\/en\/wp-json\/wp\/v2\/pages\/17674","targetHints":{"allow":["GET"]}}],"collection":[{"href":"https:\/\/bodybalance.pe\/en\/wp-json\/wp\/v2\/pages"}],"about":[{"href":"https:\/\/bodybalance.pe\/en\/wp-json\/wp\/v2\/types\/page"}],"author":[{"embeddable":true,"href":"https:\/\/bodybalance.pe\/en\/wp-json\/wp\/v2\/users\/1"}],"replies":[{"embeddable":true,"href":"https:\/\/bodybalance.pe\/en\/wp-json\/wp\/v2\/comments?post=17674"}],"version-history":[{"count":16,"href":"https:\/\/bodybalance.pe\/en\/wp-json\/wp\/v2\/pages\/17674\/revisions"}],"predecessor-version":[{"id":18860,"href":"https:\/\/bodybalance.pe\/en\/wp-json\/wp\/v2\/pages\/17674\/revisions\/18860"}],"wp:attachment":[{"href":"https:\/\/bodybalance.pe\/en\/wp-json\/wp\/v2\/media?parent=17674"}],"curies":[{"name":"wp","href":"https:\/\/api.w.org\/{rel}","templated":true}]}}