{"id":17696,"date":"2023-11-10T21:58:39","date_gmt":"2023-11-10T21:58:39","guid":{"rendered":"https:\/\/bodybalance.pe\/?page_id=17696"},"modified":"2024-03-09T16:07:46","modified_gmt":"2024-03-09T16:07:46","slug":"deportivo","status":"publish","type":"page","link":"https:\/\/bodybalance.pe\/en\/deportivo\/","title":{"rendered":"Sports Massage"},"content":{"rendered":"<div data-elementor-type=\"wp-page\" data-elementor-id=\"17696\" class=\"elementor elementor-17696\" data-elementor-post-type=\"page\">\n\t\t\t\t<div class=\"elementor-element elementor-element-2e814db3 e-flex e-con-boxed e-con e-parent\" data-id=\"2e814db3\" data-element_type=\"container\" data-e-type=\"container\">\n\t\t\t\t\t<div class=\"e-con-inner\">\n\t\t<div class=\"elementor-element elementor-element-38437315 e-con-full e-flex e-con e-child\" data-id=\"38437315\" data-element_type=\"container\" data-e-type=\"container\">\n\t\t\t\t<div class=\"elementor-element elementor-element-5ecbe8ab elementor-widget elementor-widget-heading\" data-id=\"5ecbe8ab\" data-element_type=\"widget\" data-e-type=\"widget\" data-widget_type=\"heading.default\">\n\t\t\t\t<div class=\"elementor-widget-container\">\n\t\t\t\t\t<h3 class=\"elementor-heading-title elementor-size-default\">Sports Massage<\/h3>\t\t\t\t<\/div>\n\t\t\t\t<\/div>\n\t\t\t\t<div class=\"elementor-element elementor-element-20ad58c elementor-widget elementor-widget-image\" data-id=\"20ad58c\" data-element_type=\"widget\" data-e-type=\"widget\" data-widget_type=\"image.default\">\n\t\t\t\t<div class=\"elementor-widget-container\">\n\t\t\t\t\t\t\t\t\t\t\t\t\t\t\t<img fetchpriority=\"high\" decoding=\"async\" width=\"845\" height=\"1024\" src=\"https:\/\/bodybalance.pe\/wp-content\/uploads\/2024\/03\/fot2-845x1024.jpg\" class=\"attachment-large size-large wp-image-18733\" alt=\"\" srcset=\"https:\/\/bodybalance.pe\/wp-content\/uploads\/2024\/03\/fot2-845x1024.jpg 845w, https:\/\/bodybalance.pe\/wp-content\/uploads\/2024\/03\/fot2-248x300.jpg 248w, https:\/\/bodybalance.pe\/wp-content\/uploads\/2024\/03\/fot2-768x931.jpg 768w, https:\/\/bodybalance.pe\/wp-content\/uploads\/2024\/03\/fot2-600x727.jpg 600w, https:\/\/bodybalance.pe\/wp-content\/uploads\/2024\/03\/fot2.jpg 1006w\" sizes=\"(max-width: 845px) 100vw, 845px\" \/>\t\t\t\t\t\t\t\t\t\t\t\t\t\t\t<\/div>\n\t\t\t\t<\/div>\n\t\t\t\t<\/div>\n\t\t<div class=\"elementor-element elementor-element-689340ee e-con-full e-flex e-con e-child\" data-id=\"689340ee\" data-element_type=\"container\" data-e-type=\"container\">\n\t\t\t\t<div class=\"elementor-element elementor-element-20aa19ef elementor-widget-divider--view-line elementor-widget elementor-widget-divider\" data-id=\"20aa19ef\" data-element_type=\"widget\" data-e-type=\"widget\" data-widget_type=\"divider.default\">\n\t\t\t\t<div class=\"elementor-widget-container\">\n\t\t\t\t\t\t\t<div class=\"elementor-divider\">\n\t\t\t<span class=\"elementor-divider-separator\">\n\t\t\t\t\t\t<\/span>\n\t\t<\/div>\n\t\t\t\t\t\t<\/div>\n\t\t\t\t<\/div>\n\t\t\t\t<div class=\"elementor-element elementor-element-593cca90 elementor-widget elementor-widget-text-editor\" data-id=\"593cca90\" data-element_type=\"widget\" data-e-type=\"widget\" data-widget_type=\"text-editor.default\">\n\t\t\t\t<div class=\"elementor-widget-container\">\n\t\t\t\t\t\t\t\t\t<p>Duraci\u00f3n: 55 minutos<\/p>\t\t\t\t\t\t\t\t<\/div>\n\t\t\t\t<\/div>\n\t\t\t\t<div class=\"elementor-element elementor-element-14e0a0ae elementor-widget-divider--view-line elementor-widget elementor-widget-divider\" data-id=\"14e0a0ae\" data-element_type=\"widget\" data-e-type=\"widget\" data-widget_type=\"divider.default\">\n\t\t\t\t<div class=\"elementor-widget-container\">\n\t\t\t\t\t\t\t<div class=\"elementor-divider\">\n\t\t\t<span class=\"elementor-divider-separator\">\n\t\t\t\t\t\t<\/span>\n\t\t<\/div>\n\t\t\t\t\t\t<\/div>\n\t\t\t\t<\/div>\n\t\t\t\t<div class=\"elementor-element elementor-element-629ae6f7 elementor-widget elementor-widget-text-editor\" data-id=\"629ae6f7\" data-element_type=\"widget\" data-e-type=\"widget\" data-widget_type=\"text-editor.default\">\n\t\t\t\t<div class=\"elementor-widget-container\">\n\t\t\t\t\t\t\t\t\t<p>Precio : S\/.120<\/p>\t\t\t\t\t\t\t\t<\/div>\n\t\t\t\t<\/div>\n\t\t\t\t<div class=\"elementor-element elementor-element-1de91439 elementor-widget-divider--view-line elementor-widget elementor-widget-divider\" data-id=\"1de91439\" data-element_type=\"widget\" data-e-type=\"widget\" data-widget_type=\"divider.default\">\n\t\t\t\t<div class=\"elementor-widget-container\">\n\t\t\t\t\t\t\t<div class=\"elementor-divider\">\n\t\t\t<span class=\"elementor-divider-separator\">\n\t\t\t\t\t\t<\/span>\n\t\t<\/div>\n\t\t\t\t\t\t<\/div>\n\t\t\t\t<\/div>\n\t\t\t\t<div class=\"elementor-element elementor-element-3f200260 elementor-widget elementor-widget-text-editor\" data-id=\"3f200260\" data-element_type=\"widget\" data-e-type=\"widget\" data-widget_type=\"text-editor.default\">\n\t\t\t\t<div class=\"elementor-widget-container\">\n\t\t\t\t\t\t\t\t\t<p><span id=\"page10R_mcid8\" class=\"markedContent\"><span dir=\"ltr\" role=\"presentation\">Especial para personas que realizan continua actividad&nbsp;<\/span><\/span><span id=\"page10R_mcid9\" class=\"markedContent\"><span dir=\"ltr\" role=\"presentation\">f\u00edsica. Las descargas musculares, ayudan a la&nbsp;<\/span><\/span><span id=\"page10R_mcid10\" class=\"markedContent\"><span dir=\"ltr\" role=\"presentation\">recuperaci\u00f3n post-entrenamiento o post-competici\u00f3n. <\/span><\/span><span id=\"page10R_mcid11\" class=\"markedContent\"><span dir=\"ltr\" role=\"presentation\">Elige una zona. <\/span><\/span><span id=\"page10R_mcid12\" class=\"markedContent\"><span dir=\"ltr\" role=\"presentation\">Reflexoterapia, <\/span><\/span><span id=\"page10R_mcid13\" class=\"markedContent\"><span dir=\"ltr\" role=\"presentation\">Terapia manual descontracturante focalizada<\/span><\/span><span id=\"page10R_mcid14\" class=\"markedContent\"><br role=\"presentation\"><span dir=\"ltr\" role=\"presentation\"><b>Add-ons<\/b>: Electroterapia<\/span><\/span><span id=\"page10R_mcid15\" class=\"markedContent\"><\/span><span id=\"page10R_mcid16\" class=\"markedContent\"> <span dir=\"ltr\" role=\"presentation\">+ Compresas Frias y<\/span><\/span><span id=\"page10R_mcid17\" class=\"markedContent\"><\/span><span id=\"page10R_mcid18\" class=\"markedContent\"> <span dir=\"ltr\" role=\"presentation\">Calientes<\/span><\/span><\/p>\t\t\t\t\t\t\t\t<\/div>\n\t\t\t\t<\/div>\n\t\t\t\t<\/div>\n\t\t\t\t\t<\/div>\n\t\t\t\t<\/div>\n\t\t<div class=\"elementor-element elementor-element-74e6ba7 e-flex e-con-boxed e-con e-parent\" data-id=\"74e6ba7\" data-element_type=\"container\" data-e-type=\"container\" id=\"contacto\">\n\t\t\t\t\t<div class=\"e-con-inner\">\n\t\t<div class=\"elementor-element elementor-element-58dbe99d e-con-full e-flex e-con e-child\" data-id=\"58dbe99d\" data-element_type=\"container\" data-e-type=\"container\">\n\t\t\t\t<div class=\"elementor-element elementor-element-a34728d elementor-widget elementor-widget-heading\" data-id=\"a34728d\" data-element_type=\"widget\" data-e-type=\"widget\" data-widget_type=\"heading.default\">\n\t\t\t\t<div class=\"elementor-widget-container\">\n\t\t\t\t\t<h3 class=\"elementor-heading-title elementor-size-default\">Reserva tu pr\u00f3xima cita<\/h3>\t\t\t\t<\/div>\n\t\t\t\t<\/div>\n\t\t\t\t<div class=\"elementor-element elementor-element-3b3e5df8 elementor-widget elementor-widget-text-editor\" data-id=\"3b3e5df8\" data-element_type=\"widget\" data-e-type=\"widget\" data-widget_type=\"text-editor.default\">\n\t\t\t\t<div class=\"elementor-widget-container\">\n\t\t\t\t\t\t\t\t\t<p>D\u00e9janos tus datos y nos pondremos en contacto contigo para reservar tu cita<\/p>\t\t\t\t\t\t\t\t<\/div>\n\t\t\t\t<\/div>\n\t\t\t\t<\/div>\n\t\t<div class=\"elementor-element elementor-element-33f65dd1 e-con-full e-flex e-con e-child\" data-id=\"33f65dd1\" data-element_type=\"container\" data-e-type=\"container\">\n\t\t\t\t<div class=\"elementor-element elementor-element-14a88ac8 elementor-widget elementor-widget-text-editor\" data-id=\"14a88ac8\" data-element_type=\"widget\" data-e-type=\"widget\" data-widget_type=\"text-editor.default\">\n\t\t\t\t<div class=\"elementor-widget-container\">\n\t\t\t\t\t\t\t\t\t<p><a href=\"https:\/\/wa.link\/c5vptq\"><img decoding=\"async\" class=\"size-medium wp-image-17571 aligncenter\" src=\"https:\/\/bodybalance.pe\/wp-content\/uploads\/2023\/11\/reserva-300x54.png\" alt=\"\" width=\"300\" height=\"54\" srcset=\"https:\/\/bodybalance.pe\/wp-content\/uploads\/2023\/11\/reserva-300x54.png 300w, https:\/\/bodybalance.pe\/wp-content\/uploads\/2023\/11\/reserva-1024x185.png 1024w, https:\/\/bodybalance.pe\/wp-content\/uploads\/2023\/11\/reserva-768x139.png 768w, https:\/\/bodybalance.pe\/wp-content\/uploads\/2023\/11\/reserva-600x108.png 600w, https:\/\/bodybalance.pe\/wp-content\/uploads\/2023\/11\/reserva.png 1518w\" sizes=\"(max-width: 300px) 100vw, 300px\" \/><\/a>.<\/p>\t\t\t\t\t\t\t\t<\/div>\n\t\t\t\t<\/div>\n\t\t\t\t<\/div>\n\t\t\t\t\t<\/div>\n\t\t\t\t<\/div>\n\t\t\t\t<\/div>","protected":false},"excerpt":{"rendered":"<p>Masaje Deportivo Duraci\u00f3n: 55 minutos Precio : S\/.120 Especial para personas que realizan continua actividad&nbsp;f\u00edsica. Las descargas musculares, ayudan a la&nbsp;recuperaci\u00f3n post-entrenamiento o post-competici\u00f3n. Elige una zona. Reflexoterapia, Terapia manual descontracturante focalizadaComplementos: Electroterapia + Compresas Frias y Calientes Reserva tu pr\u00f3xima cita D\u00e9janos tus datos y nos pondremos en contacto contigo para reservar tu cita [&hellip;]<\/p>\n","protected":false},"author":1,"featured_media":0,"parent":0,"menu_order":0,"comment_status":"closed","ping_status":"closed","template":"","meta":{"_uf_show_specific_survey":0,"_uf_disable_surveys":false,"_joinchat":[],"footnotes":""},"class_list":["post-17696","page","type-page","status-publish","hentry"],"aioseo_notices":[],"_links":{"self":[{"href":"https:\/\/bodybalance.pe\/en\/wp-json\/wp\/v2\/pages\/17696","targetHints":{"allow":["GET"]}}],"collection":[{"href":"https:\/\/bodybalance.pe\/en\/wp-json\/wp\/v2\/pages"}],"about":[{"href":"https:\/\/bodybalance.pe\/en\/wp-json\/wp\/v2\/types\/page"}],"author":[{"embeddable":true,"href":"https:\/\/bodybalance.pe\/en\/wp-json\/wp\/v2\/users\/1"}],"replies":[{"embeddable":true,"href":"https:\/\/bodybalance.pe\/en\/wp-json\/wp\/v2\/comments?post=17696"}],"version-history":[{"count":22,"href":"https:\/\/bodybalance.pe\/en\/wp-json\/wp\/v2\/pages\/17696\/revisions"}],"predecessor-version":[{"id":18911,"href":"https:\/\/bodybalance.pe\/en\/wp-json\/wp\/v2\/pages\/17696\/revisions\/18911"}],"wp:attachment":[{"href":"https:\/\/bodybalance.pe\/en\/wp-json\/wp\/v2\/media?parent=17696"}],"curies":[{"name":"wp","href":"https:\/\/api.w.org\/{rel}","templated":true}]}}