{"id":17711,"date":"2023-11-10T22:04:28","date_gmt":"2023-11-10T22:04:28","guid":{"rendered":"https:\/\/bodybalance.pe\/?page_id=17711"},"modified":"2024-03-12T00:32:57","modified_gmt":"2024-03-12T00:32:57","slug":"parejas","status":"publish","type":"page","link":"https:\/\/bodybalance.pe\/en\/parejas\/","title":{"rendered":"Couples"},"content":{"rendered":"<div data-elementor-type=\"wp-page\" data-elementor-id=\"17711\" class=\"elementor elementor-17711\" data-elementor-post-type=\"page\">\n\t\t\t\t<div class=\"elementor-element elementor-element-b63a1d5 e-flex e-con-boxed e-con e-parent\" data-id=\"b63a1d5\" data-element_type=\"container\" data-e-type=\"container\">\n\t\t\t\t\t<div class=\"e-con-inner\">\n\t\t\t\t<div class=\"elementor-element elementor-element-2ba4f14f elementor-widget elementor-widget-heading\" data-id=\"2ba4f14f\" data-element_type=\"widget\" data-e-type=\"widget\" data-widget_type=\"heading.default\">\n\t\t\t\t<div class=\"elementor-widget-container\">\n\t\t\t\t\t<h3 class=\"elementor-heading-title elementor-size-default\">Couples<\/h3>\t\t\t\t<\/div>\n\t\t\t\t<\/div>\n\t\t\t\t<div class=\"elementor-element elementor-element-1d2bc003 elementor-widget-divider--view-line elementor-widget elementor-widget-divider\" data-id=\"1d2bc003\" data-element_type=\"widget\" data-e-type=\"widget\" data-widget_type=\"divider.default\">\n\t\t\t\t<div class=\"elementor-widget-container\">\n\t\t\t\t\t\t\t<div class=\"elementor-divider\">\n\t\t\t<span class=\"elementor-divider-separator\">\n\t\t\t\t\t\t<\/span>\n\t\t<\/div>\n\t\t\t\t\t\t<\/div>\n\t\t\t\t<\/div>\n\t\t\t\t<div class=\"elementor-element elementor-element-18e823de elementor-widget elementor-widget-text-editor\" data-id=\"18e823de\" data-element_type=\"widget\" data-e-type=\"widget\" data-widget_type=\"text-editor.default\">\n\t\t\t\t<div class=\"elementor-widget-container\">\n\t\t\t\t\t\t\t\t\t<p>Share it with whoever you love the most<\/p>\t\t\t\t\t\t\t\t<\/div>\n\t\t\t\t<\/div>\n\t\t\t\t\t<\/div>\n\t\t\t\t<\/div>\n\t\t<div class=\"elementor-element elementor-element-11189810 e-flex e-con-boxed e-con e-parent\" data-id=\"11189810\" data-element_type=\"container\" data-e-type=\"container\">\n\t\t\t\t\t<div class=\"e-con-inner\">\n\t\t<div class=\"elementor-element elementor-element-7c8485ae e-con-full e-flex e-con e-child\" data-id=\"7c8485ae\" data-element_type=\"container\" data-e-type=\"container\">\n\t\t\t\t<div class=\"elementor-element elementor-element-7a3c0b60 elementor-widget elementor-widget-image\" data-id=\"7a3c0b60\" data-element_type=\"widget\" data-e-type=\"widget\" data-widget_type=\"image.default\">\n\t\t\t\t<div class=\"elementor-widget-container\">\n\t\t\t\t\t\t\t\t\t\t\t\t\t\t\t<img fetchpriority=\"high\" decoding=\"async\" width=\"1024\" height=\"751\" src=\"https:\/\/bodybalance.pe\/wp-content\/uploads\/2024\/03\/nf-1024x751.jpg\" class=\"attachment-large size-large wp-image-18749\" alt=\"\" srcset=\"https:\/\/bodybalance.pe\/wp-content\/uploads\/2024\/03\/nf-1024x751.jpg 1024w, https:\/\/bodybalance.pe\/wp-content\/uploads\/2024\/03\/nf-300x220.jpg 300w, https:\/\/bodybalance.pe\/wp-content\/uploads\/2024\/03\/nf-768x563.jpg 768w, https:\/\/bodybalance.pe\/wp-content\/uploads\/2024\/03\/nf-600x440.jpg 600w, https:\/\/bodybalance.pe\/wp-content\/uploads\/2024\/03\/nf.jpg 1040w\" sizes=\"(max-width: 1024px) 100vw, 1024px\" \/>\t\t\t\t\t\t\t\t\t\t\t\t\t\t\t<\/div>\n\t\t\t\t<\/div>\n\t\t\t\t<div class=\"elementor-element elementor-element-e479cf2 text1 elementor-widget elementor-widget-text-editor\" data-id=\"e479cf2\" data-element_type=\"widget\" data-e-type=\"widget\" data-widget_type=\"text-editor.default\">\n\t\t\t\t<div class=\"elementor-widget-container\">\n\t\t\t\t\t\t\t\t\t<h3>Double Balance<\/h3>\n<p style=\"text-align: left;\">Disconnect, relax and renew yourself as a couple.<br>Experience our Body Balance massages with the best company.<br>Combination of decontracting + relaxing massages +<br>Reflexotherapy<br><b>Add-ons<\/b>: Electrotherapy + Hot Compresses and Aromatherapy<\/p>\n<p><strong>Price:<\/strong>: S\/.220<\/p>\n<p><a href=\"https:\/\/bodybalance.pe\/en\/double-balance\/\"><span style=\"color: #000000; font-size: 18px;\"><strong>Ver M\u00e1s <\/strong><\/span><\/a><i class=\"fa-solid fa-arrow-right-long\"><\/i><\/p>\t\t\t\t\t\t\t\t<\/div>\n\t\t\t\t<\/div>\n\t\t\t\t<\/div>\n\t\t<div class=\"elementor-element elementor-element-785b3019 e-con-full e-flex e-con e-child\" data-id=\"785b3019\" data-element_type=\"container\" data-e-type=\"container\">\n\t\t\t\t<div class=\"elementor-element elementor-element-1b2440a1 elementor-widget elementor-widget-image\" data-id=\"1b2440a1\" data-element_type=\"widget\" data-e-type=\"widget\" data-widget_type=\"image.default\">\n\t\t\t\t<div class=\"elementor-widget-container\">\n\t\t\t\t\t\t\t\t\t\t\t\t\t\t\t<img decoding=\"async\" width=\"1024\" height=\"751\" src=\"https:\/\/bodybalance.pe\/wp-content\/uploads\/2024\/03\/nf2-1024x751.jpg\" class=\"attachment-large size-large wp-image-18748\" alt=\"\" srcset=\"https:\/\/bodybalance.pe\/wp-content\/uploads\/2024\/03\/nf2-1024x751.jpg 1024w, https:\/\/bodybalance.pe\/wp-content\/uploads\/2024\/03\/nf2-300x220.jpg 300w, https:\/\/bodybalance.pe\/wp-content\/uploads\/2024\/03\/nf2-768x563.jpg 768w, https:\/\/bodybalance.pe\/wp-content\/uploads\/2024\/03\/nf2-600x440.jpg 600w, https:\/\/bodybalance.pe\/wp-content\/uploads\/2024\/03\/nf2.jpg 1040w\" sizes=\"(max-width: 1024px) 100vw, 1024px\" \/>\t\t\t\t\t\t\t\t\t\t\t\t\t\t\t<\/div>\n\t\t\t\t<\/div>\n\t\t\t\t<div class=\"elementor-element elementor-element-3ef586ac text1 elementor-widget elementor-widget-text-editor\" data-id=\"3ef586ac\" data-element_type=\"widget\" data-e-type=\"widget\" data-widget_type=\"text-editor.default\">\n\t\t\t\t<div class=\"elementor-widget-container\">\n\t\t\t\t\t\t\t\t\t<h3>Double Balance Premium<\/h3><p><span id=\"page9R_mcid8\" class=\"markedContent\"><span dir=\"ltr\" role=\"presentation\">You deserve it, be angry with the person who\u00a0<\/span><\/span><span id=\"page9R_mcid9\" class=\"markedContent\"><span dir=\"ltr\" role=\"presentation\">you want more and live a unique experience with our\u00a0\u00a0<\/span><\/span><span id=\"page9R_mcid10\" class=\"markedContent\"><span dir=\"ltr\" role=\"presentation\">massages and all their accessories.<\/span><\/span><\/p><p><span id=\"page9R_mcid21\" class=\"markedContent\"><span dir=\"ltr\" role=\"presentation\">Combination of decontracting + relaxing massages +<\/span><\/span><span id=\"page9R_mcid22\" class=\"markedContent\"><br role=\"presentation\" \/><span dir=\"ltr\" role=\"presentation\">Reflexotherapy<\/span><\/span><span id=\"page9R_mcid23\" class=\"markedContent\"><br role=\"presentation\" \/><span dir=\"ltr\" role=\"presentation\"><strong>Add-ons<\/strong>: Electrotherapy + Hot Compresses +\u00a0<\/span><\/span><span id=\"page9R_mcid24\" class=\"markedContent\"><span dir=\"ltr\" role=\"presentation\">Hot Stones + Aromatherapy and Ambient Music<\/span><\/span><\/p><p><strong>Price:<\/strong> S\/.290<\/p><p><span style=\"color: #000000;\"><a style=\"color: #000000;\" href=\"https:\/\/bodybalance.pe\/en\/double-balance-premium\/\"><strong style=\"font-size: 18px;\">See more<\/strong><\/a><\/span> <i class=\"fa-solid fa-arrow-right-long\"><\/i><\/p>\t\t\t\t\t\t\t\t<\/div>\n\t\t\t\t<\/div>\n\t\t\t\t<\/div>\n\t\t\t\t\t<\/div>\n\t\t\t\t<\/div>\n\t\t\t\t<\/div>","protected":false},"excerpt":{"rendered":"<p>Parejas Comp\u00e1rtelo con quien tu m\u00e1s quieras Double Balance Descon\u00e9ctate, rel\u00e1jate y renu\u00e9vate en pareja.Experimenta nuestro masajes Body Balance con la mejor compa\u00f1ia.Combinaci\u00f3n de masajes Descontracturantes + Relajantes +ReflexoterapiaComplementos: Electroterapia + Compresas Calientes y Aromaterapia Precio: S\/.220 Ver M\u00e1s Double Balance Premium Ustedes se lo merecen, engriete con la persona que\u00a0mas quieres y vive una [&hellip;]<\/p>\n","protected":false},"author":1,"featured_media":0,"parent":0,"menu_order":0,"comment_status":"closed","ping_status":"closed","template":"","meta":{"_uf_show_specific_survey":0,"_uf_disable_surveys":false,"_joinchat":[],"footnotes":""},"class_list":["post-17711","page","type-page","status-publish","hentry"],"aioseo_notices":[],"_links":{"self":[{"href":"https:\/\/bodybalance.pe\/en\/wp-json\/wp\/v2\/pages\/17711","targetHints":{"allow":["GET"]}}],"collection":[{"href":"https:\/\/bodybalance.pe\/en\/wp-json\/wp\/v2\/pages"}],"about":[{"href":"https:\/\/bodybalance.pe\/en\/wp-json\/wp\/v2\/types\/page"}],"author":[{"embeddable":true,"href":"https:\/\/bodybalance.pe\/en\/wp-json\/wp\/v2\/users\/1"}],"replies":[{"embeddable":true,"href":"https:\/\/bodybalance.pe\/en\/wp-json\/wp\/v2\/comments?post=17711"}],"version-history":[{"count":46,"href":"https:\/\/bodybalance.pe\/en\/wp-json\/wp\/v2\/pages\/17711\/revisions"}],"predecessor-version":[{"id":19034,"href":"https:\/\/bodybalance.pe\/en\/wp-json\/wp\/v2\/pages\/17711\/revisions\/19034"}],"wp:attachment":[{"href":"https:\/\/bodybalance.pe\/en\/wp-json\/wp\/v2\/media?parent=17711"}],"curies":[{"name":"wp","href":"https:\/\/api.w.org\/{rel}","templated":true}]}}