{"id":17717,"date":"2023-11-10T22:10:12","date_gmt":"2023-11-10T22:10:12","guid":{"rendered":"https:\/\/bodybalance.pe\/?page_id=17717"},"modified":"2024-03-08T17:10:14","modified_gmt":"2024-03-08T17:10:14","slug":"double-balance","status":"publish","type":"page","link":"https:\/\/bodybalance.pe\/en\/double-balance\/","title":{"rendered":"Double Balance"},"content":{"rendered":"<div data-elementor-type=\"wp-page\" data-elementor-id=\"17717\" class=\"elementor elementor-17717\" data-elementor-post-type=\"page\">\n\t\t\t\t<div class=\"elementor-element elementor-element-202941c1 e-flex e-con-boxed e-con e-parent\" data-id=\"202941c1\" data-element_type=\"container\" data-e-type=\"container\">\n\t\t\t\t\t<div class=\"e-con-inner\">\n\t\t<div class=\"elementor-element elementor-element-53abb3ec e-con-full e-flex e-con e-child\" data-id=\"53abb3ec\" data-element_type=\"container\" data-e-type=\"container\">\n\t\t\t\t<div class=\"elementor-element elementor-element-78bcd4ee elementor-widget elementor-widget-heading\" data-id=\"78bcd4ee\" data-element_type=\"widget\" data-e-type=\"widget\" data-widget_type=\"heading.default\">\n\t\t\t\t<div class=\"elementor-widget-container\">\n\t\t\t\t\t<h3 class=\"elementor-heading-title elementor-size-default\">Double Balance<\/h3>\t\t\t\t<\/div>\n\t\t\t\t<\/div>\n\t\t\t\t<div class=\"elementor-element elementor-element-f30ffdf elementor-widget elementor-widget-image\" data-id=\"f30ffdf\" data-element_type=\"widget\" data-e-type=\"widget\" data-widget_type=\"image.default\">\n\t\t\t\t<div class=\"elementor-widget-container\">\n\t\t\t\t\t\t\t\t\t\t\t\t\t\t\t<img fetchpriority=\"high\" decoding=\"async\" width=\"1024\" height=\"751\" src=\"https:\/\/bodybalance.pe\/wp-content\/uploads\/2024\/03\/nf-1024x751.jpg\" class=\"attachment-large size-large wp-image-18749\" alt=\"\" srcset=\"https:\/\/bodybalance.pe\/wp-content\/uploads\/2024\/03\/nf-1024x751.jpg 1024w, https:\/\/bodybalance.pe\/wp-content\/uploads\/2024\/03\/nf-300x220.jpg 300w, https:\/\/bodybalance.pe\/wp-content\/uploads\/2024\/03\/nf-768x563.jpg 768w, https:\/\/bodybalance.pe\/wp-content\/uploads\/2024\/03\/nf-600x440.jpg 600w, https:\/\/bodybalance.pe\/wp-content\/uploads\/2024\/03\/nf.jpg 1040w\" sizes=\"(max-width: 1024px) 100vw, 1024px\" \/>\t\t\t\t\t\t\t\t\t\t\t\t\t\t\t<\/div>\n\t\t\t\t<\/div>\n\t\t\t\t<\/div>\n\t\t<div class=\"elementor-element elementor-element-7084d3d0 e-con-full e-flex e-con e-child\" data-id=\"7084d3d0\" data-element_type=\"container\" data-e-type=\"container\">\n\t\t\t\t<div class=\"elementor-element elementor-element-2f9ec180 elementor-widget-divider--view-line elementor-widget elementor-widget-divider\" data-id=\"2f9ec180\" data-element_type=\"widget\" data-e-type=\"widget\" data-widget_type=\"divider.default\">\n\t\t\t\t<div class=\"elementor-widget-container\">\n\t\t\t\t\t\t\t<div class=\"elementor-divider\">\n\t\t\t<span class=\"elementor-divider-separator\">\n\t\t\t\t\t\t<\/span>\n\t\t<\/div>\n\t\t\t\t\t\t<\/div>\n\t\t\t\t<\/div>\n\t\t\t\t<div class=\"elementor-element elementor-element-6414a1c0 elementor-widget elementor-widget-text-editor\" data-id=\"6414a1c0\" data-element_type=\"widget\" data-e-type=\"widget\" data-widget_type=\"text-editor.default\">\n\t\t\t\t<div class=\"elementor-widget-container\">\n\t\t\t\t\t\t\t\t\t<p>Duraci\u00f3n: 70 minutos<\/p>\t\t\t\t\t\t\t\t<\/div>\n\t\t\t\t<\/div>\n\t\t\t\t<div class=\"elementor-element elementor-element-4bc884af elementor-widget-divider--view-line elementor-widget elementor-widget-divider\" data-id=\"4bc884af\" data-element_type=\"widget\" data-e-type=\"widget\" data-widget_type=\"divider.default\">\n\t\t\t\t<div class=\"elementor-widget-container\">\n\t\t\t\t\t\t\t<div class=\"elementor-divider\">\n\t\t\t<span class=\"elementor-divider-separator\">\n\t\t\t\t\t\t<\/span>\n\t\t<\/div>\n\t\t\t\t\t\t<\/div>\n\t\t\t\t<\/div>\n\t\t\t\t<div class=\"elementor-element elementor-element-2ecb9c11 elementor-widget elementor-widget-text-editor\" data-id=\"2ecb9c11\" data-element_type=\"widget\" data-e-type=\"widget\" data-widget_type=\"text-editor.default\">\n\t\t\t\t<div class=\"elementor-widget-container\">\n\t\t\t\t\t\t\t\t\t<p>Precio : S\/.220<\/p>\t\t\t\t\t\t\t\t<\/div>\n\t\t\t\t<\/div>\n\t\t\t\t<div class=\"elementor-element elementor-element-1630c164 elementor-widget-divider--view-line elementor-widget elementor-widget-divider\" data-id=\"1630c164\" data-element_type=\"widget\" data-e-type=\"widget\" data-widget_type=\"divider.default\">\n\t\t\t\t<div class=\"elementor-widget-container\">\n\t\t\t\t\t\t\t<div class=\"elementor-divider\">\n\t\t\t<span class=\"elementor-divider-separator\">\n\t\t\t\t\t\t<\/span>\n\t\t<\/div>\n\t\t\t\t\t\t<\/div>\n\t\t\t\t<\/div>\n\t\t\t\t<div class=\"elementor-element elementor-element-1457adb6 elementor-widget elementor-widget-text-editor\" data-id=\"1457adb6\" data-element_type=\"widget\" data-e-type=\"widget\" data-widget_type=\"text-editor.default\">\n\t\t\t\t<div class=\"elementor-widget-container\">\n\t\t\t\t\t\t\t\t\t<p style=\"text-align: left;\">Disconnect, relax and renew yourself as a couple.<br \/>Experimenta nuestro masajes Body Balance con la<br \/>mejor compa\u00f1ia.<br \/>Combination of decontracting + relaxing massages +<br \/>Reflexotherapy<br \/><b>Add-ons<\/b>: Electrotherapy + Hot Compresses and Aromatherapy<\/p>\t\t\t\t\t\t\t\t<\/div>\n\t\t\t\t<\/div>\n\t\t\t\t<\/div>\n\t\t\t\t\t<\/div>\n\t\t\t\t<\/div>\n\t\t<div class=\"elementor-element elementor-element-7367a4a2 e-flex e-con-boxed e-con e-parent\" data-id=\"7367a4a2\" data-element_type=\"container\" data-e-type=\"container\" id=\"contacto\">\n\t\t\t\t\t<div class=\"e-con-inner\">\n\t\t<div class=\"elementor-element elementor-element-3969d114 e-con-full e-flex e-con e-child\" data-id=\"3969d114\" data-element_type=\"container\" data-e-type=\"container\">\n\t\t\t\t<div class=\"elementor-element elementor-element-5b16b358 elementor-widget elementor-widget-heading\" data-id=\"5b16b358\" data-element_type=\"widget\" data-e-type=\"widget\" data-widget_type=\"heading.default\">\n\t\t\t\t<div class=\"elementor-widget-container\">\n\t\t\t\t\t<h3 class=\"elementor-heading-title elementor-size-default\">Reserva tu pr\u00f3xima cita<\/h3>\t\t\t\t<\/div>\n\t\t\t\t<\/div>\n\t\t\t\t<div class=\"elementor-element elementor-element-5b5c98ec elementor-widget elementor-widget-text-editor\" data-id=\"5b5c98ec\" data-element_type=\"widget\" data-e-type=\"widget\" data-widget_type=\"text-editor.default\">\n\t\t\t\t<div class=\"elementor-widget-container\">\n\t\t\t\t\t\t\t\t\t<p>D\u00e9janos tus datos y nos pondremos en contacto contigo para reservar tu cita<\/p>\t\t\t\t\t\t\t\t<\/div>\n\t\t\t\t<\/div>\n\t\t\t\t<\/div>\n\t\t<div class=\"elementor-element elementor-element-61252d5d e-con-full e-flex e-con e-child\" data-id=\"61252d5d\" data-element_type=\"container\" data-e-type=\"container\">\n\t\t\t\t<div class=\"elementor-element elementor-element-334b42ef elementor-widget elementor-widget-text-editor\" data-id=\"334b42ef\" data-element_type=\"widget\" data-e-type=\"widget\" data-widget_type=\"text-editor.default\">\n\t\t\t\t<div class=\"elementor-widget-container\">\n\t\t\t\t\t\t\t\t\t<p><a href=\"https:\/\/wa.link\/cr8az3\"><img decoding=\"async\" class=\"size-medium wp-image-17571 aligncenter\" src=\"https:\/\/bodybalance.pe\/wp-content\/uploads\/2023\/11\/reserva-300x54.png\" alt=\"\" width=\"300\" height=\"54\" srcset=\"https:\/\/bodybalance.pe\/wp-content\/uploads\/2023\/11\/reserva-300x54.png 300w, https:\/\/bodybalance.pe\/wp-content\/uploads\/2023\/11\/reserva-1024x185.png 1024w, https:\/\/bodybalance.pe\/wp-content\/uploads\/2023\/11\/reserva-768x139.png 768w, https:\/\/bodybalance.pe\/wp-content\/uploads\/2023\/11\/reserva-600x108.png 600w, https:\/\/bodybalance.pe\/wp-content\/uploads\/2023\/11\/reserva.png 1518w\" sizes=\"(max-width: 300px) 100vw, 300px\" \/><\/a>.<\/p>\t\t\t\t\t\t\t\t<\/div>\n\t\t\t\t<\/div>\n\t\t\t\t<\/div>\n\t\t\t\t\t<\/div>\n\t\t\t\t<\/div>\n\t\t\t\t<\/div>","protected":false},"excerpt":{"rendered":"<p>Double Balance Duraci\u00f3n: 70 minutos Precio : S\/.220 Descon\u00e9ctate, rel\u00e1jate y renu\u00e9vate en pareja.Experimenta nuestro masajes Body Balance con lamejor compa\u00f1ia.Combinaci\u00f3n de masajes Descontracturantes + Relajantes +ReflexoterapiaComplementos: Electroterapia + Compresas Calientes y Aromaterapia Reserva tu pr\u00f3xima cita D\u00e9janos tus datos y nos pondremos en contacto contigo para reservar tu cita .<\/p>","protected":false},"author":1,"featured_media":0,"parent":0,"menu_order":0,"comment_status":"closed","ping_status":"closed","template":"","meta":{"_uf_show_specific_survey":0,"_uf_disable_surveys":false,"_joinchat":[],"footnotes":""},"class_list":["post-17717","page","type-page","status-publish","hentry"],"aioseo_notices":[],"_links":{"self":[{"href":"https:\/\/bodybalance.pe\/en\/wp-json\/wp\/v2\/pages\/17717","targetHints":{"allow":["GET"]}}],"collection":[{"href":"https:\/\/bodybalance.pe\/en\/wp-json\/wp\/v2\/pages"}],"about":[{"href":"https:\/\/bodybalance.pe\/en\/wp-json\/wp\/v2\/types\/page"}],"author":[{"embeddable":true,"href":"https:\/\/bodybalance.pe\/en\/wp-json\/wp\/v2\/users\/1"}],"replies":[{"embeddable":true,"href":"https:\/\/bodybalance.pe\/en\/wp-json\/wp\/v2\/comments?post=17717"}],"version-history":[{"count":31,"href":"https:\/\/bodybalance.pe\/en\/wp-json\/wp\/v2\/pages\/17717\/revisions"}],"predecessor-version":[{"id":18875,"href":"https:\/\/bodybalance.pe\/en\/wp-json\/wp\/v2\/pages\/17717\/revisions\/18875"}],"wp:attachment":[{"href":"https:\/\/bodybalance.pe\/en\/wp-json\/wp\/v2\/media?parent=17717"}],"curies":[{"name":"wp","href":"https:\/\/api.w.org\/{rel}","templated":true}]}}