{"id":17764,"date":"2023-11-10T22:26:50","date_gmt":"2023-11-10T22:26:50","guid":{"rendered":"https:\/\/bodybalance.pe\/?page_id=17764"},"modified":"2024-03-07T21:14:57","modified_gmt":"2024-03-07T21:14:57","slug":"pre-natales","status":"publish","type":"page","link":"https:\/\/bodybalance.pe\/en\/pre-natales\/","title":{"rendered":"Prenatal"},"content":{"rendered":"<div data-elementor-type=\"wp-page\" data-elementor-id=\"17764\" class=\"elementor elementor-17764\" data-elementor-post-type=\"page\">\n\t\t\t\t<div class=\"elementor-element elementor-element-73631111 e-flex e-con-boxed e-con e-parent\" data-id=\"73631111\" data-element_type=\"container\" data-e-type=\"container\">\n\t\t\t\t\t<div class=\"e-con-inner\">\n\t\t\t\t<div class=\"elementor-element elementor-element-6a20f090 elementor-widget elementor-widget-heading\" data-id=\"6a20f090\" data-element_type=\"widget\" data-e-type=\"widget\" data-widget_type=\"heading.default\">\n\t\t\t\t<div class=\"elementor-widget-container\">\n\t\t\t\t\t<h3 class=\"elementor-heading-title elementor-size-default\">Prenatal<\/h3>\t\t\t\t<\/div>\n\t\t\t\t<\/div>\n\t\t\t\t<div class=\"elementor-element elementor-element-1e071167 elementor-widget-divider--view-line elementor-widget elementor-widget-divider\" data-id=\"1e071167\" data-element_type=\"widget\" data-e-type=\"widget\" data-widget_type=\"divider.default\">\n\t\t\t\t<div class=\"elementor-widget-container\">\n\t\t\t\t\t\t\t<div class=\"elementor-divider\">\n\t\t\t<span class=\"elementor-divider-separator\">\n\t\t\t\t\t\t<\/span>\n\t\t<\/div>\n\t\t\t\t\t\t<\/div>\n\t\t\t\t<\/div>\n\t\t\t\t<div class=\"elementor-element elementor-element-2a3a4cc9 elementor-widget elementor-widget-text-editor\" data-id=\"2a3a4cc9\" data-element_type=\"widget\" data-e-type=\"widget\" data-widget_type=\"text-editor.default\">\n\t\t\t\t<div class=\"elementor-widget-container\">\n\t\t\t\t\t\t\t\t\t<p>Deep relaxation for a sweet wait<\/p>\t\t\t\t\t\t\t\t<\/div>\n\t\t\t\t<\/div>\n\t\t\t\t\t<\/div>\n\t\t\t\t<\/div>\n\t\t<div class=\"elementor-element elementor-element-685d4d0e e-flex e-con-boxed e-con e-parent\" data-id=\"685d4d0e\" data-element_type=\"container\" data-e-type=\"container\">\n\t\t\t\t\t<div class=\"e-con-inner\">\n\t\t<div class=\"elementor-element elementor-element-5f226b96 e-con-full e-flex e-con e-child\" data-id=\"5f226b96\" data-element_type=\"container\" data-e-type=\"container\">\n\t\t\t\t<div class=\"elementor-element elementor-element-63a4dda elementor-widget elementor-widget-image\" data-id=\"63a4dda\" data-element_type=\"widget\" data-e-type=\"widget\" data-widget_type=\"image.default\">\n\t\t\t\t<div class=\"elementor-widget-container\">\n\t\t\t\t\t\t\t\t\t\t\t\t\t\t\t<img fetchpriority=\"high\" decoding=\"async\" width=\"845\" height=\"1024\" src=\"https:\/\/bodybalance.pe\/wp-content\/uploads\/2024\/03\/tf-845x1024.jpg\" class=\"attachment-large size-large wp-image-18599\" alt=\"\" srcset=\"https:\/\/bodybalance.pe\/wp-content\/uploads\/2024\/03\/tf-845x1024.jpg 845w, https:\/\/bodybalance.pe\/wp-content\/uploads\/2024\/03\/tf-248x300.jpg 248w, https:\/\/bodybalance.pe\/wp-content\/uploads\/2024\/03\/tf-768x931.jpg 768w, https:\/\/bodybalance.pe\/wp-content\/uploads\/2024\/03\/tf-600x727.jpg 600w, https:\/\/bodybalance.pe\/wp-content\/uploads\/2024\/03\/tf.jpg 1006w\" sizes=\"(max-width: 845px) 100vw, 845px\" \/>\t\t\t\t\t\t\t\t\t\t\t\t\t\t\t<\/div>\n\t\t\t\t<\/div>\n\t\t\t\t<div class=\"elementor-element elementor-element-5d65397b text1 elementor-widget elementor-widget-text-editor\" data-id=\"5d65397b\" data-element_type=\"widget\" data-e-type=\"widget\" data-widget_type=\"text-editor.default\">\n\t\t\t\t<div class=\"elementor-widget-container\">\n\t\t\t\t\t\t\t\t\t<h3>Floral &amp; Relax Foot<\/h3><p style=\"text-align: left;\"><em><span id=\"page8R_mcid59\" class=\"markedContent\"><span dir=\"ltr\" role=\"presentation\">(Lymphatic Drainage, Massages for tired feet and legs)<\/span><\/span><\/em><\/p><p style=\"text-align: left;\"><span id=\"page8R_mcid0\" class=\"markedContent\"><span dir=\"ltr\" role=\"presentation\">We will reduce your feelings of insecurity,<\/span><\/span><span id=\"page8R_mcid1\" class=\"markedContent\"><\/span><span id=\"page8R_mcid2\" class=\"markedContent\"> <span dir=\"ltr\" role=\"presentation\">fear of\u00a0<\/span><\/span><span id=\"page8R_mcid3\" class=\"markedContent\"><span dir=\"ltr\" role=\"presentation\">pregnancy and childbirth, helping psychologically<\/span><\/span><span id=\"page8R_mcid4\" class=\"markedContent\"><\/span><span id=\"page8R_mcid5\" class=\"markedContent\"> <span dir=\"ltr\" role=\"presentation\">to the<\/span><\/span><span id=\"page8R_mcid6\" class=\"markedContent\"><br role=\"presentation\" \/><span dir=\"ltr\" role=\"presentation\">relaxation of the muscles involved in the process of<\/span><\/span><span id=\"page8R_mcid7\" class=\"markedContent\"><br role=\"presentation\" \/><span dir=\"ltr\" role=\"presentation\">give birth.<\/span><\/span><\/p><p style=\"text-align: left;\"><b style=\"color: var( --e-global-color-text ); font-family: var( --e-global-typography-text-font-family ), Sans-serif; text-align: justify;\">Price:<\/b><span style=\"color: var( --e-global-color-text ); font-family: var( --e-global-typography-text-font-family ), Sans-serif; font-weight: var( --e-global-typography-text-font-weight ); text-align: justify;\">: S\/125<\/span><\/p><p><span style=\"color: #232020;\"><a style=\"color: #232020;\" href=\"https:\/\/bodybalance.pe\/en\/floral-relax-foot\/\"><strong style=\"font-size: 18px;\">See more<\/strong><\/a><\/span> <i class=\"fa-solid fa-arrow-right-long\"><\/i><\/p>\t\t\t\t\t\t\t\t<\/div>\n\t\t\t\t<\/div>\n\t\t\t\t<\/div>\n\t\t<div class=\"elementor-element elementor-element-53a46841 e-con-full e-flex e-con e-child\" data-id=\"53a46841\" data-element_type=\"container\" data-e-type=\"container\">\n\t\t\t\t<div class=\"elementor-element elementor-element-5121e9d1 elementor-widget elementor-widget-image\" data-id=\"5121e9d1\" data-element_type=\"widget\" data-e-type=\"widget\" data-widget_type=\"image.default\">\n\t\t\t\t<div class=\"elementor-widget-container\">\n\t\t\t\t\t\t\t\t\t\t\t\t\t\t\t<img decoding=\"async\" width=\"845\" height=\"1024\" src=\"https:\/\/bodybalance.pe\/wp-content\/uploads\/2024\/03\/To-be-mon-845x1024.jpg\" class=\"attachment-large size-large wp-image-18595\" alt=\"\" srcset=\"https:\/\/bodybalance.pe\/wp-content\/uploads\/2024\/03\/To-be-mon-845x1024.jpg 845w, https:\/\/bodybalance.pe\/wp-content\/uploads\/2024\/03\/To-be-mon-248x300.jpg 248w, https:\/\/bodybalance.pe\/wp-content\/uploads\/2024\/03\/To-be-mon-768x931.jpg 768w, https:\/\/bodybalance.pe\/wp-content\/uploads\/2024\/03\/To-be-mon-600x727.jpg 600w, https:\/\/bodybalance.pe\/wp-content\/uploads\/2024\/03\/To-be-mon.jpg 1006w\" sizes=\"(max-width: 845px) 100vw, 845px\" \/>\t\t\t\t\t\t\t\t\t\t\t\t\t\t\t<\/div>\n\t\t\t\t<\/div>\n\t\t\t\t<div class=\"elementor-element elementor-element-21c27af text1 elementor-widget elementor-widget-text-editor\" data-id=\"21c27af\" data-element_type=\"widget\" data-e-type=\"widget\" data-widget_type=\"text-editor.default\">\n\t\t\t\t<div class=\"elementor-widget-container\">\n\t\t\t\t\t\t\t\t\t<h3>To Be a Mom<\/h3><p><em><span id=\"page8R_mcid60\" class=\"markedContent\"><span dir=\"ltr\" role=\"presentation\">(Masaje Lumbar)<\/span><\/span><\/em><\/p><p><span id=\"page8R_mcid0\" class=\"markedContent\"><span dir=\"ltr\" role=\"presentation\">We will reduce your feelings of insecurity,<\/span><\/span><span id=\"page8R_mcid1\" class=\"markedContent\"><\/span><span id=\"page8R_mcid2\" class=\"markedContent\"> <span dir=\"ltr\" role=\"presentation\">fear of\u00a0<\/span><\/span><span id=\"page8R_mcid3\" class=\"markedContent\"><span dir=\"ltr\" role=\"presentation\">pregnancy and childbirth, helping psychologically<\/span><\/span><span id=\"page8R_mcid4\" class=\"markedContent\"><\/span><span id=\"page8R_mcid5\" class=\"markedContent\"> <span dir=\"ltr\" role=\"presentation\">to the\u00a0<\/span><\/span><span id=\"page8R_mcid6\" class=\"markedContent\"><span dir=\"ltr\" role=\"presentation\">relaxation of the muscles involved in the process of<\/span><\/span><span id=\"page8R_mcid7\" class=\"markedContent\"><br role=\"presentation\" \/><span dir=\"ltr\" role=\"presentation\">give birth.<\/span><\/span><\/p><p><strong>Price:<\/strong> S\/.220<\/p><p><span style=\"color: #000000;\"><a style=\"color: #000000;\" href=\"https:\/\/bodybalance.pe\/en\/to-be-a-mom\/\"><strong style=\"font-size: 18px;\">See more<\/strong><\/a><\/span> <i class=\"fa-solid fa-arrow-right-long\"><\/i><\/p>\t\t\t\t\t\t\t\t<\/div>\n\t\t\t\t<\/div>\n\t\t\t\t<\/div>\n\t\t\t\t\t<\/div>\n\t\t\t\t<\/div>\n\t\t<div class=\"elementor-element elementor-element-4c36667 e-flex e-con-boxed e-con e-parent\" data-id=\"4c36667\" data-element_type=\"container\" data-e-type=\"container\">\n\t\t\t\t\t<div class=\"e-con-inner\">\n\t\t<div class=\"elementor-element elementor-element-5ea405f e-con-full e-flex e-con e-child\" data-id=\"5ea405f\" data-element_type=\"container\" data-e-type=\"container\">\n\t\t\t\t<div class=\"elementor-element elementor-element-54a9a88 elementor-widget elementor-widget-image\" data-id=\"54a9a88\" data-element_type=\"widget\" data-e-type=\"widget\" data-widget_type=\"image.default\">\n\t\t\t\t<div class=\"elementor-widget-container\">\n\t\t\t\t\t\t\t\t\t\t\t\t\t\t\t<img decoding=\"async\" width=\"845\" height=\"1024\" src=\"https:\/\/bodybalance.pe\/wp-content\/uploads\/2024\/03\/fa-845x1024.jpg\" class=\"attachment-large size-large wp-image-18601\" alt=\"\" srcset=\"https:\/\/bodybalance.pe\/wp-content\/uploads\/2024\/03\/fa-845x1024.jpg 845w, https:\/\/bodybalance.pe\/wp-content\/uploads\/2024\/03\/fa-248x300.jpg 248w, https:\/\/bodybalance.pe\/wp-content\/uploads\/2024\/03\/fa-768x931.jpg 768w, https:\/\/bodybalance.pe\/wp-content\/uploads\/2024\/03\/fa-600x727.jpg 600w, https:\/\/bodybalance.pe\/wp-content\/uploads\/2024\/03\/fa.jpg 1006w\" sizes=\"(max-width: 845px) 100vw, 845px\" \/>\t\t\t\t\t\t\t\t\t\t\t\t\t\t\t<\/div>\n\t\t\t\t<\/div>\n\t\t\t\t<div class=\"elementor-element elementor-element-676760d text1 elementor-widget elementor-widget-text-editor\" data-id=\"676760d\" data-element_type=\"widget\" data-e-type=\"widget\" data-widget_type=\"text-editor.default\">\n\t\t\t\t<div class=\"elementor-widget-container\">\n\t\t\t\t\t\t\t\t\t<h3>Facial &amp; Relax<\/h3><p style=\"text-align: left;\"><em><span id=\"page8R_mcid61\" class=\"markedContent\"><span dir=\"ltr\" role=\"presentation\">(Combination of Cervical and Craniofacial massage)<\/span><\/span><\/em><\/p><p><span id=\"page8R_mcid0\" class=\"markedContent\"><span dir=\"ltr\" role=\"presentation\">We will reduce your feelings of insecurity,<\/span><\/span><span id=\"page8R_mcid1\" class=\"markedContent\"><\/span><span id=\"page8R_mcid2\" class=\"markedContent\"> <span dir=\"ltr\" role=\"presentation\">fear of\u00a0<\/span><\/span><span id=\"page8R_mcid3\" class=\"markedContent\"><span dir=\"ltr\" role=\"presentation\">pregnancy and childbirth, helping psychologically<\/span><\/span><span id=\"page8R_mcid4\" class=\"markedContent\"><\/span><span id=\"page8R_mcid5\" class=\"markedContent\"> <span dir=\"ltr\" role=\"presentation\">to the\u00a0<\/span><\/span><span id=\"page8R_mcid6\" class=\"markedContent\"><span dir=\"ltr\" role=\"presentation\">relaxation of the muscles involved in the process of\u00a0<\/span><\/span><span id=\"page8R_mcid7\" class=\"markedContent\"><span dir=\"ltr\" role=\"presentation\">give birth.<\/span><\/span><\/p><p style=\"text-align: left;\"><b style=\"color: var( --e-global-color-text ); font-family: var( --e-global-typography-text-font-family ), Sans-serif; text-align: justify;\">Price:<\/b><span style=\"color: var( --e-global-color-text ); font-family: var( --e-global-typography-text-font-family ), Sans-serif; font-weight: var( --e-global-typography-text-font-weight ); text-align: justify;\">: S\/310<\/span><\/p><p><span style=\"color: #232020;\"><a style=\"color: #232020;\" href=\"https:\/\/bodybalance.pe\/en\/facial-relax\/\"><strong style=\"font-size: 18px;\">See more<\/strong><\/a><\/span> <i class=\"fa-solid fa-arrow-right-long\"><\/i><\/p>\t\t\t\t\t\t\t\t<\/div>\n\t\t\t\t<\/div>\n\t\t\t\t<\/div>\n\t\t<div class=\"elementor-element elementor-element-9f671d5 e-con-full e-flex e-con e-child\" data-id=\"9f671d5\" data-element_type=\"container\" data-e-type=\"container\">\n\t\t\t\t<\/div>\n\t\t\t\t\t<\/div>\n\t\t\t\t<\/div>\n\t\t\t\t<\/div>","protected":false},"excerpt":{"rendered":"<p>Pre Natales Relajaci\u00f3n profunda para una dulce espera Floral &amp; Relax Foot (Drenaje Linf\u00e1tico, Masajes para pies y piernas cansadas) Reduciremos tus sensaciones de inseguridad, temor ante\u00a0el embarazo y el parto, ayudando psicol\u00f3gicamente a larelajaci\u00f3n de los m\u00fasculos involucrados en el proceso dedar a luz. Precio: S\/125 Ver m\u00e1s To Be a Mom (Masaje Lumbar) [&hellip;]<\/p>\n","protected":false},"author":1,"featured_media":0,"parent":0,"menu_order":0,"comment_status":"closed","ping_status":"closed","template":"","meta":{"_uf_show_specific_survey":0,"_uf_disable_surveys":false,"_joinchat":[],"footnotes":""},"class_list":["post-17764","page","type-page","status-publish","hentry"],"aioseo_notices":[],"_links":{"self":[{"href":"https:\/\/bodybalance.pe\/en\/wp-json\/wp\/v2\/pages\/17764","targetHints":{"allow":["GET"]}}],"collection":[{"href":"https:\/\/bodybalance.pe\/en\/wp-json\/wp\/v2\/pages"}],"about":[{"href":"https:\/\/bodybalance.pe\/en\/wp-json\/wp\/v2\/types\/page"}],"author":[{"embeddable":true,"href":"https:\/\/bodybalance.pe\/en\/wp-json\/wp\/v2\/users\/1"}],"replies":[{"embeddable":true,"href":"https:\/\/bodybalance.pe\/en\/wp-json\/wp\/v2\/comments?post=17764"}],"version-history":[{"count":37,"href":"https:\/\/bodybalance.pe\/en\/wp-json\/wp\/v2\/pages\/17764\/revisions"}],"predecessor-version":[{"id":18758,"href":"https:\/\/bodybalance.pe\/en\/wp-json\/wp\/v2\/pages\/17764\/revisions\/18758"}],"wp:attachment":[{"href":"https:\/\/bodybalance.pe\/en\/wp-json\/wp\/v2\/media?parent=17764"}],"curies":[{"name":"wp","href":"https:\/\/api.w.org\/{rel}","templated":true}]}}