{"id":17785,"date":"2023-11-10T22:39:01","date_gmt":"2023-11-10T22:39:01","guid":{"rendered":"https:\/\/bodybalance.pe\/?page_id=17785"},"modified":"2024-03-08T17:13:05","modified_gmt":"2024-03-08T17:13:05","slug":"to-be-a-mom","status":"publish","type":"page","link":"https:\/\/bodybalance.pe\/en\/to-be-a-mom\/","title":{"rendered":"To Be a Mom"},"content":{"rendered":"<div data-elementor-type=\"wp-page\" data-elementor-id=\"17785\" class=\"elementor elementor-17785\" data-elementor-post-type=\"page\">\n\t\t\t\t<div class=\"elementor-element elementor-element-606c030c e-flex e-con-boxed e-con e-parent\" data-id=\"606c030c\" data-element_type=\"container\" data-e-type=\"container\">\n\t\t\t\t\t<div class=\"e-con-inner\">\n\t\t<div class=\"elementor-element elementor-element-47d9cb72 e-con-full e-flex e-con e-child\" data-id=\"47d9cb72\" data-element_type=\"container\" data-e-type=\"container\">\n\t\t\t\t<div class=\"elementor-element elementor-element-661fc3d1 elementor-widget elementor-widget-heading\" data-id=\"661fc3d1\" data-element_type=\"widget\" data-e-type=\"widget\" data-widget_type=\"heading.default\">\n\t\t\t\t<div class=\"elementor-widget-container\">\n\t\t\t\t\t<h3 class=\"elementor-heading-title elementor-size-default\">To Be a Mom<\/h3>\t\t\t\t<\/div>\n\t\t\t\t<\/div>\n\t\t\t\t<div class=\"elementor-element elementor-element-11764a2 elementor-widget elementor-widget-image\" data-id=\"11764a2\" data-element_type=\"widget\" data-e-type=\"widget\" data-widget_type=\"image.default\">\n\t\t\t\t<div class=\"elementor-widget-container\">\n\t\t\t\t\t\t\t\t\t\t\t\t\t\t\t<img fetchpriority=\"high\" decoding=\"async\" width=\"845\" height=\"1024\" src=\"https:\/\/bodybalance.pe\/wp-content\/uploads\/2024\/03\/To-be-mon-845x1024.jpg\" class=\"attachment-large size-large wp-image-18595\" alt=\"\" srcset=\"https:\/\/bodybalance.pe\/wp-content\/uploads\/2024\/03\/To-be-mon-845x1024.jpg 845w, https:\/\/bodybalance.pe\/wp-content\/uploads\/2024\/03\/To-be-mon-248x300.jpg 248w, https:\/\/bodybalance.pe\/wp-content\/uploads\/2024\/03\/To-be-mon-768x931.jpg 768w, https:\/\/bodybalance.pe\/wp-content\/uploads\/2024\/03\/To-be-mon-600x727.jpg 600w, https:\/\/bodybalance.pe\/wp-content\/uploads\/2024\/03\/To-be-mon.jpg 1006w\" sizes=\"(max-width: 845px) 100vw, 845px\" \/>\t\t\t\t\t\t\t\t\t\t\t\t\t\t\t<\/div>\n\t\t\t\t<\/div>\n\t\t\t\t<\/div>\n\t\t<div class=\"elementor-element elementor-element-10c030a e-con-full e-flex e-con e-child\" data-id=\"10c030a\" data-element_type=\"container\" data-e-type=\"container\">\n\t\t\t\t<div class=\"elementor-element elementor-element-34d7fa5b elementor-widget-divider--view-line elementor-widget elementor-widget-divider\" data-id=\"34d7fa5b\" data-element_type=\"widget\" data-e-type=\"widget\" data-widget_type=\"divider.default\">\n\t\t\t\t<div class=\"elementor-widget-container\">\n\t\t\t\t\t\t\t<div class=\"elementor-divider\">\n\t\t\t<span class=\"elementor-divider-separator\">\n\t\t\t\t\t\t<\/span>\n\t\t<\/div>\n\t\t\t\t\t\t<\/div>\n\t\t\t\t<\/div>\n\t\t\t\t<div class=\"elementor-element elementor-element-cf2de6d elementor-widget elementor-widget-text-editor\" data-id=\"cf2de6d\" data-element_type=\"widget\" data-e-type=\"widget\" data-widget_type=\"text-editor.default\">\n\t\t\t\t<div class=\"elementor-widget-container\">\n\t\t\t\t\t\t\t\t\t<p>Duraci\u00f3n: 70 minutos &#8211; 2 sesiones<\/p>\t\t\t\t\t\t\t\t<\/div>\n\t\t\t\t<\/div>\n\t\t\t\t<div class=\"elementor-element elementor-element-7a75396f elementor-widget-divider--view-line elementor-widget elementor-widget-divider\" data-id=\"7a75396f\" data-element_type=\"widget\" data-e-type=\"widget\" data-widget_type=\"divider.default\">\n\t\t\t\t<div class=\"elementor-widget-container\">\n\t\t\t\t\t\t\t<div class=\"elementor-divider\">\n\t\t\t<span class=\"elementor-divider-separator\">\n\t\t\t\t\t\t<\/span>\n\t\t<\/div>\n\t\t\t\t\t\t<\/div>\n\t\t\t\t<\/div>\n\t\t\t\t<div class=\"elementor-element elementor-element-39c302f2 elementor-widget elementor-widget-text-editor\" data-id=\"39c302f2\" data-element_type=\"widget\" data-e-type=\"widget\" data-widget_type=\"text-editor.default\">\n\t\t\t\t<div class=\"elementor-widget-container\">\n\t\t\t\t\t\t\t\t\t<p>Precio : S\/.220\u00a0<\/p>\t\t\t\t\t\t\t\t<\/div>\n\t\t\t\t<\/div>\n\t\t\t\t<div class=\"elementor-element elementor-element-3e46270e elementor-widget-divider--view-line elementor-widget elementor-widget-divider\" data-id=\"3e46270e\" data-element_type=\"widget\" data-e-type=\"widget\" data-widget_type=\"divider.default\">\n\t\t\t\t<div class=\"elementor-widget-container\">\n\t\t\t\t\t\t\t<div class=\"elementor-divider\">\n\t\t\t<span class=\"elementor-divider-separator\">\n\t\t\t\t\t\t<\/span>\n\t\t<\/div>\n\t\t\t\t\t\t<\/div>\n\t\t\t\t<\/div>\n\t\t\t\t<div class=\"elementor-element elementor-element-5dec3fcb elementor-widget elementor-widget-text-editor\" data-id=\"5dec3fcb\" data-element_type=\"widget\" data-e-type=\"widget\" data-widget_type=\"text-editor.default\">\n\t\t\t\t<div class=\"elementor-widget-container\">\n\t\t\t\t\t\t\t\t\t<p><span id=\"page8R_mcid60\" class=\"markedContent\"><span dir=\"ltr\" role=\"presentation\">(Masaje Lumbar)<\/span><\/span><\/p><p><span id=\"page8R_mcid0\" class=\"markedContent\"><span dir=\"ltr\" role=\"presentation\">We will reduce your feelings of insecurity,<\/span><\/span><span id=\"page8R_mcid1\" class=\"markedContent\"><\/span><span id=\"page8R_mcid2\" class=\"markedContent\"> <span dir=\"ltr\" role=\"presentation\">fear of <\/span><\/span><span id=\"page8R_mcid3\" class=\"markedContent\"><span dir=\"ltr\" role=\"presentation\">pregnancy and childbirth, helping psychologically<\/span><\/span><span id=\"page8R_mcid4\" class=\"markedContent\"><\/span><span id=\"page8R_mcid5\" class=\"markedContent\"> <span dir=\"ltr\" role=\"presentation\">to the <\/span><\/span><span id=\"page8R_mcid6\" class=\"markedContent\"><span dir=\"ltr\" role=\"presentation\">relaxation of the muscles involved in the process of <\/span><\/span><span id=\"page8R_mcid7\" class=\"markedContent\"><span dir=\"ltr\" role=\"presentation\">give birth.<\/span><\/span><\/p>\t\t\t\t\t\t\t\t<\/div>\n\t\t\t\t<\/div>\n\t\t\t\t<\/div>\n\t\t\t\t\t<\/div>\n\t\t\t\t<\/div>\n\t\t<div class=\"elementor-element elementor-element-b6ad2fe e-flex e-con-boxed e-con e-parent\" data-id=\"b6ad2fe\" data-element_type=\"container\" data-e-type=\"container\" id=\"contacto\">\n\t\t\t\t\t<div class=\"e-con-inner\">\n\t\t<div class=\"elementor-element elementor-element-5e1e90f0 e-con-full e-flex e-con e-child\" data-id=\"5e1e90f0\" data-element_type=\"container\" data-e-type=\"container\">\n\t\t\t\t<div class=\"elementor-element elementor-element-1094d9b4 elementor-widget elementor-widget-heading\" data-id=\"1094d9b4\" data-element_type=\"widget\" data-e-type=\"widget\" data-widget_type=\"heading.default\">\n\t\t\t\t<div class=\"elementor-widget-container\">\n\t\t\t\t\t<h3 class=\"elementor-heading-title elementor-size-default\">Reserva tu pr\u00f3xima cita<\/h3>\t\t\t\t<\/div>\n\t\t\t\t<\/div>\n\t\t\t\t<div class=\"elementor-element elementor-element-51daf1c elementor-widget elementor-widget-text-editor\" data-id=\"51daf1c\" data-element_type=\"widget\" data-e-type=\"widget\" data-widget_type=\"text-editor.default\">\n\t\t\t\t<div class=\"elementor-widget-container\">\n\t\t\t\t\t\t\t\t\t<p>D\u00e9janos tus datos y nos pondremos en contacto contigo para reservar tu cita<\/p>\t\t\t\t\t\t\t\t<\/div>\n\t\t\t\t<\/div>\n\t\t\t\t<\/div>\n\t\t<div class=\"elementor-element elementor-element-6ad5fd73 e-con-full e-flex e-con e-child\" data-id=\"6ad5fd73\" data-element_type=\"container\" data-e-type=\"container\">\n\t\t\t\t<div class=\"elementor-element elementor-element-3a464d8 elementor-widget elementor-widget-text-editor\" data-id=\"3a464d8\" data-element_type=\"widget\" data-e-type=\"widget\" data-widget_type=\"text-editor.default\">\n\t\t\t\t<div class=\"elementor-widget-container\">\n\t\t\t\t\t\t\t\t\t<p><a href=\"https:\/\/wa.link\/3u6gin\"><img decoding=\"async\" class=\"size-medium wp-image-17571 aligncenter\" src=\"https:\/\/bodybalance.pe\/wp-content\/uploads\/2023\/11\/reserva-300x54.png\" alt=\"\" width=\"300\" height=\"54\" srcset=\"https:\/\/bodybalance.pe\/wp-content\/uploads\/2023\/11\/reserva-300x54.png 300w, https:\/\/bodybalance.pe\/wp-content\/uploads\/2023\/11\/reserva-1024x185.png 1024w, https:\/\/bodybalance.pe\/wp-content\/uploads\/2023\/11\/reserva-768x139.png 768w, https:\/\/bodybalance.pe\/wp-content\/uploads\/2023\/11\/reserva-600x108.png 600w, https:\/\/bodybalance.pe\/wp-content\/uploads\/2023\/11\/reserva.png 1518w\" sizes=\"(max-width: 300px) 100vw, 300px\" \/><\/a>.<\/p>\t\t\t\t\t\t\t\t<\/div>\n\t\t\t\t<\/div>\n\t\t\t\t<\/div>\n\t\t\t\t\t<\/div>\n\t\t\t\t<\/div>\n\t\t\t\t<\/div>","protected":false},"excerpt":{"rendered":"<p>To Be a Mom Duraci\u00f3n: 70 minutos &#8211; 2 sesiones Precio : S\/.220\u00a0 (Masaje Lumbar) Reduciremos tus sensaciones de inseguridad, temor ante el embarazo y el parto, ayudando psicol\u00f3gicamente a la relajaci\u00f3n de los m\u00fasculos involucrados en el proceso de dar a luz. Reserva tu pr\u00f3xima cita D\u00e9janos tus datos y nos pondremos en contacto [&hellip;]<\/p>\n","protected":false},"author":1,"featured_media":0,"parent":0,"menu_order":0,"comment_status":"closed","ping_status":"closed","template":"","meta":{"_uf_show_specific_survey":0,"_uf_disable_surveys":false,"_joinchat":[],"footnotes":""},"class_list":["post-17785","page","type-page","status-publish","hentry"],"aioseo_notices":[],"_links":{"self":[{"href":"https:\/\/bodybalance.pe\/en\/wp-json\/wp\/v2\/pages\/17785","targetHints":{"allow":["GET"]}}],"collection":[{"href":"https:\/\/bodybalance.pe\/en\/wp-json\/wp\/v2\/pages"}],"about":[{"href":"https:\/\/bodybalance.pe\/en\/wp-json\/wp\/v2\/types\/page"}],"author":[{"embeddable":true,"href":"https:\/\/bodybalance.pe\/en\/wp-json\/wp\/v2\/users\/1"}],"replies":[{"embeddable":true,"href":"https:\/\/bodybalance.pe\/en\/wp-json\/wp\/v2\/comments?post=17785"}],"version-history":[{"count":13,"href":"https:\/\/bodybalance.pe\/en\/wp-json\/wp\/v2\/pages\/17785\/revisions"}],"predecessor-version":[{"id":18884,"href":"https:\/\/bodybalance.pe\/en\/wp-json\/wp\/v2\/pages\/17785\/revisions\/18884"}],"wp:attachment":[{"href":"https:\/\/bodybalance.pe\/en\/wp-json\/wp\/v2\/media?parent=17785"}],"curies":[{"name":"wp","href":"https:\/\/api.w.org\/{rel}","templated":true}]}}