{"id":17795,"date":"2023-11-10T22:45:07","date_gmt":"2023-11-10T22:45:07","guid":{"rendered":"https:\/\/bodybalance.pe\/?page_id=17795"},"modified":"2024-03-08T17:13:54","modified_gmt":"2024-03-08T17:13:54","slug":"facial-relax","status":"publish","type":"page","link":"https:\/\/bodybalance.pe\/en\/facial-relax\/","title":{"rendered":"Facial &amp; Relax"},"content":{"rendered":"<div data-elementor-type=\"wp-page\" data-elementor-id=\"17795\" class=\"elementor elementor-17795\" data-elementor-post-type=\"page\">\n\t\t\t\t<div class=\"elementor-element elementor-element-44b44d44 e-flex e-con-boxed e-con e-parent\" data-id=\"44b44d44\" data-element_type=\"container\" data-e-type=\"container\">\n\t\t\t\t\t<div class=\"e-con-inner\">\n\t\t<div class=\"elementor-element elementor-element-7d4845bc e-con-full e-flex e-con e-child\" data-id=\"7d4845bc\" data-element_type=\"container\" data-e-type=\"container\">\n\t\t\t\t<div class=\"elementor-element elementor-element-3425530a elementor-widget elementor-widget-heading\" data-id=\"3425530a\" data-element_type=\"widget\" data-e-type=\"widget\" data-widget_type=\"heading.default\">\n\t\t\t\t<div class=\"elementor-widget-container\">\n\t\t\t\t\t<h3 class=\"elementor-heading-title elementor-size-default\">Facial &amp; Relax<\/h3>\t\t\t\t<\/div>\n\t\t\t\t<\/div>\n\t\t\t\t<div class=\"elementor-element elementor-element-f03d3ed elementor-widget elementor-widget-image\" data-id=\"f03d3ed\" data-element_type=\"widget\" data-e-type=\"widget\" data-widget_type=\"image.default\">\n\t\t\t\t<div class=\"elementor-widget-container\">\n\t\t\t\t\t\t\t\t\t\t\t\t\t\t\t<img fetchpriority=\"high\" decoding=\"async\" width=\"845\" height=\"1024\" src=\"https:\/\/bodybalance.pe\/wp-content\/uploads\/2024\/03\/fa-845x1024.jpg\" class=\"attachment-large size-large wp-image-18601\" alt=\"\" srcset=\"https:\/\/bodybalance.pe\/wp-content\/uploads\/2024\/03\/fa-845x1024.jpg 845w, https:\/\/bodybalance.pe\/wp-content\/uploads\/2024\/03\/fa-248x300.jpg 248w, https:\/\/bodybalance.pe\/wp-content\/uploads\/2024\/03\/fa-768x931.jpg 768w, https:\/\/bodybalance.pe\/wp-content\/uploads\/2024\/03\/fa-600x727.jpg 600w, https:\/\/bodybalance.pe\/wp-content\/uploads\/2024\/03\/fa.jpg 1006w\" sizes=\"(max-width: 845px) 100vw, 845px\" \/>\t\t\t\t\t\t\t\t\t\t\t\t\t\t\t<\/div>\n\t\t\t\t<\/div>\n\t\t\t\t<\/div>\n\t\t<div class=\"elementor-element elementor-element-61df1d9b e-con-full e-flex e-con e-child\" data-id=\"61df1d9b\" data-element_type=\"container\" data-e-type=\"container\">\n\t\t\t\t<div class=\"elementor-element elementor-element-5df076fa elementor-widget-divider--view-line elementor-widget elementor-widget-divider\" data-id=\"5df076fa\" data-element_type=\"widget\" data-e-type=\"widget\" data-widget_type=\"divider.default\">\n\t\t\t\t<div class=\"elementor-widget-container\">\n\t\t\t\t\t\t\t<div class=\"elementor-divider\">\n\t\t\t<span class=\"elementor-divider-separator\">\n\t\t\t\t\t\t<\/span>\n\t\t<\/div>\n\t\t\t\t\t\t<\/div>\n\t\t\t\t<\/div>\n\t\t\t\t<div class=\"elementor-element elementor-element-8a23b88 elementor-widget elementor-widget-text-editor\" data-id=\"8a23b88\" data-element_type=\"widget\" data-e-type=\"widget\" data-widget_type=\"text-editor.default\">\n\t\t\t\t<div class=\"elementor-widget-container\">\n\t\t\t\t\t\t\t\t\t<p>Duraci\u00f3n: 70 minutos &#8211; 3 Sesiones<\/p>\t\t\t\t\t\t\t\t<\/div>\n\t\t\t\t<\/div>\n\t\t\t\t<div class=\"elementor-element elementor-element-2a0d8f83 elementor-widget-divider--view-line elementor-widget elementor-widget-divider\" data-id=\"2a0d8f83\" data-element_type=\"widget\" data-e-type=\"widget\" data-widget_type=\"divider.default\">\n\t\t\t\t<div class=\"elementor-widget-container\">\n\t\t\t\t\t\t\t<div class=\"elementor-divider\">\n\t\t\t<span class=\"elementor-divider-separator\">\n\t\t\t\t\t\t<\/span>\n\t\t<\/div>\n\t\t\t\t\t\t<\/div>\n\t\t\t\t<\/div>\n\t\t\t\t<div class=\"elementor-element elementor-element-71eb5f72 elementor-widget elementor-widget-text-editor\" data-id=\"71eb5f72\" data-element_type=\"widget\" data-e-type=\"widget\" data-widget_type=\"text-editor.default\">\n\t\t\t\t<div class=\"elementor-widget-container\">\n\t\t\t\t\t\t\t\t\t<p>Precio : S\/.310<\/p>\t\t\t\t\t\t\t\t<\/div>\n\t\t\t\t<\/div>\n\t\t\t\t<div class=\"elementor-element elementor-element-146b4fee elementor-widget-divider--view-line elementor-widget elementor-widget-divider\" data-id=\"146b4fee\" data-element_type=\"widget\" data-e-type=\"widget\" data-widget_type=\"divider.default\">\n\t\t\t\t<div class=\"elementor-widget-container\">\n\t\t\t\t\t\t\t<div class=\"elementor-divider\">\n\t\t\t<span class=\"elementor-divider-separator\">\n\t\t\t\t\t\t<\/span>\n\t\t<\/div>\n\t\t\t\t\t\t<\/div>\n\t\t\t\t<\/div>\n\t\t\t\t<div class=\"elementor-element elementor-element-26d45f6f elementor-widget elementor-widget-text-editor\" data-id=\"26d45f6f\" data-element_type=\"widget\" data-e-type=\"widget\" data-widget_type=\"text-editor.default\">\n\t\t\t\t<div class=\"elementor-widget-container\">\n\t\t\t\t\t\t\t\t\t<p><span id=\"page8R_mcid61\" class=\"markedContent\"><span dir=\"ltr\" role=\"presentation\">(Combination of Cervical and Craniofacial massage)<\/span><\/span><\/p><p><span id=\"page8R_mcid0\" class=\"markedContent\"><span dir=\"ltr\" role=\"presentation\">We will reduce your feelings of insecurity,<\/span><\/span><span id=\"page8R_mcid1\" class=\"markedContent\"><\/span><span id=\"page8R_mcid2\" class=\"markedContent\"> <span dir=\"ltr\" role=\"presentation\">fear of <\/span><\/span><span id=\"page8R_mcid3\" class=\"markedContent\"><span dir=\"ltr\" role=\"presentation\">pregnancy and childbirth, helping psychologically<\/span><\/span><span id=\"page8R_mcid4\" class=\"markedContent\"><\/span><span id=\"page8R_mcid5\" class=\"markedContent\"> <span dir=\"ltr\" role=\"presentation\">to the <\/span><\/span><span id=\"page8R_mcid6\" class=\"markedContent\"><span dir=\"ltr\" role=\"presentation\">relaxation of the muscles involved in the process of <\/span><\/span><span id=\"page8R_mcid7\" class=\"markedContent\"><span dir=\"ltr\" role=\"presentation\">give birth.<\/span><\/span><\/p>\t\t\t\t\t\t\t\t<\/div>\n\t\t\t\t<\/div>\n\t\t\t\t<\/div>\n\t\t\t\t\t<\/div>\n\t\t\t\t<\/div>\n\t\t<div class=\"elementor-element elementor-element-76919dad e-flex e-con-boxed e-con e-parent\" data-id=\"76919dad\" data-element_type=\"container\" data-e-type=\"container\" id=\"contacto\">\n\t\t\t\t\t<div class=\"e-con-inner\">\n\t\t<div class=\"elementor-element elementor-element-4ff352e9 e-con-full e-flex e-con e-child\" data-id=\"4ff352e9\" data-element_type=\"container\" data-e-type=\"container\">\n\t\t\t\t<div class=\"elementor-element elementor-element-4aee78ca elementor-widget elementor-widget-heading\" data-id=\"4aee78ca\" data-element_type=\"widget\" data-e-type=\"widget\" data-widget_type=\"heading.default\">\n\t\t\t\t<div class=\"elementor-widget-container\">\n\t\t\t\t\t<h3 class=\"elementor-heading-title elementor-size-default\">Reserva tu pr\u00f3xima cita<\/h3>\t\t\t\t<\/div>\n\t\t\t\t<\/div>\n\t\t\t\t<div class=\"elementor-element elementor-element-6eda7901 elementor-widget elementor-widget-text-editor\" data-id=\"6eda7901\" data-element_type=\"widget\" data-e-type=\"widget\" data-widget_type=\"text-editor.default\">\n\t\t\t\t<div class=\"elementor-widget-container\">\n\t\t\t\t\t\t\t\t\t<p>D\u00e9janos tus datos y nos pondremos en contacto contigo para reservar tu cita<\/p>\t\t\t\t\t\t\t\t<\/div>\n\t\t\t\t<\/div>\n\t\t\t\t<\/div>\n\t\t<div class=\"elementor-element elementor-element-25c1118a e-con-full e-flex e-con e-child\" data-id=\"25c1118a\" data-element_type=\"container\" data-e-type=\"container\">\n\t\t\t\t<div class=\"elementor-element elementor-element-78e46b37 elementor-widget elementor-widget-text-editor\" data-id=\"78e46b37\" data-element_type=\"widget\" data-e-type=\"widget\" data-widget_type=\"text-editor.default\">\n\t\t\t\t<div class=\"elementor-widget-container\">\n\t\t\t\t\t\t\t\t\t<p><a href=\"https:\/\/wa.link\/9uswhk\"><img decoding=\"async\" class=\"size-medium wp-image-17571 aligncenter\" src=\"https:\/\/bodybalance.pe\/wp-content\/uploads\/2023\/11\/reserva-300x54.png\" alt=\"\" width=\"300\" height=\"54\" srcset=\"https:\/\/bodybalance.pe\/wp-content\/uploads\/2023\/11\/reserva-300x54.png 300w, https:\/\/bodybalance.pe\/wp-content\/uploads\/2023\/11\/reserva-1024x185.png 1024w, https:\/\/bodybalance.pe\/wp-content\/uploads\/2023\/11\/reserva-768x139.png 768w, https:\/\/bodybalance.pe\/wp-content\/uploads\/2023\/11\/reserva-600x108.png 600w, https:\/\/bodybalance.pe\/wp-content\/uploads\/2023\/11\/reserva.png 1518w\" sizes=\"(max-width: 300px) 100vw, 300px\" \/><\/a>.<\/p>\t\t\t\t\t\t\t\t<\/div>\n\t\t\t\t<\/div>\n\t\t\t\t<\/div>\n\t\t\t\t\t<\/div>\n\t\t\t\t<\/div>\n\t\t\t\t<\/div>","protected":false},"excerpt":{"rendered":"<p>Facial &#038; Relax Duraci\u00f3n: 70 minutos &#8211; 3 Sesiones Precio : S\/.310 (Combinaci\u00f3n de masaje Cervical y Craneofacial) Reduciremos tus sensaciones de inseguridad, temor ante el embarazo y el parto, ayudando psicol\u00f3gicamente a la relajaci\u00f3n de los m\u00fasculos involucrados en el proceso de dar a luz. Reserva tu pr\u00f3xima cita D\u00e9janos tus datos y nos [&hellip;]<\/p>\n","protected":false},"author":1,"featured_media":0,"parent":0,"menu_order":0,"comment_status":"closed","ping_status":"closed","template":"","meta":{"_uf_show_specific_survey":0,"_uf_disable_surveys":false,"_joinchat":[],"footnotes":""},"class_list":["post-17795","page","type-page","status-publish","hentry"],"aioseo_notices":[],"_links":{"self":[{"href":"https:\/\/bodybalance.pe\/en\/wp-json\/wp\/v2\/pages\/17795","targetHints":{"allow":["GET"]}}],"collection":[{"href":"https:\/\/bodybalance.pe\/en\/wp-json\/wp\/v2\/pages"}],"about":[{"href":"https:\/\/bodybalance.pe\/en\/wp-json\/wp\/v2\/types\/page"}],"author":[{"embeddable":true,"href":"https:\/\/bodybalance.pe\/en\/wp-json\/wp\/v2\/users\/1"}],"replies":[{"embeddable":true,"href":"https:\/\/bodybalance.pe\/en\/wp-json\/wp\/v2\/comments?post=17795"}],"version-history":[{"count":13,"href":"https:\/\/bodybalance.pe\/en\/wp-json\/wp\/v2\/pages\/17795\/revisions"}],"predecessor-version":[{"id":18887,"href":"https:\/\/bodybalance.pe\/en\/wp-json\/wp\/v2\/pages\/17795\/revisions\/18887"}],"wp:attachment":[{"href":"https:\/\/bodybalance.pe\/en\/wp-json\/wp\/v2\/media?parent=17795"}],"curies":[{"name":"wp","href":"https:\/\/api.w.org\/{rel}","templated":true}]}}