{"id":17851,"date":"2023-11-11T00:53:38","date_gmt":"2023-11-11T00:53:38","guid":{"rendered":"https:\/\/bodybalance.pe\/?page_id=17851"},"modified":"2024-03-08T17:08:35","modified_gmt":"2024-03-08T17:08:35","slug":"terapeutico-puncion-seca","status":"publish","type":"page","link":"https:\/\/bodybalance.pe\/en\/terapeutico-puncion-seca\/","title":{"rendered":"Terap\u00e9utico ( Punci\u00f3n Seca)"},"content":{"rendered":"<div data-elementor-type=\"wp-page\" data-elementor-id=\"17851\" class=\"elementor elementor-17851\" data-elementor-post-type=\"page\">\n\t\t\t\t<div class=\"elementor-element elementor-element-49056437 e-flex e-con-boxed e-con e-parent\" data-id=\"49056437\" data-element_type=\"container\" data-e-type=\"container\">\n\t\t\t\t\t<div class=\"e-con-inner\">\n\t\t<div class=\"elementor-element elementor-element-53921756 e-con-full e-flex e-con e-child\" data-id=\"53921756\" data-element_type=\"container\" data-e-type=\"container\">\n\t\t\t\t<div class=\"elementor-element elementor-element-6f3a13c7 elementor-widget elementor-widget-heading\" data-id=\"6f3a13c7\" data-element_type=\"widget\" data-e-type=\"widget\" data-widget_type=\"heading.default\">\n\t\t\t\t<div class=\"elementor-widget-container\">\n\t\t\t\t\t<h3 class=\"elementor-heading-title elementor-size-default\">Therapeutic<br>  (Dry Puncture)<\/h3>\t\t\t\t<\/div>\n\t\t\t\t<\/div>\n\t\t\t\t<div class=\"elementor-element elementor-element-260b641 elementor-widget elementor-widget-image\" data-id=\"260b641\" data-element_type=\"widget\" data-e-type=\"widget\" data-widget_type=\"image.default\">\n\t\t\t\t<div class=\"elementor-widget-container\">\n\t\t\t\t\t\t\t\t\t\t\t\t\t\t\t<img fetchpriority=\"high\" decoding=\"async\" width=\"845\" height=\"1024\" src=\"https:\/\/bodybalance.pe\/wp-content\/uploads\/2024\/03\/Terapeutico-845x1024.jpg\" class=\"attachment-large size-large wp-image-18583\" alt=\"\" srcset=\"https:\/\/bodybalance.pe\/wp-content\/uploads\/2024\/03\/Terapeutico-845x1024.jpg 845w, https:\/\/bodybalance.pe\/wp-content\/uploads\/2024\/03\/Terapeutico-248x300.jpg 248w, https:\/\/bodybalance.pe\/wp-content\/uploads\/2024\/03\/Terapeutico-768x931.jpg 768w, https:\/\/bodybalance.pe\/wp-content\/uploads\/2024\/03\/Terapeutico-600x727.jpg 600w, https:\/\/bodybalance.pe\/wp-content\/uploads\/2024\/03\/Terapeutico.jpg 1006w\" sizes=\"(max-width: 845px) 100vw, 845px\" \/>\t\t\t\t\t\t\t\t\t\t\t\t\t\t\t<\/div>\n\t\t\t\t<\/div>\n\t\t\t\t<\/div>\n\t\t<div class=\"elementor-element elementor-element-79ef76f1 e-con-full e-flex e-con e-child\" data-id=\"79ef76f1\" data-element_type=\"container\" data-e-type=\"container\">\n\t\t\t\t<div class=\"elementor-element elementor-element-6f2ef0f9 elementor-widget-divider--view-line elementor-widget elementor-widget-divider\" data-id=\"6f2ef0f9\" data-element_type=\"widget\" data-e-type=\"widget\" data-widget_type=\"divider.default\">\n\t\t\t\t<div class=\"elementor-widget-container\">\n\t\t\t\t\t\t\t<div class=\"elementor-divider\">\n\t\t\t<span class=\"elementor-divider-separator\">\n\t\t\t\t\t\t<\/span>\n\t\t<\/div>\n\t\t\t\t\t\t<\/div>\n\t\t\t\t<\/div>\n\t\t\t\t<div class=\"elementor-element elementor-element-6bd175d2 elementor-widget elementor-widget-text-editor\" data-id=\"6bd175d2\" data-element_type=\"widget\" data-e-type=\"widget\" data-widget_type=\"text-editor.default\">\n\t\t\t\t<div class=\"elementor-widget-container\">\n\t\t\t\t\t\t\t\t\t<p>Duraci\u00f3n: 70 minutos<\/p>\t\t\t\t\t\t\t\t<\/div>\n\t\t\t\t<\/div>\n\t\t\t\t<div class=\"elementor-element elementor-element-67244f23 elementor-widget-divider--view-line elementor-widget elementor-widget-divider\" data-id=\"67244f23\" data-element_type=\"widget\" data-e-type=\"widget\" data-widget_type=\"divider.default\">\n\t\t\t\t<div class=\"elementor-widget-container\">\n\t\t\t\t\t\t\t<div class=\"elementor-divider\">\n\t\t\t<span class=\"elementor-divider-separator\">\n\t\t\t\t\t\t<\/span>\n\t\t<\/div>\n\t\t\t\t\t\t<\/div>\n\t\t\t\t<\/div>\n\t\t\t\t<div class=\"elementor-element elementor-element-1244c07d elementor-widget elementor-widget-text-editor\" data-id=\"1244c07d\" data-element_type=\"widget\" data-e-type=\"widget\" data-widget_type=\"text-editor.default\">\n\t\t\t\t<div class=\"elementor-widget-container\">\n\t\t\t\t\t\t\t\t\t<p>Precio : S\/.470<\/p>\t\t\t\t\t\t\t\t<\/div>\n\t\t\t\t<\/div>\n\t\t\t\t<div class=\"elementor-element elementor-element-66caa325 elementor-widget-divider--view-line elementor-widget elementor-widget-divider\" data-id=\"66caa325\" data-element_type=\"widget\" data-e-type=\"widget\" data-widget_type=\"divider.default\">\n\t\t\t\t<div class=\"elementor-widget-container\">\n\t\t\t\t\t\t\t<div class=\"elementor-divider\">\n\t\t\t<span class=\"elementor-divider-separator\">\n\t\t\t\t\t\t<\/span>\n\t\t<\/div>\n\t\t\t\t\t\t<\/div>\n\t\t\t\t<\/div>\n\t\t\t\t<div class=\"elementor-element elementor-element-7a5d2b04 elementor-widget elementor-widget-text-editor\" data-id=\"7a5d2b04\" data-element_type=\"widget\" data-e-type=\"widget\" data-widget_type=\"text-editor.default\">\n\t\t\t\t<div class=\"elementor-widget-container\">\n\t\t\t\t\t\t\t\t\t<p><span id=\"page10R_mcid37\" class=\"markedContent\"><span dir=\"ltr\" role=\"presentation\">Alivia el dolor desde la primera sesi\u00f3n, esta t\u00e9cnica, <\/span><\/span><span id=\"page10R_mcid38\" class=\"markedContent\"><span dir=\"ltr\" role=\"presentation\">allows you to reach deeper areas, which <\/span><\/span><span id=\"page10R_mcid39\" class=\"markedContent\"><span dir=\"ltr\" role=\"presentation\">makes it a very effective therapy, especially <\/span><\/span><span id=\"page10R_mcid40\" class=\"markedContent\"><span dir=\"ltr\" role=\"presentation\">in chronic contractures.<\/span><\/span><\/p><p><span id=\"page10R_mcid41\" class=\"markedContent\"><span dir=\"ltr\" role=\"presentation\">Complementos: Agujas de Punci\u00f3n Seca + Compresas Calientes y <\/span><\/span><span id=\"page10R_mcid42\" class=\"markedContent\"><span dir=\"ltr\" role=\"presentation\">Essential Aromas<\/span><\/span><\/p>\t\t\t\t\t\t\t\t<\/div>\n\t\t\t\t<\/div>\n\t\t\t\t<\/div>\n\t\t\t\t\t<\/div>\n\t\t\t\t<\/div>\n\t\t<div class=\"elementor-element elementor-element-26487dad e-flex e-con-boxed e-con e-parent\" data-id=\"26487dad\" data-element_type=\"container\" data-e-type=\"container\" id=\"contacto\">\n\t\t\t\t\t<div class=\"e-con-inner\">\n\t\t<div class=\"elementor-element elementor-element-6e98a196 e-con-full e-flex e-con e-child\" data-id=\"6e98a196\" data-element_type=\"container\" data-e-type=\"container\">\n\t\t\t\t<div class=\"elementor-element elementor-element-544135f6 elementor-widget elementor-widget-heading\" data-id=\"544135f6\" data-element_type=\"widget\" data-e-type=\"widget\" data-widget_type=\"heading.default\">\n\t\t\t\t<div class=\"elementor-widget-container\">\n\t\t\t\t\t<h3 class=\"elementor-heading-title elementor-size-default\">Reserva tu pr\u00f3xima cita<\/h3>\t\t\t\t<\/div>\n\t\t\t\t<\/div>\n\t\t\t\t<div class=\"elementor-element elementor-element-7ef7d7d4 elementor-widget elementor-widget-text-editor\" data-id=\"7ef7d7d4\" data-element_type=\"widget\" data-e-type=\"widget\" data-widget_type=\"text-editor.default\">\n\t\t\t\t<div class=\"elementor-widget-container\">\n\t\t\t\t\t\t\t\t\t<p>D\u00e9janos tus datos y nos pondremos en contacto contigo para reservar tu cita<\/p>\t\t\t\t\t\t\t\t<\/div>\n\t\t\t\t<\/div>\n\t\t\t\t<\/div>\n\t\t<div class=\"elementor-element elementor-element-29e4ae3 e-con-full e-flex e-con e-child\" data-id=\"29e4ae3\" data-element_type=\"container\" data-e-type=\"container\">\n\t\t\t\t<div class=\"elementor-element elementor-element-43012406 elementor-widget elementor-widget-text-editor\" data-id=\"43012406\" data-element_type=\"widget\" data-e-type=\"widget\" data-widget_type=\"text-editor.default\">\n\t\t\t\t<div class=\"elementor-widget-container\">\n\t\t\t\t\t\t\t\t\t<p><a href=\"https:\/\/wa.link\/wglfim\"><img decoding=\"async\" class=\"size-medium wp-image-17571 aligncenter\" src=\"https:\/\/bodybalance.pe\/wp-content\/uploads\/2023\/11\/reserva-300x54.png\" alt=\"\" width=\"300\" height=\"54\" srcset=\"https:\/\/bodybalance.pe\/wp-content\/uploads\/2023\/11\/reserva-300x54.png 300w, https:\/\/bodybalance.pe\/wp-content\/uploads\/2023\/11\/reserva-1024x185.png 1024w, https:\/\/bodybalance.pe\/wp-content\/uploads\/2023\/11\/reserva-768x139.png 768w, https:\/\/bodybalance.pe\/wp-content\/uploads\/2023\/11\/reserva-600x108.png 600w, https:\/\/bodybalance.pe\/wp-content\/uploads\/2023\/11\/reserva.png 1518w\" sizes=\"(max-width: 300px) 100vw, 300px\" \/><\/a>.<\/p>\t\t\t\t\t\t\t\t<\/div>\n\t\t\t\t<\/div>\n\t\t\t\t<\/div>\n\t\t\t\t\t<\/div>\n\t\t\t\t<\/div>\n\t\t\t\t<\/div>","protected":false},"excerpt":{"rendered":"<p>Terap\u00e9utico ( Punci\u00f3n Seca) Duraci\u00f3n: 70 minutos Precio : S\/.470 Alivia el dolor desde la primera sesi\u00f3n, esta t\u00e9cnica, permite llegar a zonas m\u00e1s profundas, lo que la convierte en una terapia muy efectiva, especialmente en contracturas cr\u00f3nicas. Complementos: Agujas de Punci\u00f3n Seca + Compresas Calientes y Aromas Esenciales Reserva tu pr\u00f3xima cita D\u00e9janos tus [&hellip;]<\/p>\n","protected":false},"author":1,"featured_media":0,"parent":0,"menu_order":0,"comment_status":"closed","ping_status":"closed","template":"","meta":{"_uf_show_specific_survey":0,"_uf_disable_surveys":false,"_joinchat":[],"footnotes":""},"class_list":["post-17851","page","type-page","status-publish","hentry"],"aioseo_notices":[],"_links":{"self":[{"href":"https:\/\/bodybalance.pe\/en\/wp-json\/wp\/v2\/pages\/17851","targetHints":{"allow":["GET"]}}],"collection":[{"href":"https:\/\/bodybalance.pe\/en\/wp-json\/wp\/v2\/pages"}],"about":[{"href":"https:\/\/bodybalance.pe\/en\/wp-json\/wp\/v2\/types\/page"}],"author":[{"embeddable":true,"href":"https:\/\/bodybalance.pe\/en\/wp-json\/wp\/v2\/users\/1"}],"replies":[{"embeddable":true,"href":"https:\/\/bodybalance.pe\/en\/wp-json\/wp\/v2\/comments?post=17851"}],"version-history":[{"count":13,"href":"https:\/\/bodybalance.pe\/en\/wp-json\/wp\/v2\/pages\/17851\/revisions"}],"predecessor-version":[{"id":18869,"href":"https:\/\/bodybalance.pe\/en\/wp-json\/wp\/v2\/pages\/17851\/revisions\/18869"}],"wp:attachment":[{"href":"https:\/\/bodybalance.pe\/en\/wp-json\/wp\/v2\/media?parent=17851"}],"curies":[{"name":"wp","href":"https:\/\/api.w.org\/{rel}","templated":true}]}}