{"id":17908,"date":"2023-11-28T00:51:21","date_gmt":"2023-11-28T00:51:21","guid":{"rendered":"https:\/\/bodybalance.pe\/?page_id=17908"},"modified":"2024-03-08T16:50:34","modified_gmt":"2024-03-08T16:50:34","slug":"nosotros","status":"publish","type":"page","link":"https:\/\/bodybalance.pe\/en\/nosotros\/","title":{"rendered":"About US"},"content":{"rendered":"<div data-elementor-type=\"wp-page\" data-elementor-id=\"17908\" class=\"elementor elementor-17908\" data-elementor-post-type=\"page\">\n\t\t\t\t\t\t<section class=\"elementor-section elementor-top-section elementor-element elementor-element-51391320 qodef-custom-side-padding elementor-section-full_width elementor-section-stretched qodef-extended-grid-reset--1024 elementor-section-height-default elementor-section-height-default qodef-elementor-content-no\" data-id=\"51391320\" data-element_type=\"section\" data-e-type=\"section\" data-settings=\"{&quot;background_background&quot;:&quot;classic&quot;,&quot;stretch_section&quot;:&quot;section-stretched&quot;,&quot;animation&quot;:&quot;none&quot;}\">\n\t\t\t\t\t\t<div class=\"elementor-container elementor-column-gap-default\">\n\t\t\t\t\t<div class=\"elementor-column elementor-col-100 elementor-top-column elementor-element elementor-element-51522529\" data-id=\"51522529\" data-element_type=\"column\" data-e-type=\"column\" data-settings=\"{&quot;background_background&quot;:&quot;classic&quot;}\">\n\t\t\t<div class=\"elementor-widget-wrap elementor-element-populated\">\n\t\t\t\t\t<div class=\"elementor-background-overlay\"><\/div>\n\t\t\t\t\t\t<div class=\"elementor-element elementor-element-287af278 dpexperience elementor-widget elementor-widget-reina_core_image_section_info\" data-id=\"287af278\" data-element_type=\"widget\" data-e-type=\"widget\" data-settings=\"{&quot;_animation&quot;:&quot;none&quot;}\" data-widget_type=\"reina_core_image_section_info.default\">\n\t\t\t\t<div class=\"elementor-widget-container\">\n\t\t\t\t\t<div class=\"qodef-shortcode qodef-m dpexperience qodef-image-section-info qodef-layout--standard  qodef--has-appear\">\n\t<div class=\"qodef-m-inner clear\">\n\t\t\n<div class=\"qodef-m-image\" style=\"color: #280A69\">\n\t<\/div>\n\t\t<div class=\"qodef-m-content\">\n\t\t\t\t\t\t<div class=\"qodef-m-heading\">\n\t\t\t\t\t<span class=\"qodef-m-subtitle qodef-h7\" style=\"color: #A1B8C4\">Massage<\/span>\n\t\t\t\t\t<h2 class=\"qodef-m-title\" > Experience<\/h2>\n\t\t\t<\/div>\n\t\t\t\t<div class=\"qodef-m-text\" >Each session is more than just a massage, it is a sensorial journey that revitalizes body and mind. Discover the fullness of well-being at Body Balance, where every detail has been carefully designed to give you a unique experience, resulting in a perfect balance between relaxation and restoration of your soul.<\/div>\n\n\n\t\t\t\t<div class=\"qodef-m-button\">\n\t\t<a class=\"qodef-shortcode qodef-m  qodef-button qodef-layout--filled  qodef-html--link\" href=\"https:\/\/reina.qodeinteractive.com\/our-services\/\" target=\"_self\" data-hover-color=\"#FFFFFF\" style=\"color: #FFFFFF;background-color: #ACD4E4\">\t<span class=\"qodef-m-text\">BOOK NOW<\/span>\t<span class=\"qodef-m-background\" style=\"color: #405861\"><\/span><\/a>\t<\/div>\n\t\t<\/div>\n\t<\/div>\n<\/div>\n\t\t\t\t<\/div>\n\t\t\t\t<\/div>\n\t\t\t\t\t<\/div>\n\t\t<\/div>\n\t\t\t\t\t<\/div>\n\t\t<\/section>\n\t\t<div class=\"elementor-element elementor-element-155ce252 e-con-full e-flex e-con e-parent\" data-id=\"155ce252\" data-element_type=\"container\" data-e-type=\"container\" data-settings=\"{&quot;background_background&quot;:&quot;classic&quot;}\">\n\t\t<div class=\"elementor-element elementor-element-7bf1f6b7 e-con-full e-flex e-con e-child\" data-id=\"7bf1f6b7\" data-element_type=\"container\" data-e-type=\"container\">\n\t\t\t\t<div class=\"elementor-element elementor-element-1b853943 elementor-widget elementor-widget-text-editor\" data-id=\"1b853943\" data-element_type=\"widget\" data-e-type=\"widget\" data-widget_type=\"text-editor.default\">\n\t\t\t\t<div class=\"elementor-widget-container\">\n\t\t\t\t\t\t\t\t\t<div class=\"section4\">\n<section><span class=\"mensaje\">YASMIN SUERO<\/span><\/section>\n<h2>A message for you<\/h2>\n<p>For our clients, to provide them with the best wellness spa environment, we have traveled to different parts of the world exploring relaxation and healing facilities first hand. As a trained NLP Coach and Holistic Therapist, it is important that my staff have the most up to date training and an environment that fosters a mindset of excellence.<\/p>\n<p>My promise to you is that you will always have a haven of relaxation to rely on. Our customer service is geared towards each person who walks through our door, meeting each person's goals for their visit.<\/p>\n<p>Helping people discover wellbeing is my ambition. I firmly believe in the body's innate ability to heal itself, using the power of mind and spirit to restore wellbeing.<\/p>\n<p>My best wishes for you<br>\n<b>Yasmin Suero<\/b><i><br>\nFounder of Body Balance<\/i><\/p><p><i><br><\/i><\/p>\n<\/div>\t\t\t\t\t\t\t\t<\/div>\n\t\t\t\t<\/div>\n\t\t\t\t<\/div>\n\t\t<div class=\"elementor-element elementor-element-4d8b4da8 e-con-full e-flex e-con e-child\" data-id=\"4d8b4da8\" data-element_type=\"container\" data-e-type=\"container\">\n\t\t\t\t<div class=\"elementor-element elementor-element-22704602 elementor-widget elementor-widget-image\" data-id=\"22704602\" data-element_type=\"widget\" data-e-type=\"widget\" data-widget_type=\"image.default\">\n\t\t\t\t<div class=\"elementor-widget-container\">\n\t\t\t\t\t\t\t\t\t\t\t\t\t\t\t<img fetchpriority=\"high\" decoding=\"async\" width=\"576\" height=\"1024\" src=\"https:\/\/bodybalance.pe\/wp-content\/uploads\/2024\/03\/qs-576x1024.jpg\" class=\"attachment-large size-large wp-image-18832\" alt=\"\" srcset=\"https:\/\/bodybalance.pe\/wp-content\/uploads\/2024\/03\/qs-576x1024.jpg 576w, https:\/\/bodybalance.pe\/wp-content\/uploads\/2024\/03\/qs-169x300.jpg 169w, https:\/\/bodybalance.pe\/wp-content\/uploads\/2024\/03\/qs-768x1365.jpg 768w, https:\/\/bodybalance.pe\/wp-content\/uploads\/2024\/03\/qs-864x1536.jpg 864w, https:\/\/bodybalance.pe\/wp-content\/uploads\/2024\/03\/qs-600x1066.jpg 600w, https:\/\/bodybalance.pe\/wp-content\/uploads\/2024\/03\/qs.jpg 948w\" sizes=\"(max-width: 576px) 100vw, 576px\" \/>\t\t\t\t\t\t\t\t\t\t\t\t\t\t\t<\/div>\n\t\t\t\t<\/div>\n\t\t\t\t<\/div>\n\t\t\t\t<\/div>\n\t\t\t\t<\/div>","protected":false},"excerpt":{"rendered":"<p>Massage Experience Cada sesi\u00f3n es m\u00e1s que un masaje, es un viaje sensorial que revitaliza cuerpo y mente. Descubre la plenitud del bienestar en Body Balance, donde cada detalle ha sido cuidadosamente dise\u00f1ado para brindarte una experiencia \u00fanica, teniendo como resultado un equilibrio perfecto entre la relajaci\u00f3n y la restauraci\u00f3n de tu alma. BOOK NOW [&hellip;]<\/p>\n","protected":false},"author":1,"featured_media":0,"parent":0,"menu_order":0,"comment_status":"closed","ping_status":"closed","template":"","meta":{"_uf_show_specific_survey":0,"_uf_disable_surveys":false,"_joinchat":[],"footnotes":""},"class_list":["post-17908","page","type-page","status-publish","hentry"],"aioseo_notices":[],"_links":{"self":[{"href":"https:\/\/bodybalance.pe\/en\/wp-json\/wp\/v2\/pages\/17908","targetHints":{"allow":["GET"]}}],"collection":[{"href":"https:\/\/bodybalance.pe\/en\/wp-json\/wp\/v2\/pages"}],"about":[{"href":"https:\/\/bodybalance.pe\/en\/wp-json\/wp\/v2\/types\/page"}],"author":[{"embeddable":true,"href":"https:\/\/bodybalance.pe\/en\/wp-json\/wp\/v2\/users\/1"}],"replies":[{"embeddable":true,"href":"https:\/\/bodybalance.pe\/en\/wp-json\/wp\/v2\/comments?post=17908"}],"version-history":[{"count":13,"href":"https:\/\/bodybalance.pe\/en\/wp-json\/wp\/v2\/pages\/17908\/revisions"}],"predecessor-version":[{"id":18835,"href":"https:\/\/bodybalance.pe\/en\/wp-json\/wp\/v2\/pages\/17908\/revisions\/18835"}],"wp:attachment":[{"href":"https:\/\/bodybalance.pe\/en\/wp-json\/wp\/v2\/media?parent=17908"}],"curies":[{"name":"wp","href":"https:\/\/api.w.org\/{rel}","templated":true}]}}