{"id":17910,"date":"2023-11-28T00:51:40","date_gmt":"2023-11-28T00:51:40","guid":{"rendered":"https:\/\/bodybalance.pe\/?page_id=17910"},"modified":"2025-01-30T17:48:39","modified_gmt":"2025-01-30T17:48:39","slug":"ambientes","status":"publish","type":"page","link":"https:\/\/bodybalance.pe\/en\/ambientes\/","title":{"rendered":"Environments"},"content":{"rendered":"<div data-elementor-type=\"wp-page\" data-elementor-id=\"17910\" class=\"elementor elementor-17910\" data-elementor-post-type=\"page\">\n\t\t\t\t\t\t<section class=\"elementor-section elementor-top-section elementor-element elementor-element-4c6e6d93 qodef-custom-side-padding elementor-section-full_width elementor-section-stretched qodef-extended-grid-reset--1024 elementor-section-height-default elementor-section-height-default qodef-elementor-content-no\" data-id=\"4c6e6d93\" data-element_type=\"section\" data-e-type=\"section\" data-settings=\"{&quot;background_background&quot;:&quot;classic&quot;,&quot;stretch_section&quot;:&quot;section-stretched&quot;,&quot;animation&quot;:&quot;none&quot;}\">\n\t\t\t\t\t\t\t<div class=\"elementor-background-overlay\"><\/div>\n\t\t\t\t\t\t\t<div class=\"elementor-container elementor-column-gap-default\">\n\t\t\t\t\t<div class=\"elementor-column elementor-col-100 elementor-top-column elementor-element elementor-element-20f9d7cf\" data-id=\"20f9d7cf\" data-element_type=\"column\" data-e-type=\"column\" data-settings=\"{&quot;background_background&quot;:&quot;classic&quot;}\">\n\t\t\t<div class=\"elementor-widget-wrap elementor-element-populated\">\n\t\t\t\t\t<div class=\"elementor-background-overlay\"><\/div>\n\t\t\t\t\t\t<div class=\"elementor-element elementor-element-5eeb4854 dpexperience elementor-widget elementor-widget-reina_core_image_section_info\" data-id=\"5eeb4854\" data-element_type=\"widget\" data-e-type=\"widget\" data-settings=\"{&quot;_animation&quot;:&quot;none&quot;}\" data-widget_type=\"reina_core_image_section_info.default\">\n\t\t\t\t<div class=\"elementor-widget-container\">\n\t\t\t\t\t<div class=\"qodef-shortcode qodef-m dpexperience qodef-image-section-info qodef-layout--standard  qodef--has-appear\">\n\t<div class=\"qodef-m-inner clear\">\n\t\t\n<div class=\"qodef-m-image\" style=\"color: #280A69\">\n\t<\/div>\n\t\t<div class=\"qodef-m-content\">\n\t\t\t\t\t\t<div class=\"qodef-m-heading\">\n\t\t\t\t\t<span class=\"qodef-m-subtitle qodef-h7\" style=\"color: #A1B8C4\">Our<\/span>\n\t\t\t\t\t<h2 class=\"qodef-m-title\" > Environments<\/h2>\n\t\t\t<\/div>\n\t\t\t\t<div class=\"qodef-m-text\" >Each session is more than just a massage, it is a sensorial journey that revitalizes body and mind. Discover the fullness of well-being at Body Balance, where every detail has been carefully designed to give you a unique experience, resulting in a perfect balance between relaxation and restoration of your soul.<\/div>\n\n\n\t\t\t\t<div class=\"qodef-m-button\">\n\t\t<a class=\"qodef-shortcode qodef-m  qodef-button qodef-layout--filled  qodef-html--link\" href=\"https:\/\/reina.qodeinteractive.com\/our-services\/\" target=\"_self\" data-hover-color=\"#FFFFFF\" style=\"color: #FFFFFF;background-color: #ACD4E4\">\t<span class=\"qodef-m-text\">BOOK NOW<\/span>\t<span class=\"qodef-m-background\" style=\"color: #405861\"><\/span><\/a>\t<\/div>\n\t\t<\/div>\n\t<\/div>\n<\/div>\n\t\t\t\t<\/div>\n\t\t\t\t<\/div>\n\t\t\t\t\t<\/div>\n\t\t<\/div>\n\t\t\t\t\t<\/div>\n\t\t<\/section>\n\t\t<div class=\"elementor-element elementor-element-df1c6c1 e-con-full e-flex e-con e-parent\" data-id=\"df1c6c1\" data-element_type=\"container\" data-e-type=\"container\">\n\t\t\t\t<div class=\"elementor-element elementor-element-4df2815 elementor-widget elementor-widget-heading\" data-id=\"4df2815\" data-element_type=\"widget\" data-e-type=\"widget\" data-widget_type=\"heading.default\">\n\t\t\t\t<div class=\"elementor-widget-container\">\n\t\t\t\t\t<h3 class=\"elementor-heading-title elementor-size-default\">Chacarilla Headquarters<\/h3>\t\t\t\t<\/div>\n\t\t\t\t<\/div>\n\t\t\t\t<div class=\"elementor-element elementor-element-09e559b elementor-widget elementor-widget-gallery\" data-id=\"09e559b\" data-element_type=\"widget\" data-e-type=\"widget\" data-settings=\"{&quot;columns&quot;:3,&quot;gap&quot;:{&quot;unit&quot;:&quot;px&quot;,&quot;size&quot;:0,&quot;sizes&quot;:[]},&quot;lazyload&quot;:&quot;yes&quot;,&quot;gallery_layout&quot;:&quot;grid&quot;,&quot;columns_tablet&quot;:2,&quot;columns_mobile&quot;:1,&quot;gap_tablet&quot;:{&quot;unit&quot;:&quot;px&quot;,&quot;size&quot;:10,&quot;sizes&quot;:[]},&quot;gap_mobile&quot;:{&quot;unit&quot;:&quot;px&quot;,&quot;size&quot;:10,&quot;sizes&quot;:[]},&quot;link_to&quot;:&quot;file&quot;,&quot;aspect_ratio&quot;:&quot;3:2&quot;,&quot;overlay_background&quot;:&quot;yes&quot;,&quot;content_hover_animation&quot;:&quot;fade-in&quot;}\" data-widget_type=\"gallery.default\">\n\t\t\t\t<div class=\"elementor-widget-container\">\n\t\t\t\t\t\t\t<div class=\"elementor-gallery__container\">\n\t\t\t\t\t\t\t<a class=\"e-gallery-item elementor-gallery-item elementor-animated-content\" href=\"https:\/\/bodybalance.pe\/wp-content\/uploads\/2023\/12\/Ambiente1.jpg\" data-elementor-open-lightbox=\"yes\" data-elementor-lightbox-slideshow=\"09e559b\" data-elementor-lightbox-title=\"Ambiente1\" data-e-action-hash=\"#elementor-action%3Aaction%3Dlightbox%26settings%3DeyJpZCI6MTgzMjUsInVybCI6Imh0dHBzOlwvXC9ib2R5YmFsYW5jZS5wZVwvd3AtY29udGVudFwvdXBsb2Fkc1wvMjAyM1wvMTJcL0FtYmllbnRlMS5qcGciLCJzbGlkZXNob3ciOiIwOWU1NTliIn0%3D\">\n\t\t\t\t\t<div class=\"e-gallery-image elementor-gallery-item__image\" data-thumbnail=\"https:\/\/bodybalance.pe\/wp-content\/uploads\/2023\/12\/Ambiente1.jpg\" data-width=\"800\" data-height=\"533\" aria-label=\"\" role=\"img\" ><\/div>\n\t\t\t\t\t\t\t\t\t\t\t<div class=\"elementor-gallery-item__overlay\"><\/div>\n\t\t\t\t\t\t\t\t\t\t\t\t\t\t<\/a>\n\t\t\t\t\t\t\t<a class=\"e-gallery-item elementor-gallery-item elementor-animated-content\" href=\"https:\/\/bodybalance.pe\/wp-content\/uploads\/2023\/12\/Ambiente2.jpg\" data-elementor-open-lightbox=\"yes\" data-elementor-lightbox-slideshow=\"09e559b\" data-elementor-lightbox-title=\"Ambiente2\" data-e-action-hash=\"#elementor-action%3Aaction%3Dlightbox%26settings%3DeyJpZCI6MTgzMjYsInVybCI6Imh0dHBzOlwvXC9ib2R5YmFsYW5jZS5wZVwvd3AtY29udGVudFwvdXBsb2Fkc1wvMjAyM1wvMTJcL0FtYmllbnRlMi5qcGciLCJzbGlkZXNob3ciOiIwOWU1NTliIn0%3D\">\n\t\t\t\t\t<div class=\"e-gallery-image elementor-gallery-item__image\" data-thumbnail=\"https:\/\/bodybalance.pe\/wp-content\/uploads\/2023\/12\/Ambiente2.jpg\" data-width=\"800\" data-height=\"534\" aria-label=\"\" role=\"img\" ><\/div>\n\t\t\t\t\t\t\t\t\t\t\t<div class=\"elementor-gallery-item__overlay\"><\/div>\n\t\t\t\t\t\t\t\t\t\t\t\t\t\t<\/a>\n\t\t\t\t\t\t\t<a class=\"e-gallery-item elementor-gallery-item elementor-animated-content\" href=\"https:\/\/bodybalance.pe\/wp-content\/uploads\/2023\/12\/Ambiente3.jpg\" data-elementor-open-lightbox=\"yes\" data-elementor-lightbox-slideshow=\"09e559b\" data-elementor-lightbox-title=\"Ambiente3\" data-e-action-hash=\"#elementor-action%3Aaction%3Dlightbox%26settings%3DeyJpZCI6MTgzMjcsInVybCI6Imh0dHBzOlwvXC9ib2R5YmFsYW5jZS5wZVwvd3AtY29udGVudFwvdXBsb2Fkc1wvMjAyM1wvMTJcL0FtYmllbnRlMy5qcGciLCJzbGlkZXNob3ciOiIwOWU1NTliIn0%3D\">\n\t\t\t\t\t<div class=\"e-gallery-image elementor-gallery-item__image\" data-thumbnail=\"https:\/\/bodybalance.pe\/wp-content\/uploads\/2023\/12\/Ambiente3.jpg\" data-width=\"800\" data-height=\"533\" aria-label=\"\" role=\"img\" ><\/div>\n\t\t\t\t\t\t\t\t\t\t\t<div class=\"elementor-gallery-item__overlay\"><\/div>\n\t\t\t\t\t\t\t\t\t\t\t\t\t\t<\/a>\n\t\t\t\t\t\t\t<a class=\"e-gallery-item elementor-gallery-item elementor-animated-content\" href=\"https:\/\/bodybalance.pe\/wp-content\/uploads\/2023\/12\/Ambiente4.jpg\" data-elementor-open-lightbox=\"yes\" data-elementor-lightbox-slideshow=\"09e559b\" data-elementor-lightbox-title=\"Ambiente4\" data-e-action-hash=\"#elementor-action%3Aaction%3Dlightbox%26settings%3DeyJpZCI6MTgzMjgsInVybCI6Imh0dHBzOlwvXC9ib2R5YmFsYW5jZS5wZVwvd3AtY29udGVudFwvdXBsb2Fkc1wvMjAyM1wvMTJcL0FtYmllbnRlNC5qcGciLCJzbGlkZXNob3ciOiIwOWU1NTliIn0%3D\">\n\t\t\t\t\t<div class=\"e-gallery-image elementor-gallery-item__image\" data-thumbnail=\"https:\/\/bodybalance.pe\/wp-content\/uploads\/2023\/12\/Ambiente4.jpg\" data-width=\"800\" data-height=\"534\" aria-label=\"\" role=\"img\" ><\/div>\n\t\t\t\t\t\t\t\t\t\t\t<div class=\"elementor-gallery-item__overlay\"><\/div>\n\t\t\t\t\t\t\t\t\t\t\t\t\t\t<\/a>\n\t\t\t\t\t\t\t<a class=\"e-gallery-item elementor-gallery-item elementor-animated-content\" href=\"https:\/\/bodybalance.pe\/wp-content\/uploads\/2023\/12\/Ambiente5.jpg\" data-elementor-open-lightbox=\"yes\" data-elementor-lightbox-slideshow=\"09e559b\" data-elementor-lightbox-title=\"Ambiente5\" data-e-action-hash=\"#elementor-action%3Aaction%3Dlightbox%26settings%3DeyJpZCI6MTgzMjksInVybCI6Imh0dHBzOlwvXC9ib2R5YmFsYW5jZS5wZVwvd3AtY29udGVudFwvdXBsb2Fkc1wvMjAyM1wvMTJcL0FtYmllbnRlNS5qcGciLCJzbGlkZXNob3ciOiIwOWU1NTliIn0%3D\">\n\t\t\t\t\t<div class=\"e-gallery-image elementor-gallery-item__image\" data-thumbnail=\"https:\/\/bodybalance.pe\/wp-content\/uploads\/2023\/12\/Ambiente5.jpg\" data-width=\"800\" data-height=\"534\" aria-label=\"\" role=\"img\" ><\/div>\n\t\t\t\t\t\t\t\t\t\t\t<div class=\"elementor-gallery-item__overlay\"><\/div>\n\t\t\t\t\t\t\t\t\t\t\t\t\t\t<\/a>\n\t\t\t\t\t\t\t<a class=\"e-gallery-item elementor-gallery-item elementor-animated-content\" href=\"https:\/\/bodybalance.pe\/wp-content\/uploads\/2023\/12\/Ambiente6.jpg\" data-elementor-open-lightbox=\"yes\" data-elementor-lightbox-slideshow=\"09e559b\" data-elementor-lightbox-title=\"Ambiente6\" data-e-action-hash=\"#elementor-action%3Aaction%3Dlightbox%26settings%3DeyJpZCI6MTgzMzAsInVybCI6Imh0dHBzOlwvXC9ib2R5YmFsYW5jZS5wZVwvd3AtY29udGVudFwvdXBsb2Fkc1wvMjAyM1wvMTJcL0FtYmllbnRlNi5qcGciLCJzbGlkZXNob3ciOiIwOWU1NTliIn0%3D\">\n\t\t\t\t\t<div class=\"e-gallery-image elementor-gallery-item__image\" data-thumbnail=\"https:\/\/bodybalance.pe\/wp-content\/uploads\/2023\/12\/Ambiente6.jpg\" data-width=\"800\" data-height=\"533\" aria-label=\"\" role=\"img\" ><\/div>\n\t\t\t\t\t\t\t\t\t\t\t<div class=\"elementor-gallery-item__overlay\"><\/div>\n\t\t\t\t\t\t\t\t\t\t\t\t\t\t<\/a>\n\t\t\t\t\t<\/div>\n\t\t\t\t\t<\/div>\n\t\t\t\t<\/div>\n\t\t\t\t<\/div>\n\t\t<div class=\"elementor-element elementor-element-602bff0 e-con-full e-flex e-con e-parent\" data-id=\"602bff0\" data-element_type=\"container\" data-e-type=\"container\">\n\t\t\t\t<div class=\"elementor-element elementor-element-e080839 elementor-widget elementor-widget-heading\" data-id=\"e080839\" data-element_type=\"widget\" data-e-type=\"widget\" data-widget_type=\"heading.default\">\n\t\t\t\t<div class=\"elementor-widget-container\">\n\t\t\t\t\t<h3 class=\"elementor-heading-title elementor-size-default\">Miraflores Soho Headquarters<\/h3>\t\t\t\t<\/div>\n\t\t\t\t<\/div>\n\t\t\t\t<div class=\"elementor-element elementor-element-98d7123 elementor-widget elementor-widget-gallery\" data-id=\"98d7123\" data-element_type=\"widget\" data-e-type=\"widget\" data-settings=\"{&quot;columns&quot;:3,&quot;gap&quot;:{&quot;unit&quot;:&quot;px&quot;,&quot;size&quot;:0,&quot;sizes&quot;:[]},&quot;gallery_layout&quot;:&quot;masonry&quot;,&quot;lazyload&quot;:&quot;yes&quot;,&quot;columns_tablet&quot;:2,&quot;columns_mobile&quot;:1,&quot;gap_tablet&quot;:{&quot;unit&quot;:&quot;px&quot;,&quot;size&quot;:10,&quot;sizes&quot;:[]},&quot;gap_mobile&quot;:{&quot;unit&quot;:&quot;px&quot;,&quot;size&quot;:10,&quot;sizes&quot;:[]},&quot;link_to&quot;:&quot;file&quot;,&quot;overlay_background&quot;:&quot;yes&quot;,&quot;content_hover_animation&quot;:&quot;fade-in&quot;}\" data-widget_type=\"gallery.default\">\n\t\t\t\t<div class=\"elementor-widget-container\">\n\t\t\t\t\t\t\t<div class=\"elementor-gallery__container\">\n\t\t\t\t\t\t\t<a class=\"e-gallery-item elementor-gallery-item elementor-animated-content\" href=\"https:\/\/bodybalance.pe\/wp-content\/uploads\/2024\/03\/er.jpg\" data-elementor-open-lightbox=\"yes\" data-elementor-lightbox-slideshow=\"98d7123\" data-elementor-lightbox-title=\"er\" data-e-action-hash=\"#elementor-action%3Aaction%3Dlightbox%26settings%3DeyJpZCI6MTg2OTAsInVybCI6Imh0dHBzOlwvXC9ib2R5YmFsYW5jZS5wZVwvd3AtY29udGVudFwvdXBsb2Fkc1wvMjAyNFwvMDNcL2VyLmpwZyIsInNsaWRlc2hvdyI6Ijk4ZDcxMjMifQ%3D%3D\">\n\t\t\t\t\t<div class=\"e-gallery-image elementor-gallery-item__image\" data-thumbnail=\"https:\/\/bodybalance.pe\/wp-content\/uploads\/2024\/03\/er.jpg\" data-width=\"445\" data-height=\"532\" aria-label=\"\" role=\"img\" ><\/div>\n\t\t\t\t\t\t\t\t\t\t\t<div class=\"elementor-gallery-item__overlay\"><\/div>\n\t\t\t\t\t\t\t\t\t\t\t\t\t\t<\/a>\n\t\t\t\t\t\t\t<a class=\"e-gallery-item elementor-gallery-item elementor-animated-content\" href=\"https:\/\/bodybalance.pe\/wp-content\/uploads\/2024\/03\/er2.jpg\" data-elementor-open-lightbox=\"yes\" data-elementor-lightbox-slideshow=\"98d7123\" data-elementor-lightbox-title=\"er2\" data-e-action-hash=\"#elementor-action%3Aaction%3Dlightbox%26settings%3DeyJpZCI6MTg2OTEsInVybCI6Imh0dHBzOlwvXC9ib2R5YmFsYW5jZS5wZVwvd3AtY29udGVudFwvdXBsb2Fkc1wvMjAyNFwvMDNcL2VyMi5qcGciLCJzbGlkZXNob3ciOiI5OGQ3MTIzIn0%3D\">\n\t\t\t\t\t<div class=\"e-gallery-image elementor-gallery-item__image\" data-thumbnail=\"https:\/\/bodybalance.pe\/wp-content\/uploads\/2024\/03\/er2.jpg\" data-width=\"445\" data-height=\"532\" aria-label=\"\" role=\"img\" ><\/div>\n\t\t\t\t\t\t\t\t\t\t\t<div class=\"elementor-gallery-item__overlay\"><\/div>\n\t\t\t\t\t\t\t\t\t\t\t\t\t\t<\/a>\n\t\t\t\t\t\t\t<a class=\"e-gallery-item elementor-gallery-item elementor-animated-content\" href=\"https:\/\/bodybalance.pe\/wp-content\/uploads\/2024\/03\/er3.jpg\" data-elementor-open-lightbox=\"yes\" data-elementor-lightbox-slideshow=\"98d7123\" data-elementor-lightbox-title=\"er3\" data-e-action-hash=\"#elementor-action%3Aaction%3Dlightbox%26settings%3DeyJpZCI6MTg2OTIsInVybCI6Imh0dHBzOlwvXC9ib2R5YmFsYW5jZS5wZVwvd3AtY29udGVudFwvdXBsb2Fkc1wvMjAyNFwvMDNcL2VyMy5qcGciLCJzbGlkZXNob3ciOiI5OGQ3MTIzIn0%3D\">\n\t\t\t\t\t<div class=\"e-gallery-image elementor-gallery-item__image\" data-thumbnail=\"https:\/\/bodybalance.pe\/wp-content\/uploads\/2024\/03\/er3.jpg\" data-width=\"445\" data-height=\"532\" aria-label=\"\" role=\"img\" ><\/div>\n\t\t\t\t\t\t\t\t\t\t\t<div class=\"elementor-gallery-item__overlay\"><\/div>\n\t\t\t\t\t\t\t\t\t\t\t\t\t\t<\/a>\n\t\t\t\t\t<\/div>\n\t\t\t\t\t<\/div>\n\t\t\t\t<\/div>\n\t\t\t\t<\/div>\n\t\t<div class=\"elementor-element elementor-element-c33cebd e-con-full e-flex e-con e-parent\" data-id=\"c33cebd\" data-element_type=\"container\" data-e-type=\"container\">\n\t\t\t\t<div class=\"elementor-element elementor-element-de616fe elementor-widget elementor-widget-heading\" data-id=\"de616fe\" data-element_type=\"widget\" data-e-type=\"widget\" data-widget_type=\"heading.default\">\n\t\t\t\t<div class=\"elementor-widget-container\">\n\t\t\t\t\t<h3 class=\"elementor-heading-title elementor-size-default\">Miraflores Kennedy Headquarters<\/h3>\t\t\t\t<\/div>\n\t\t\t\t<\/div>\n\t\t\t\t<div class=\"elementor-element elementor-element-1c232a0 elementor-widget elementor-widget-gallery\" data-id=\"1c232a0\" data-element_type=\"widget\" data-e-type=\"widget\" data-settings=\"{&quot;columns&quot;:3,&quot;gap&quot;:{&quot;unit&quot;:&quot;px&quot;,&quot;size&quot;:0,&quot;sizes&quot;:[]},&quot;gallery_layout&quot;:&quot;masonry&quot;,&quot;lazyload&quot;:&quot;yes&quot;,&quot;columns_tablet&quot;:2,&quot;columns_mobile&quot;:1,&quot;gap_tablet&quot;:{&quot;unit&quot;:&quot;px&quot;,&quot;size&quot;:10,&quot;sizes&quot;:[]},&quot;gap_mobile&quot;:{&quot;unit&quot;:&quot;px&quot;,&quot;size&quot;:10,&quot;sizes&quot;:[]},&quot;link_to&quot;:&quot;file&quot;,&quot;overlay_background&quot;:&quot;yes&quot;,&quot;content_hover_animation&quot;:&quot;fade-in&quot;}\" data-widget_type=\"gallery.default\">\n\t\t\t\t<div class=\"elementor-widget-container\">\n\t\t\t\t\t\t\t<div class=\"elementor-gallery__container\">\n\t\t\t\t\t\t\t<a class=\"e-gallery-item elementor-gallery-item elementor-animated-content\" href=\"https:\/\/bodybalance.pe\/wp-content\/uploads\/2025\/01\/BodyBalance3.webp\" data-elementor-open-lightbox=\"yes\" data-elementor-lightbox-slideshow=\"1c232a0\" data-elementor-lightbox-title=\"BodyBalance3\" data-e-action-hash=\"#elementor-action%3Aaction%3Dlightbox%26settings%3DeyJpZCI6MTkwNzQsInVybCI6Imh0dHBzOlwvXC9ib2R5YmFsYW5jZS5wZVwvd3AtY29udGVudFwvdXBsb2Fkc1wvMjAyNVwvMDFcL0JvZHlCYWxhbmNlMy53ZWJwIiwic2xpZGVzaG93IjoiMWMyMzJhMCJ9\">\n\t\t\t\t\t<div class=\"e-gallery-image elementor-gallery-item__image\" data-thumbnail=\"https:\/\/bodybalance.pe\/wp-content\/uploads\/2025\/01\/BodyBalance3.webp\" data-width=\"445\" data-height=\"532\" aria-label=\"\" role=\"img\" ><\/div>\n\t\t\t\t\t\t\t\t\t\t\t<div class=\"elementor-gallery-item__overlay\"><\/div>\n\t\t\t\t\t\t\t\t\t\t\t\t\t\t<\/a>\n\t\t\t\t\t\t\t<a class=\"e-gallery-item elementor-gallery-item elementor-animated-content\" href=\"https:\/\/bodybalance.pe\/wp-content\/uploads\/2025\/01\/BodyBalance2.webp\" data-elementor-open-lightbox=\"yes\" data-elementor-lightbox-slideshow=\"1c232a0\" data-elementor-lightbox-title=\"BodyBalance2\" data-e-action-hash=\"#elementor-action%3Aaction%3Dlightbox%26settings%3DeyJpZCI6MTkwNzUsInVybCI6Imh0dHBzOlwvXC9ib2R5YmFsYW5jZS5wZVwvd3AtY29udGVudFwvdXBsb2Fkc1wvMjAyNVwvMDFcL0JvZHlCYWxhbmNlMi53ZWJwIiwic2xpZGVzaG93IjoiMWMyMzJhMCJ9\">\n\t\t\t\t\t<div class=\"e-gallery-image elementor-gallery-item__image\" data-thumbnail=\"https:\/\/bodybalance.pe\/wp-content\/uploads\/2025\/01\/BodyBalance2.webp\" data-width=\"445\" data-height=\"532\" aria-label=\"\" role=\"img\" ><\/div>\n\t\t\t\t\t\t\t\t\t\t\t<div class=\"elementor-gallery-item__overlay\"><\/div>\n\t\t\t\t\t\t\t\t\t\t\t\t\t\t<\/a>\n\t\t\t\t\t\t\t<a class=\"e-gallery-item elementor-gallery-item elementor-animated-content\" href=\"https:\/\/bodybalance.pe\/wp-content\/uploads\/2025\/01\/BodyBalance.webp\" data-elementor-open-lightbox=\"yes\" data-elementor-lightbox-slideshow=\"1c232a0\" data-elementor-lightbox-title=\"BodyBalance\" data-e-action-hash=\"#elementor-action%3Aaction%3Dlightbox%26settings%3DeyJpZCI6MTkwNzYsInVybCI6Imh0dHBzOlwvXC9ib2R5YmFsYW5jZS5wZVwvd3AtY29udGVudFwvdXBsb2Fkc1wvMjAyNVwvMDFcL0JvZHlCYWxhbmNlLndlYnAiLCJzbGlkZXNob3ciOiIxYzIzMmEwIn0%3D\">\n\t\t\t\t\t<div class=\"e-gallery-image elementor-gallery-item__image\" data-thumbnail=\"https:\/\/bodybalance.pe\/wp-content\/uploads\/2025\/01\/BodyBalance.webp\" data-width=\"445\" data-height=\"532\" aria-label=\"\" role=\"img\" ><\/div>\n\t\t\t\t\t\t\t\t\t\t\t<div class=\"elementor-gallery-item__overlay\"><\/div>\n\t\t\t\t\t\t\t\t\t\t\t\t\t\t<\/a>\n\t\t\t\t\t<\/div>\n\t\t\t\t\t<\/div>\n\t\t\t\t<\/div>\n\t\t\t\t<\/div>\n\t\t\t\t<\/div>","protected":false},"excerpt":{"rendered":"<p>Nuestros Ambientes Cada sesi\u00f3n es m\u00e1s que un masaje, es un viaje sensorial que revitaliza cuerpo y mente. Descubre la plenitud del bienestar en Body Balance, donde cada detalle ha sido cuidadosamente dise\u00f1ado para brindarte una experiencia \u00fanica, teniendo como resultado un equilibrio perfecto entre la relajaci\u00f3n y la restauraci\u00f3n de tu alma. BOOK NOW [&hellip;]<\/p>\n","protected":false},"author":1,"featured_media":0,"parent":0,"menu_order":0,"comment_status":"closed","ping_status":"closed","template":"","meta":{"_uf_show_specific_survey":0,"_uf_disable_surveys":false,"_joinchat":[],"footnotes":""},"class_list":["post-17910","page","type-page","status-publish","hentry"],"aioseo_notices":[],"_links":{"self":[{"href":"https:\/\/bodybalance.pe\/en\/wp-json\/wp\/v2\/pages\/17910","targetHints":{"allow":["GET"]}}],"collection":[{"href":"https:\/\/bodybalance.pe\/en\/wp-json\/wp\/v2\/pages"}],"about":[{"href":"https:\/\/bodybalance.pe\/en\/wp-json\/wp\/v2\/types\/page"}],"author":[{"embeddable":true,"href":"https:\/\/bodybalance.pe\/en\/wp-json\/wp\/v2\/users\/1"}],"replies":[{"embeddable":true,"href":"https:\/\/bodybalance.pe\/en\/wp-json\/wp\/v2\/comments?post=17910"}],"version-history":[{"count":211,"href":"https:\/\/bodybalance.pe\/en\/wp-json\/wp\/v2\/pages\/17910\/revisions"}],"predecessor-version":[{"id":19079,"href":"https:\/\/bodybalance.pe\/en\/wp-json\/wp\/v2\/pages\/17910\/revisions\/19079"}],"wp:attachment":[{"href":"https:\/\/bodybalance.pe\/en\/wp-json\/wp\/v2\/media?parent=17910"}],"curies":[{"name":"wp","href":"https:\/\/api.w.org\/{rel}","templated":true}]}}