{"id":17912,"date":"2023-11-28T00:52:02","date_gmt":"2023-11-28T00:52:02","guid":{"rendered":"https:\/\/bodybalance.pe\/?page_id=17912"},"modified":"2024-03-12T02:05:03","modified_gmt":"2024-03-12T02:05:03","slug":"experiencias","status":"publish","type":"page","link":"https:\/\/bodybalance.pe\/en\/experiencias\/","title":{"rendered":"Experiences"},"content":{"rendered":"<div data-elementor-type=\"wp-page\" data-elementor-id=\"17912\" class=\"elementor elementor-17912\" data-elementor-post-type=\"page\">\n\t\t\t\t\t\t<section class=\"elementor-section elementor-top-section elementor-element elementor-element-4bd36a09 qodef-elementor-content-grid elementor-section-boxed elementor-section-height-default elementor-section-height-default\" data-id=\"4bd36a09\" data-element_type=\"section\" data-e-type=\"section\" data-settings=\"{&quot;background_background&quot;:&quot;classic&quot;}\">\n\t\t\t\t\t\t<div class=\"elementor-container elementor-column-gap-default\">\n\t\t\t\t\t<div class=\"elementor-column elementor-col-100 elementor-top-column elementor-element elementor-element-354e8aaf\" data-id=\"354e8aaf\" data-element_type=\"column\" data-e-type=\"column\">\n\t\t\t<div class=\"elementor-widget-wrap elementor-element-populated\">\n\t\t\t\t\t\t<div class=\"elementor-element elementor-element-4a5367bd elementor-widget__width-initial elementor-widget elementor-widget-reina_core_section_title\" data-id=\"4a5367bd\" data-element_type=\"widget\" data-e-type=\"widget\" data-widget_type=\"reina_core_section_title.default\">\n\t\t\t\t<div class=\"elementor-widget-container\">\n\t\t\t\t\t<div class=\"qodef-shortcode qodef-m  qodef-section-title  qodef-alignment--center\">\n\t<div class=\"qodef-m-heading\">\n\t\t\t\t\t<h1 class=\"qodef-m-title\" >\n\t\t\t\t\tExperiences\t\t\t<\/h1>\n\t<\/div>\n\t\t<p class=\"qodef-m-text\" style=\"margin-top: 17px;color: #C2A108\">\nWe are a fresh and innovative concept with themed environments that invite you to disconnect your senses with a unique, relaxing and regenerative experience.<\/p>\n\t<\/div>\t\t\t\t<\/div>\n\t\t\t\t<\/div>\n\t\t\t\t\t<\/div>\n\t\t<\/div>\n\t\t\t\t\t<\/div>\n\t\t<\/section>\n\t\t\t\t<section class=\"elementor-section elementor-top-section elementor-element elementor-element-147c9c42 elementor-section-full_width qodef-elementor-content-grid xxx elementor-section-height-default elementor-section-height-default\" data-id=\"147c9c42\" data-element_type=\"section\" data-e-type=\"section\">\n\t\t\t\t\t\t<div class=\"elementor-container elementor-column-gap-default\">\n\t\t\t\t\t<div class=\"elementor-column elementor-col-25 elementor-top-column elementor-element elementor-element-7680a7c2\" data-id=\"7680a7c2\" data-element_type=\"column\" data-e-type=\"column\">\n\t\t\t<div class=\"elementor-widget-wrap elementor-element-populated\">\n\t\t\t\t\t\t<div class=\"elementor-element elementor-element-3809653 elementor-widget elementor-widget-reina_core_banner\" data-id=\"3809653\" data-element_type=\"widget\" data-e-type=\"widget\" data-widget_type=\"reina_core_banner.default\">\n\t\t\t\t<div class=\"elementor-widget-container\">\n\t\t\t\t\t<div class=\"qodef-shortcode qodef-m  qodef-banner qodef-layout--link-button qodef--draw-svg qodef--draw-svg-random-delay\">\n\t<div class=\"qodef-m-image\">\n\t<img fetchpriority=\"high\" decoding=\"async\" width=\"897\" height=\"1187\" src=\"https:\/\/bodybalance.pe\/wp-content\/uploads\/2024\/03\/Masajes3.jpg\" class=\"attachment-full size-full\" alt=\"\" srcset=\"https:\/\/bodybalance.pe\/wp-content\/uploads\/2024\/03\/Masajes3.jpg 897w, https:\/\/bodybalance.pe\/wp-content\/uploads\/2024\/03\/Masajes3-227x300.jpg 227w, https:\/\/bodybalance.pe\/wp-content\/uploads\/2024\/03\/Masajes3-774x1024.jpg 774w, https:\/\/bodybalance.pe\/wp-content\/uploads\/2024\/03\/Masajes3-768x1016.jpg 768w, https:\/\/bodybalance.pe\/wp-content\/uploads\/2024\/03\/Masajes3-600x794.jpg 600w\" sizes=\"(max-width: 897px) 100vw, 897px\" \/><\/div>\t\t<a itemprop=\"url\" href=\"https:\/\/bodybalance.pe\/en\/masajes\/\" class=\"qodef-m-banner-link\" target=\"_self\"><\/a>\n\t<div class=\"qodef-m-content\">\n\t\t<div class=\"qodef-m-content-inner\" >\n\t\t\t\t<h5 class=\"qodef-m-title\" >MASSAGES<\/h5>\n\t\t\t\t\t\t\t<div class=\"qodef-m-button\">\n\t\t<a class=\"qodef-shortcode qodef-m  qodef-button qodef-layout--textual  qodef-html--link\" href=\"https:\/\/bodybalance.pe\/en\/masajes\/\" target=\"_self\"  style=\"color: #405861\">\t<span class=\"qodef-m-text\">See more\t\t<span class=\"qodef-m-strip\" ><\/span>\t<\/span><\/a>\t<\/div>\n\t\t<\/div>\n\t<\/div>\n<\/div>\t\t\t\t<\/div>\n\t\t\t\t<\/div>\n\t\t\t\t\t<\/div>\n\t\t<\/div>\n\t\t\t\t<div class=\"elementor-column elementor-col-25 elementor-top-column elementor-element elementor-element-2939eaeb\" data-id=\"2939eaeb\" data-element_type=\"column\" data-e-type=\"column\">\n\t\t\t<div class=\"elementor-widget-wrap elementor-element-populated\">\n\t\t\t\t\t\t<div class=\"elementor-element elementor-element-40b32291 elementor-widget elementor-widget-reina_core_banner\" data-id=\"40b32291\" data-element_type=\"widget\" data-e-type=\"widget\" data-widget_type=\"reina_core_banner.default\">\n\t\t\t\t<div class=\"elementor-widget-container\">\n\t\t\t\t\t<div class=\"qodef-shortcode qodef-m  qodef-banner qodef-layout--link-button qodef--draw-svg qodef--draw-svg-random-delay\">\n\t<div class=\"qodef-m-image\">\n\t<img decoding=\"async\" width=\"897\" height=\"1187\" src=\"https:\/\/bodybalance.pe\/wp-content\/uploads\/2024\/03\/Parejas.jpg\" class=\"attachment-full size-full\" alt=\"\" srcset=\"https:\/\/bodybalance.pe\/wp-content\/uploads\/2024\/03\/Parejas.jpg 897w, https:\/\/bodybalance.pe\/wp-content\/uploads\/2024\/03\/Parejas-227x300.jpg 227w, https:\/\/bodybalance.pe\/wp-content\/uploads\/2024\/03\/Parejas-774x1024.jpg 774w, https:\/\/bodybalance.pe\/wp-content\/uploads\/2024\/03\/Parejas-768x1016.jpg 768w, https:\/\/bodybalance.pe\/wp-content\/uploads\/2024\/03\/Parejas-600x794.jpg 600w\" sizes=\"(max-width: 897px) 100vw, 897px\" \/><\/div>\t\t<a itemprop=\"url\" href=\"https:\/\/bodybalance.pe\/en\/parejas\/\" class=\"qodef-m-banner-link\" target=\"_self\"><\/a>\n\t<div class=\"qodef-m-content\">\n\t\t<div class=\"qodef-m-content-inner\" >\n\t\t\t\t<h5 class=\"qodef-m-title\" >COUPLES<\/h5>\n\t\t\t\t\t\t\t<div class=\"qodef-m-button\">\n\t\t<a class=\"qodef-shortcode qodef-m  qodef-button qodef-layout--textual  qodef-html--link\" href=\"https:\/\/bodybalance.pe\/en\/parejas\/\" target=\"_self\"  style=\"color: #405861\">\t<span class=\"qodef-m-text\">See more\t\t<span class=\"qodef-m-strip\" ><\/span>\t<\/span><\/a>\t<\/div>\n\t\t<\/div>\n\t<\/div>\n<\/div>\t\t\t\t<\/div>\n\t\t\t\t<\/div>\n\t\t\t\t\t<\/div>\n\t\t<\/div>\n\t\t\t\t<div class=\"elementor-column elementor-col-25 elementor-top-column elementor-element elementor-element-72551d9b\" data-id=\"72551d9b\" data-element_type=\"column\" data-e-type=\"column\">\n\t\t\t<div class=\"elementor-widget-wrap elementor-element-populated\">\n\t\t\t\t\t\t<div class=\"elementor-element elementor-element-2bd4d93a elementor-widget elementor-widget-reina_core_banner\" data-id=\"2bd4d93a\" data-element_type=\"widget\" data-e-type=\"widget\" data-widget_type=\"reina_core_banner.default\">\n\t\t\t\t<div class=\"elementor-widget-container\">\n\t\t\t\t\t<div class=\"qodef-shortcode qodef-m  qodef-banner qodef-layout--link-button qodef--draw-svg qodef--draw-svg-random-delay\">\n\t<div class=\"qodef-m-image\">\n\t<img decoding=\"async\" width=\"897\" height=\"1187\" src=\"https:\/\/bodybalance.pe\/wp-content\/uploads\/2024\/03\/Prenatales.jpg\" class=\"attachment-full size-full\" alt=\"\" srcset=\"https:\/\/bodybalance.pe\/wp-content\/uploads\/2024\/03\/Prenatales.jpg 897w, https:\/\/bodybalance.pe\/wp-content\/uploads\/2024\/03\/Prenatales-227x300.jpg 227w, https:\/\/bodybalance.pe\/wp-content\/uploads\/2024\/03\/Prenatales-774x1024.jpg 774w, https:\/\/bodybalance.pe\/wp-content\/uploads\/2024\/03\/Prenatales-768x1016.jpg 768w, https:\/\/bodybalance.pe\/wp-content\/uploads\/2024\/03\/Prenatales-600x794.jpg 600w\" sizes=\"(max-width: 897px) 100vw, 897px\" \/><\/div>\t\t<a itemprop=\"url\" href=\"https:\/\/bodybalance.pe\/en\/pre-natales\/\" class=\"qodef-m-banner-link\" target=\"_self\"><\/a>\n\t<div class=\"qodef-m-content\">\n\t\t<div class=\"qodef-m-content-inner\" >\n\t\t\t\t<h5 class=\"qodef-m-title\" >PRENATAL<\/h5>\n\t\t\t\t\t\t\t<div class=\"qodef-m-button\">\n\t\t<a class=\"qodef-shortcode qodef-m  qodef-button qodef-layout--textual  qodef-html--link\" href=\"https:\/\/bodybalance.pe\/en\/pre-natales\/\" target=\"_self\"  style=\"color: #405861\">\t<span class=\"qodef-m-text\">See more\t\t<span class=\"qodef-m-strip\" ><\/span>\t<\/span><\/a>\t<\/div>\n\t\t<\/div>\n\t<\/div>\n<\/div>\t\t\t\t<\/div>\n\t\t\t\t<\/div>\n\t\t\t\t\t<\/div>\n\t\t<\/div>\n\t\t\t\t<div class=\"elementor-column elementor-col-25 elementor-top-column elementor-element elementor-element-b9ca88c\" data-id=\"b9ca88c\" data-element_type=\"column\" data-e-type=\"column\">\n\t\t\t<div class=\"elementor-widget-wrap elementor-element-populated\">\n\t\t\t\t\t\t<div class=\"elementor-element elementor-element-2fd4d77b elementor-widget elementor-widget-reina_core_banner\" data-id=\"2fd4d77b\" data-element_type=\"widget\" data-e-type=\"widget\" data-widget_type=\"reina_core_banner.default\">\n\t\t\t\t<div class=\"elementor-widget-container\">\n\t\t\t\t\t<div class=\"qodef-shortcode qodef-m  qodef-banner qodef-layout--link-button qodef--draw-svg qodef--draw-svg-random-delay\">\n\t<div class=\"qodef-m-image\">\n\t<img loading=\"lazy\" decoding=\"async\" width=\"897\" height=\"1187\" src=\"https:\/\/bodybalance.pe\/wp-content\/uploads\/2024\/03\/Faciales.jpg\" class=\"attachment-full size-full\" alt=\"\" srcset=\"https:\/\/bodybalance.pe\/wp-content\/uploads\/2024\/03\/Faciales.jpg 897w, https:\/\/bodybalance.pe\/wp-content\/uploads\/2024\/03\/Faciales-227x300.jpg 227w, https:\/\/bodybalance.pe\/wp-content\/uploads\/2024\/03\/Faciales-774x1024.jpg 774w, https:\/\/bodybalance.pe\/wp-content\/uploads\/2024\/03\/Faciales-768x1016.jpg 768w, https:\/\/bodybalance.pe\/wp-content\/uploads\/2024\/03\/Faciales-600x794.jpg 600w\" sizes=\"(max-width: 897px) 100vw, 897px\" \/><\/div>\t\t<a itemprop=\"url\" href=\"https:\/\/bodybalance.pe\/en\/faciales\/\" class=\"qodef-m-banner-link\" target=\"_self\"><\/a>\n\t<div class=\"qodef-m-content\">\n\t\t<div class=\"qodef-m-content-inner\" >\n\t\t\t\t<h5 class=\"qodef-m-title\" >FACIALS<\/h5>\n\t\t\t\t\t\t\t<div class=\"qodef-m-button\">\n\t\t<a class=\"qodef-shortcode qodef-m  qodef-button qodef-layout--textual  qodef-html--link\" href=\"https:\/\/bodybalance.pe\/en\/faciales\/\" target=\"_self\"  style=\"color: #405861\">\t<span class=\"qodef-m-text\">See more\t\t<span class=\"qodef-m-strip\" ><\/span>\t<\/span><\/a>\t<\/div>\n\t\t<\/div>\n\t<\/div>\n<\/div>\t\t\t\t<\/div>\n\t\t\t\t<\/div>\n\t\t\t\t\t<\/div>\n\t\t<\/div>\n\t\t\t\t\t<\/div>\n\t\t<\/section>\n\t\t\t\t<\/div>","protected":false},"excerpt":{"rendered":"<p>Experiencias Somos un concepto fresco e innovador con ambientes tem\u00e1ticos que te invitan a desconectar tus sentidos con una experiencia \u00fanica, relajante\u00a0y\u00a0regenerativa MASAJES Ver m\u00e1s PAREJAS Ver m\u00e1s PRE NATALES Ver m\u00e1s FACIALES Ver m\u00e1s<\/p>","protected":false},"author":1,"featured_media":0,"parent":0,"menu_order":0,"comment_status":"closed","ping_status":"closed","template":"","meta":{"_uf_show_specific_survey":0,"_uf_disable_surveys":false,"_joinchat":[],"footnotes":""},"class_list":["post-17912","page","type-page","status-publish","hentry"],"aioseo_notices":[],"_links":{"self":[{"href":"https:\/\/bodybalance.pe\/en\/wp-json\/wp\/v2\/pages\/17912","targetHints":{"allow":["GET"]}}],"collection":[{"href":"https:\/\/bodybalance.pe\/en\/wp-json\/wp\/v2\/pages"}],"about":[{"href":"https:\/\/bodybalance.pe\/en\/wp-json\/wp\/v2\/types\/page"}],"author":[{"embeddable":true,"href":"https:\/\/bodybalance.pe\/en\/wp-json\/wp\/v2\/users\/1"}],"replies":[{"embeddable":true,"href":"https:\/\/bodybalance.pe\/en\/wp-json\/wp\/v2\/comments?post=17912"}],"version-history":[{"count":28,"href":"https:\/\/bodybalance.pe\/en\/wp-json\/wp\/v2\/pages\/17912\/revisions"}],"predecessor-version":[{"id":19040,"href":"https:\/\/bodybalance.pe\/en\/wp-json\/wp\/v2\/pages\/17912\/revisions\/19040"}],"wp:attachment":[{"href":"https:\/\/bodybalance.pe\/en\/wp-json\/wp\/v2\/media?parent=17912"}],"curies":[{"name":"wp","href":"https:\/\/api.w.org\/{rel}","templated":true}]}}