{"id":17916,"date":"2023-11-28T00:53:27","date_gmt":"2023-11-28T00:53:27","guid":{"rendered":"https:\/\/bodybalance.pe\/?page_id=17916"},"modified":"2024-03-12T00:30:27","modified_gmt":"2024-03-12T00:30:27","slug":"corporativo","status":"publish","type":"page","link":"https:\/\/bodybalance.pe\/en\/corporativo\/","title":{"rendered":"Corporate"},"content":{"rendered":"\t\t<div data-elementor-type=\"wp-page\" data-elementor-id=\"17916\" class=\"elementor elementor-17916\" data-elementor-post-type=\"page\">\n\t\t\t\t\t\t<section class=\"elementor-section elementor-top-section elementor-element elementor-element-36cf2530 qodef-elementor-content-grid elementor-section-boxed elementor-section-height-default elementor-section-height-default\" data-id=\"36cf2530\" data-element_type=\"section\" data-e-type=\"section\">\n\t\t\t\t\t\t<div class=\"elementor-container elementor-column-gap-default\">\n\t\t\t\t\t<div class=\"elementor-column elementor-col-100 elementor-top-column elementor-element elementor-element-33a9e910\" data-id=\"33a9e910\" data-element_type=\"column\" data-e-type=\"column\">\n\t\t\t<div class=\"elementor-widget-wrap elementor-element-populated\">\n\t\t\t\t\t\t<div class=\"elementor-element elementor-element-1ae3bf0d elementor-widget elementor-widget-reina_core_section_title\" data-id=\"1ae3bf0d\" data-element_type=\"widget\" data-e-type=\"widget\" data-widget_type=\"reina_core_section_title.default\">\n\t\t\t\t<div class=\"elementor-widget-container\">\n\t\t\t\t\t<div class=\"qodef-shortcode qodef-m  qodef-section-title  \">\n\t<div class=\"qodef-m-heading\">\n\t\t\t\t\t<h1 class=\"qodef-m-title\" >\n\t\t\t\t\tBienestar Corporativo\t\t\t<\/h1>\n\t<\/div>\n\t\t<p class=\"qodef-m-text\" style=\"margin-top: 17px\">Mejorar el bienestar de tus Colaboradores fomentando el autocuidado a trav\u00e9s de un masaje como beneficio corporativo. \nSabias que 15 minutos de masajes son suficientes para aumentar en un 20% la productividad de tus colaboradores.<\/p>\n\t<\/div>\t\t\t\t<\/div>\n\t\t\t\t<\/div>\n\t\t\t\t\t<\/div>\n\t\t<\/div>\n\t\t\t\t\t<\/div>\n\t\t<\/section>\n\t\t\t\t<section class=\"elementor-section elementor-top-section elementor-element elementor-element-5d2cc2b6 qodef-elementor-content-grid qodef-extended-grid qodef-extended-grid--left qodef-extended-grid-reset--1024 qodef-custom-side-padding  elementor-section-boxed elementor-section-height-default elementor-section-height-default\" data-id=\"5d2cc2b6\" data-element_type=\"section\" data-e-type=\"section\">\n\t\t\t\t\t\t<div class=\"elementor-container elementor-column-gap-default\">\n\t\t\t\t\t<div class=\"elementor-column elementor-col-100 elementor-top-column elementor-element elementor-element-777a0bdf\" data-id=\"777a0bdf\" data-element_type=\"column\" data-e-type=\"column\">\n\t\t\t<div class=\"elementor-widget-wrap elementor-element-populated\">\n\t\t\t\t\t\t<div class=\"elementor-element elementor-element-76533a2a elementor-widget elementor-widget-reina_core_image_section_info\" data-id=\"76533a2a\" data-element_type=\"widget\" data-e-type=\"widget\" data-widget_type=\"reina_core_image_section_info.default\">\n\t\t\t\t<div class=\"elementor-widget-container\">\n\t\t\t\t\t<div class=\"qodef-shortcode qodef-m  qodef-image-section-info qodef-layout--standard  qodef--has-appear \">\n\t<div class=\"qodef-m-inner clear\">\n\t\t\n<div class=\"qodef-m-image\" >\n\t<img fetchpriority=\"high\" decoding=\"async\" width=\"683\" height=\"554\" src=\"https:\/\/bodybalance.pe\/wp-content\/uploads\/2023\/12\/Corporativo.jpg\" class=\"attachment-full size-full\" alt=\"\" srcset=\"https:\/\/bodybalance.pe\/wp-content\/uploads\/2023\/12\/Corporativo.jpg 683w, https:\/\/bodybalance.pe\/wp-content\/uploads\/2023\/12\/Corporativo-300x243.jpg 300w, https:\/\/bodybalance.pe\/wp-content\/uploads\/2023\/12\/Corporativo-600x487.jpg 600w\" sizes=\"(max-width: 683px) 100vw, 683px\" \/><\/div>\n\t\t<div class=\"qodef-m-content\">\n\t\t\t\t\t\t<div class=\"qodef-m-heading\">\n\t\t\t\t\t<span class=\"qodef-m-subtitle qodef-h7\" style=\"color: #B0B8BB\">MEJORAMOS<\/span>\n\t\t\t\t\t<h2 class=\"qodef-m-title\" style=\"color: #415962\">TU BIENESTAR<\/h2>\n\t\t\t<\/div>\n\t\t\t\t<div class=\"qodef-m-text\" style=\"margin-top: 13px;color: #818181\">Personalice su paquete de bienestar para empleados\nLos servicios y precios se personalizan para cada empresa.\nP\u00f3ngase en contacto con nosotros y nuestro equipo le ayudar\u00e1 a dise\u00f1ar el servicio de bienestar corporativo para su equipo.<\/div>\n\n\n\t\t\t\t<div class=\"qodef-m-button\">\n\t\t<a class=\"qodef-shortcode qodef-m  qodef-button qodef-layout--filled qodef-size--large qodef-html--link\" href=\"https:\/\/reina.qodeinteractive.com\/our-services\/\" target=\"_self\" data-hover-color=\"#FFFFFF\" style=\"color: #FFFFFF;background-color: #B0D8E8\">\t<span class=\"qodef-m-text\">book now<\/span>\t<span class=\"qodef-m-background\" style=\"color: #405861\"><\/span><\/a>\t<\/div>\n\t\t<\/div>\n\t<\/div>\n<\/div>\n\t\t\t\t<\/div>\n\t\t\t\t<\/div>\n\t\t\t\t<div class=\"elementor-element elementor-element-6a947463 botper elementor-align-right elementor-widget elementor-widget-button\" data-id=\"6a947463\" data-element_type=\"widget\" data-e-type=\"widget\" data-widget_type=\"button.default\">\n\t\t\t\t<div class=\"elementor-widget-container\">\n\t\t\t\t\t\t\t\t\t<div class=\"elementor-button-wrapper\">\n\t\t\t\t\t<a class=\"elementor-button elementor-button-link elementor-size-sm\" href=\"https:\/\/wa.link\/n7hiju\">\n\t\t\t\t\t\t<span class=\"elementor-button-content-wrapper\">\n\t\t\t\t\t\t\t\t\t<span class=\"elementor-button-text\">Cont\u00e1ctanos<\/span>\n\t\t\t\t\t<\/span>\n\t\t\t\t\t<\/a>\n\t\t\t\t<\/div>\n\t\t\t\t\t\t\t\t<\/div>\n\t\t\t\t<\/div>\n\t\t\t\t\t<\/div>\n\t\t<\/div>\n\t\t\t\t\t<\/div>\n\t\t<\/section>\n\t\t\t\t<section class=\"elementor-section elementor-top-section elementor-element elementor-element-37f6e3a9 qodef-elementor-content-grid qodef-extended-grid qodef-extended-grid--right qodef-custom-side-padding elementor-section-boxed elementor-section-height-default elementor-section-height-default\" data-id=\"37f6e3a9\" data-element_type=\"section\" data-e-type=\"section\" data-settings=\"{&quot;background_background&quot;:&quot;classic&quot;}\">\n\t\t\t\t\t\t<div class=\"elementor-container elementor-column-gap-default\">\n\t\t\t\t\t<div class=\"elementor-column elementor-col-100 elementor-top-column elementor-element elementor-element-74cd6380\" data-id=\"74cd6380\" data-element_type=\"column\" data-e-type=\"column\" data-settings=\"{&quot;background_background&quot;:&quot;classic&quot;}\">\n\t\t\t<div class=\"elementor-widget-wrap elementor-element-populated\">\n\t\t\t\t\t\t<div class=\"elementor-element elementor-element-4589e3f7 elementor-widget__width-initial elementor-widget elementor-widget-reina_core_image_section_info\" data-id=\"4589e3f7\" data-element_type=\"widget\" data-e-type=\"widget\" id=\"personalizado2\" data-widget_type=\"reina_core_image_section_info.default\">\n\t\t\t\t<div class=\"elementor-widget-container\">\n\t\t\t\t\t<div class=\"qodef-shortcode qodef-m  qodef-image-section-info qodef-layout--standard qodef--left qodef--has-appear \">\n\t<div class=\"qodef-m-inner clear\">\n\t\t\n<div class=\"qodef-m-image\" style=\"color: #F7EFE8\">\n\t<img decoding=\"async\" width=\"912\" height=\"988\" src=\"https:\/\/bodybalance.pe\/wp-content\/uploads\/2024\/03\/Corporativo.jpg\" class=\"attachment-full size-full\" alt=\"\" srcset=\"https:\/\/bodybalance.pe\/wp-content\/uploads\/2024\/03\/Corporativo.jpg 912w, https:\/\/bodybalance.pe\/wp-content\/uploads\/2024\/03\/Corporativo-277x300.jpg 277w, https:\/\/bodybalance.pe\/wp-content\/uploads\/2024\/03\/Corporativo-768x832.jpg 768w, https:\/\/bodybalance.pe\/wp-content\/uploads\/2024\/03\/Corporativo-600x650.jpg 600w\" sizes=\"(max-width: 912px) 100vw, 912px\" \/><\/div>\n\t\t<div class=\"qodef-m-content\">\n\t\t\t\t<div class=\"qodef-m-title-image \">\n\t\t<img decoding=\"async\" width=\"94\" height=\"70\" src=\"https:\/\/bodybalance.pe\/wp-content\/uploads\/2020\/09\/flower.png\" class=\"attachment-full size-full\" alt=\"m\" \/>\t<\/div>\n\t\t\t<div class=\"qodef-m-heading\">\n\t\t\t\t\t<span class=\"qodef-m-subtitle qodef-h7\" style=\"color: #F5F5F5\">Experiencias<\/span>\n\t\t\t\t\t<h2 class=\"qodef-m-title\" style=\"color: #405861\">Corporativas<\/h2>\n\t\t\t<\/div>\n\t\t\t\t<div class=\"qodef-m-text\" style=\"color: #879296\">Br\u00edndale a tus clientes una experiencia \u00fanica, nuestras sesiones corporativas pueden adaptarse pr\u00e1cticamente a cualquier espacio brindando bienestar en cualquier lugar.\n<\/div>\n\n\n\t\t\t\t\t<\/div>\n\t<\/div>\n<\/div>\n\t\t\t\t<\/div>\n\t\t\t\t<\/div>\n\t\t\t\t<div class=\"elementor-element elementor-element-3f7a0ab3 botper elementor-widget elementor-widget-button\" data-id=\"3f7a0ab3\" data-element_type=\"widget\" data-e-type=\"widget\" data-widget_type=\"button.default\">\n\t\t\t\t<div class=\"elementor-widget-container\">\n\t\t\t\t\t\t\t\t\t<div class=\"elementor-button-wrapper\">\n\t\t\t\t\t<a class=\"elementor-button elementor-button-link elementor-size-sm\" href=\"https:\/\/wa.link\/1fx6v8\">\n\t\t\t\t\t\t<span class=\"elementor-button-content-wrapper\">\n\t\t\t\t\t\t\t\t\t<span class=\"elementor-button-text\">Cont\u00e1ctanos<\/span>\n\t\t\t\t\t<\/span>\n\t\t\t\t\t<\/a>\n\t\t\t\t<\/div>\n\t\t\t\t\t\t\t\t<\/div>\n\t\t\t\t<\/div>\n\t\t\t\t\t<\/div>\n\t\t<\/div>\n\t\t\t\t\t<\/div>\n\t\t<\/section>\n\t\t<div class=\"elementor-element elementor-element-031eee0 e-flex e-con-boxed e-con e-parent\" data-id=\"031eee0\" data-element_type=\"container\" data-e-type=\"container\">\n\t\t\t\t\t<div class=\"e-con-inner\">\n\t\t<div class=\"elementor-element elementor-element-fffcf35 e-con-full e-flex e-con e-child\" data-id=\"fffcf35\" data-element_type=\"container\" data-e-type=\"container\">\n\t\t\t\t<div class=\"elementor-element elementor-element-1d24551 elementor-button-align-stretch elementor-widget elementor-widget-form\" data-id=\"1d24551\" data-element_type=\"widget\" data-e-type=\"widget\" data-settings=\"{&quot;step_next_label&quot;:&quot;Siguiente&quot;,&quot;step_previous_label&quot;:&quot;Anterior&quot;,&quot;button_width&quot;:&quot;100&quot;,&quot;step_type&quot;:&quot;number_text&quot;,&quot;step_icon_shape&quot;:&quot;circle&quot;}\" data-widget_type=\"form.default\">\n\t\t\t\t<div class=\"elementor-widget-container\">\n\t\t\t\t\t\t\t<form class=\"elementor-form\" method=\"post\" name=\"Nuevo formulario\" aria-label=\"Nuevo formulario\">\n\t\t\t<input type=\"hidden\" name=\"post_id\" value=\"17916\"\/>\n\t\t\t<input type=\"hidden\" name=\"form_id\" value=\"1d24551\"\/>\n\t\t\t<input type=\"hidden\" name=\"referer_title\" value=\"Corporativo\" \/>\n\n\t\t\t\t\t\t\t<input type=\"hidden\" name=\"queried_id\" value=\"17916\"\/>\n\t\t\t\n\t\t\t<div class=\"elementor-form-fields-wrapper elementor-labels-above\">\n\t\t\t\t\t\t\t\t<div class=\"elementor-field-type-text elementor-field-group elementor-column elementor-field-group-name elementor-col-50\">\n\t\t\t\t\t\t\t\t\t\t\t\t<label for=\"form-field-name\" class=\"elementor-field-label\">\n\t\t\t\t\t\t\t\tNombres\t\t\t\t\t\t\t<\/label>\n\t\t\t\t\t\t\t\t\t\t\t\t\t\t<input size=\"1\" type=\"text\" name=\"form_fields[name]\" id=\"form-field-name\" class=\"elementor-field elementor-size-sm  elementor-field-textual\" placeholder=\"Nombre y apellido\">\n\t\t\t\t\t\t\t\t\t\t\t<\/div>\n\t\t\t\t\t\t\t\t<div class=\"elementor-field-type-email elementor-field-group elementor-column elementor-field-group-email elementor-col-50 elementor-field-required\">\n\t\t\t\t\t\t\t\t\t\t\t\t<label for=\"form-field-email\" class=\"elementor-field-label\">\n\t\t\t\t\t\t\t\tCorreo electr\u00f3nico\t\t\t\t\t\t\t<\/label>\n\t\t\t\t\t\t\t\t\t\t\t\t\t\t<input size=\"1\" type=\"email\" name=\"form_fields[email]\" id=\"form-field-email\" class=\"elementor-field elementor-size-sm  elementor-field-textual\" placeholder=\"Correo electr\u00f3nico\" required=\"required\">\n\t\t\t\t\t\t\t\t\t\t\t<\/div>\n\t\t\t\t\t\t\t\t<div class=\"elementor-field-type-text elementor-field-group elementor-column elementor-field-group-field_221ce8e elementor-col-50\">\n\t\t\t\t\t\t\t\t\t\t\t\t<label for=\"form-field-field_221ce8e\" class=\"elementor-field-label\">\n\t\t\t\t\t\t\t\tTel\u00e9fono\t\t\t\t\t\t\t<\/label>\n\t\t\t\t\t\t\t\t\t\t\t\t\t\t<input size=\"1\" type=\"text\" name=\"form_fields[field_221ce8e]\" id=\"form-field-field_221ce8e\" class=\"elementor-field elementor-size-sm  elementor-field-textual\" placeholder=\"Tel\u00e9fono\">\n\t\t\t\t\t\t\t\t\t\t\t<\/div>\n\t\t\t\t\t\t\t\t<div class=\"elementor-field-type-text elementor-field-group elementor-column elementor-field-group-field_36ca987 elementor-col-50\">\n\t\t\t\t\t\t\t\t\t\t\t\t<label for=\"form-field-field_36ca987\" class=\"elementor-field-label\">\n\t\t\t\t\t\t\t\tNombre de Empresa\t\t\t\t\t\t\t<\/label>\n\t\t\t\t\t\t\t\t\t\t\t\t\t\t<input size=\"1\" type=\"text\" name=\"form_fields[field_36ca987]\" id=\"form-field-field_36ca987\" class=\"elementor-field elementor-size-sm  elementor-field-textual\" placeholder=\"Nombre de Empresa\">\n\t\t\t\t\t\t\t\t\t\t\t<\/div>\n\t\t\t\t\t\t\t\t<div class=\"elementor-field-type-text elementor-field-group elementor-column elementor-field-group-field_84ed572 elementor-col-50\">\n\t\t\t\t\t\t\t\t\t\t\t\t<label for=\"form-field-field_84ed572\" class=\"elementor-field-label\">\n\t\t\t\t\t\t\t\tRuc\t\t\t\t\t\t\t<\/label>\n\t\t\t\t\t\t\t\t\t\t\t\t\t\t<input size=\"1\" type=\"text\" name=\"form_fields[field_84ed572]\" id=\"form-field-field_84ed572\" class=\"elementor-field elementor-size-sm  elementor-field-textual\" placeholder=\"Ruc\">\n\t\t\t\t\t\t\t\t\t\t\t<\/div>\n\t\t\t\t\t\t\t\t<div class=\"elementor-field-type-text elementor-field-group elementor-column elementor-field-group-field_4a7d0df elementor-col-50\">\n\t\t\t\t\t\t\t\t\t\t\t\t<label for=\"form-field-field_4a7d0df\" class=\"elementor-field-label\">\n\t\t\t\t\t\t\t\tColaboradores\t\t\t\t\t\t\t<\/label>\n\t\t\t\t\t\t\t\t\t\t\t\t\t\t<input size=\"1\" type=\"text\" name=\"form_fields[field_4a7d0df]\" id=\"form-field-field_4a7d0df\" class=\"elementor-field elementor-size-sm  elementor-field-textual\" placeholder=\"N\u00aa aprox de colaboradores\">\n\t\t\t\t\t\t\t\t\t\t\t<\/div>\n\t\t\t\t\t\t\t\t<div class=\"elementor-field-type-textarea elementor-field-group elementor-column elementor-field-group-message elementor-col-100\">\n\t\t\t\t\t\t\t\t\t\t\t\t<label for=\"form-field-message\" class=\"elementor-field-label\">\n\t\t\t\t\t\t\t\tNotas adicionaels\t\t\t\t\t\t\t<\/label>\n\t\t\t\t\t\t<textarea class=\"elementor-field-textual elementor-field  elementor-size-sm\" name=\"form_fields[message]\" id=\"form-field-message\" rows=\"4\" placeholder=\"Notas adicionales o solicitudes especiales\"><\/textarea>\t\t\t\t<\/div>\n\t\t\t\t\t\t\t\t<div class=\"elementor-field-group elementor-column elementor-field-type-submit elementor-col-100 e-form__buttons\">\n\t\t\t\t\t<button class=\"elementor-button elementor-size-sm\" type=\"submit\">\n\t\t\t\t\t\t<span class=\"elementor-button-content-wrapper\">\n\t\t\t\t\t\t\t\t\t\t\t\t\t\t\t\t\t\t\t\t\t\t<span class=\"elementor-button-text\">Enviar<\/span>\n\t\t\t\t\t\t\t\t\t\t\t\t\t<\/span>\n\t\t\t\t\t<\/button>\n\t\t\t\t<\/div>\n\t\t\t<\/div>\n\t\t<\/form>\n\t\t\t\t\t\t<\/div>\n\t\t\t\t<\/div>\n\t\t\t\t<\/div>\n\t\t\t\t\t<\/div>\n\t\t\t\t<\/div>\n\t\t\t\t<\/div>\n\t\t","protected":false},"excerpt":{"rendered":"<p>Bienestar Corporativo Mejorar el bienestar de tus Colaboradores fomentando el autocuidado a trav\u00e9s de un masaje como beneficio corporativo. Sabias que 15 minutos de masajes son suficientes para aumentar en un 20% la productividad de tus colaboradores. MEJORAMOS TU BIENESTAR Personalice su paquete de bienestar para empleados Los servicios y precios se personalizan para cada [&hellip;]<\/p>\n","protected":false},"author":1,"featured_media":0,"parent":0,"menu_order":0,"comment_status":"closed","ping_status":"closed","template":"","meta":{"_uf_show_specific_survey":0,"_uf_disable_surveys":false,"_joinchat":[],"footnotes":""},"class_list":["post-17916","page","type-page","status-publish","hentry"],"aioseo_notices":[],"_links":{"self":[{"href":"https:\/\/bodybalance.pe\/en\/wp-json\/wp\/v2\/pages\/17916","targetHints":{"allow":["GET"]}}],"collection":[{"href":"https:\/\/bodybalance.pe\/en\/wp-json\/wp\/v2\/pages"}],"about":[{"href":"https:\/\/bodybalance.pe\/en\/wp-json\/wp\/v2\/types\/page"}],"author":[{"embeddable":true,"href":"https:\/\/bodybalance.pe\/en\/wp-json\/wp\/v2\/users\/1"}],"replies":[{"embeddable":true,"href":"https:\/\/bodybalance.pe\/en\/wp-json\/wp\/v2\/comments?post=17916"}],"version-history":[{"count":61,"href":"https:\/\/bodybalance.pe\/en\/wp-json\/wp\/v2\/pages\/17916\/revisions"}],"predecessor-version":[{"id":19031,"href":"https:\/\/bodybalance.pe\/en\/wp-json\/wp\/v2\/pages\/17916\/revisions\/19031"}],"wp:attachment":[{"href":"https:\/\/bodybalance.pe\/en\/wp-json\/wp\/v2\/media?parent=17916"}],"curies":[{"name":"wp","href":"https:\/\/api.w.org\/{rel}","templated":true}]}}